{"id":1457,"date":"2022-12-19T01:04:43","date_gmt":"2022-12-19T06:04:43","guid":{"rendered":"https:\/\/datosysoluciones.com\/corpupaipa\/?page_id=1457"},"modified":"2022-12-19T01:53:19","modified_gmt":"2022-12-19T06:53:19","slug":"eventos-festividades","status":"publish","type":"page","link":"https:\/\/datosysoluciones.com\/corpupaipa\/eventos-festividades\/","title":{"rendered":"Eventos \/ Festividades"},"content":{"rendered":"\t\t<div data-elementor-type=\"wp-page\" data-elementor-id=\"1457\" class=\"elementor elementor-1457\">\n\t\t\t\t\t\t\t\t\t<section class=\"elementor-section elementor-top-section elementor-element elementor-element-fed1ccb elementor-section-full_width elementor-section-height-default elementor-section-height-default\" data-id=\"fed1ccb\" data-element_type=\"section\" data-settings=\"{&quot;jet_parallax_layout_list&quot;:[],&quot;background_background&quot;:&quot;classic&quot;}\">\n\t\t\t\t\t\t<div class=\"elementor-container elementor-column-gap-default\">\n\t\t\t\t\t<div class=\"elementor-column elementor-col-50 elementor-top-column elementor-element elementor-element-b0a32ae\" data-id=\"b0a32ae\" data-element_type=\"column\" data-settings=\"{&quot;background_background&quot;:&quot;classic&quot;}\">\n\t\t\t<div class=\"elementor-widget-wrap elementor-element-populated\">\n\t\t\t\t\t\t\t\t\t<\/div>\n\t\t<\/div>\n\t\t\t\t<div class=\"elementor-column elementor-col-50 elementor-top-column elementor-element elementor-element-52ddf03\" data-id=\"52ddf03\" data-element_type=\"column\">\n\t\t\t<div class=\"elementor-widget-wrap\">\n\t\t\t\t\t\t\t\t\t<\/div>\n\t\t<\/div>\n\t\t\t\t\t\t\t<\/div>\n\t\t<\/section>\n\t\t\t\t<section class=\"elementor-section elementor-top-section elementor-element elementor-element-324027f elementor-section-boxed elementor-section-height-default elementor-section-height-default\" data-id=\"324027f\" data-element_type=\"section\" data-settings=\"{&quot;jet_parallax_layout_list&quot;:[],&quot;background_background&quot;:&quot;classic&quot;}\">\n\t\t\t\t\t\t<div class=\"elementor-container elementor-column-gap-default\">\n\t\t\t\t\t<div class=\"elementor-column elementor-col-100 elementor-top-column elementor-element elementor-element-6c76f0b\" data-id=\"6c76f0b\" data-element_type=\"column\">\n\t\t\t<div class=\"elementor-widget-wrap elementor-element-populated\">\n\t\t\t\t\t\t\t\t<div class=\"elementor-element elementor-element-2bd6289 elementor-grid-3 elementor-grid-tablet-2 elementor-grid-mobile-1 elementor-posts--thumbnail-top elementor-card-shadow-yes elementor-posts__hover-gradient elementor-widget elementor-widget-posts\" data-id=\"2bd6289\" data-element_type=\"widget\" data-settings=\"{&quot;cards_masonry&quot;:&quot;yes&quot;,&quot;cards_columns&quot;:&quot;3&quot;,&quot;cards_columns_tablet&quot;:&quot;2&quot;,&quot;cards_columns_mobile&quot;:&quot;1&quot;,&quot;cards_row_gap&quot;:{&quot;unit&quot;:&quot;px&quot;,&quot;size&quot;:35,&quot;sizes&quot;:[]},&quot;cards_row_gap_tablet&quot;:{&quot;unit&quot;:&quot;px&quot;,&quot;size&quot;:&quot;&quot;,&quot;sizes&quot;:[]},&quot;cards_row_gap_mobile&quot;:{&quot;unit&quot;:&quot;px&quot;,&quot;size&quot;:&quot;&quot;,&quot;sizes&quot;:[]}}\" data-widget_type=\"posts.cards\">\n\t\t\t\t<div class=\"elementor-widget-container\">\n\t\t\t<link rel=\"stylesheet\" href=\"https:\/\/datosysoluciones.com\/corpupaipa\/wp-content\/plugins\/elementor-pro\/assets\/css\/widget-posts.min.css\">\t\t<div class=\"elementor-posts-container elementor-posts elementor-posts--skin-cards elementor-grid\">\n\t\t\t\t<article class=\"elementor-post elementor-grid-item post-1501 post type-post status-publish format-standard has-post-thumbnail hentry category-eventos entry\">\n\t\t\t<div class=\"elementor-post__card\">\n\t\t\t\t<a class=\"elementor-post__thumbnail__link\" href=\"https:\/\/datosysoluciones.com\/corpupaipa\/2022\/12\/19\/antologia-de-la-musica-colombiana\/\" ><div class=\"elementor-post__thumbnail\"><img loading=\"lazy\" decoding=\"async\" width=\"1000\" height=\"600\" src=\"https:\/\/datosysoluciones.com\/corpupaipa\/wp-content\/uploads\/2022\/12\/festival-de-la-antologia.jpg\" class=\"attachment-full size-full\" alt=\"\" srcset=\"https:\/\/datosysoluciones.com\/corpupaipa\/wp-content\/uploads\/2022\/12\/festival-de-la-antologia.jpg 1000w, https:\/\/datosysoluciones.com\/corpupaipa\/wp-content\/uploads\/2022\/12\/festival-de-la-antologia-300x180.jpg 300w, https:\/\/datosysoluciones.com\/corpupaipa\/wp-content\/uploads\/2022\/12\/festival-de-la-antologia-768x461.jpg 768w\" sizes=\"(max-width: 1000px) 100vw, 1000px\" style=\"width:100%;height:60%;max-width:1000px;\" \/><\/div><\/a>\n\t\t\t\t<div class=\"elementor-post__badge\">Eventos<\/div>\n\t\t\t\t<div class=\"elementor-post__text\">\n\t\t\t\t<h3 class=\"elementor-post__title\">\n\t\t\t<a href=\"https:\/\/datosysoluciones.com\/corpupaipa\/2022\/12\/19\/antologia-de-la-musica-colombiana\/\" >\n\t\t\t\tANTOLOG\u00cdA DE LA M\u00daSICA COLOMBIANA\t\t\t<\/a>\n\t\t<\/h3>\n\t\t\t\t<div class=\"elementor-post__excerpt\">\n\t\t\t<p>Este evento se realiza en el mes de Noviembre, este&nbsp; re\u00fane a los artistas, int\u00e9rpretes, compositores, arreglistas, amantes de la m\u00fasica colombiana, m\u00e1s reconocidos de todo el pa\u00eds, que bajo<\/p>\n\t\t<\/div>\n\t\t\n\t\t<a class=\"elementor-post__read-more\" href=\"https:\/\/datosysoluciones.com\/corpupaipa\/2022\/12\/19\/antologia-de-la-musica-colombiana\/\" >\n\t\t\tVer m\u00e1s\t\t<\/a>\n\n\t\t\t\t<\/div>\n\t\t\t\t<div class=\"elementor-post__meta-data\">\n\t\t\t\t\t<span class=\"elementor-post-date\">\n\t\t\t19 diciembre, 2022\t\t<\/span>\n\t\t\t\t<\/div>\n\t\t\t\t\t<\/div>\n\t\t<\/article>\n\t\t\t\t<article class=\"elementor-post elementor-grid-item post-1498 post type-post status-publish format-standard has-post-thumbnail hentry category-eventos entry\">\n\t\t\t<div class=\"elementor-post__card\">\n\t\t\t\t<a class=\"elementor-post__thumbnail__link\" href=\"https:\/\/datosysoluciones.com\/corpupaipa\/2022\/12\/19\/festival-itinerante-de-los-coros-sacros\/\" ><div class=\"elementor-post__thumbnail\"><img loading=\"lazy\" decoding=\"async\" width=\"1000\" height=\"600\" src=\"https:\/\/datosysoluciones.com\/corpupaipa\/wp-content\/uploads\/2022\/12\/festival-de-los-coros-sacros.jpg\" class=\"attachment-full size-full\" alt=\"\" srcset=\"https:\/\/datosysoluciones.com\/corpupaipa\/wp-content\/uploads\/2022\/12\/festival-de-los-coros-sacros.jpg 1000w, https:\/\/datosysoluciones.com\/corpupaipa\/wp-content\/uploads\/2022\/12\/festival-de-los-coros-sacros-300x180.jpg 300w, https:\/\/datosysoluciones.com\/corpupaipa\/wp-content\/uploads\/2022\/12\/festival-de-los-coros-sacros-768x461.jpg 768w\" sizes=\"(max-width: 1000px) 100vw, 1000px\" style=\"width:100%;height:60%;max-width:1000px;\" \/><\/div><\/a>\n\t\t\t\t<div class=\"elementor-post__badge\">Eventos<\/div>\n\t\t\t\t<div class=\"elementor-post__text\">\n\t\t\t\t<h3 class=\"elementor-post__title\">\n\t\t\t<a href=\"https:\/\/datosysoluciones.com\/corpupaipa\/2022\/12\/19\/festival-itinerante-de-los-coros-sacros\/\" >\n\t\t\t\tFESTIVAL ITINERANTE DE LOS COROS SACROS\t\t\t<\/a>\n\t\t<\/h3>\n\t\t\t\t<div class=\"elementor-post__excerpt\">\n\t\t\t<p>Durante la semana santa se lleva a cabo presentaciones de repertorio sacro, gratuitas en iglesias emblem\u00e1ticas de la ciudad, entre las que se destacan la Catedral de San Miguel Arc\u00e1ngel<\/p>\n\t\t<\/div>\n\t\t\n\t\t<a class=\"elementor-post__read-more\" href=\"https:\/\/datosysoluciones.com\/corpupaipa\/2022\/12\/19\/festival-itinerante-de-los-coros-sacros\/\" >\n\t\t\tVer m\u00e1s\t\t<\/a>\n\n\t\t\t\t<\/div>\n\t\t\t\t<div class=\"elementor-post__meta-data\">\n\t\t\t\t\t<span class=\"elementor-post-date\">\n\t\t\t19 diciembre, 2022\t\t<\/span>\n\t\t\t\t<\/div>\n\t\t\t\t\t<\/div>\n\t\t<\/article>\n\t\t\t\t<article class=\"elementor-post elementor-grid-item post-1495 post type-post status-publish format-standard has-post-thumbnail hentry category-eventos entry\">\n\t\t\t<div class=\"elementor-post__card\">\n\t\t\t\t<a class=\"elementor-post__thumbnail__link\" href=\"https:\/\/datosysoluciones.com\/corpupaipa\/2022\/12\/19\/aguinaldo-paipano\/\" ><div class=\"elementor-post__thumbnail\"><img loading=\"lazy\" decoding=\"async\" width=\"1000\" height=\"600\" src=\"https:\/\/datosysoluciones.com\/corpupaipa\/wp-content\/uploads\/2022\/12\/aguinaldo_paipiano_2-Alcaldia-de-paipa.jpg\" class=\"attachment-full size-full\" alt=\"\" srcset=\"https:\/\/datosysoluciones.com\/corpupaipa\/wp-content\/uploads\/2022\/12\/aguinaldo_paipiano_2-Alcaldia-de-paipa.jpg 1000w, https:\/\/datosysoluciones.com\/corpupaipa\/wp-content\/uploads\/2022\/12\/aguinaldo_paipiano_2-Alcaldia-de-paipa-300x180.jpg 300w, https:\/\/datosysoluciones.com\/corpupaipa\/wp-content\/uploads\/2022\/12\/aguinaldo_paipiano_2-Alcaldia-de-paipa-768x461.jpg 768w\" sizes=\"(max-width: 1000px) 100vw, 1000px\" style=\"width:100%;height:60%;max-width:1000px;\" \/><\/div><\/a>\n\t\t\t\t<div class=\"elementor-post__badge\">Eventos<\/div>\n\t\t\t\t<div class=\"elementor-post__text\">\n\t\t\t\t<h3 class=\"elementor-post__title\">\n\t\t\t<a href=\"https:\/\/datosysoluciones.com\/corpupaipa\/2022\/12\/19\/aguinaldo-paipano\/\" >\n\t\t\t\tAGUINALDO PAIPANO\t\t\t<\/a>\n\t\t<\/h3>\n\t\t\t\t<div class=\"elementor-post__excerpt\">\n\t\t\t<p>Se celebra en Diciembre anualmente desde 1980, es uno de los eventos navide\u00f1os y quiz\u00e1 uno de los m\u00e1s populares y de mayor trascendencia a nivel departamental, pues ayuda al<\/p>\n\t\t<\/div>\n\t\t\n\t\t<a class=\"elementor-post__read-more\" href=\"https:\/\/datosysoluciones.com\/corpupaipa\/2022\/12\/19\/aguinaldo-paipano\/\" >\n\t\t\tVer m\u00e1s\t\t<\/a>\n\n\t\t\t\t<\/div>\n\t\t\t\t<div class=\"elementor-post__meta-data\">\n\t\t\t\t\t<span class=\"elementor-post-date\">\n\t\t\t19 diciembre, 2022\t\t<\/span>\n\t\t\t\t<\/div>\n\t\t\t\t\t<\/div>\n\t\t<\/article>\n\t\t\t\t<article class=\"elementor-post elementor-grid-item post-1491 post type-post status-publish format-standard has-post-thumbnail hentry category-eventos entry\">\n\t\t\t<div class=\"elementor-post__card\">\n\t\t\t\t<a class=\"elementor-post__thumbnail__link\" href=\"https:\/\/datosysoluciones.com\/corpupaipa\/2022\/12\/19\/concurso-nacional-de-bandas-musicales-de-paipa\/\" ><div class=\"elementor-post__thumbnail\"><img loading=\"lazy\" decoding=\"async\" width=\"1000\" height=\"600\" src=\"https:\/\/datosysoluciones.com\/corpupaipa\/wp-content\/uploads\/2022\/12\/Concurso-Nacionald-e-Bandas.jpg\" class=\"attachment-full size-full\" alt=\"\" srcset=\"https:\/\/datosysoluciones.com\/corpupaipa\/wp-content\/uploads\/2022\/12\/Concurso-Nacionald-e-Bandas.jpg 1000w, https:\/\/datosysoluciones.com\/corpupaipa\/wp-content\/uploads\/2022\/12\/Concurso-Nacionald-e-Bandas-300x180.jpg 300w, https:\/\/datosysoluciones.com\/corpupaipa\/wp-content\/uploads\/2022\/12\/Concurso-Nacionald-e-Bandas-768x461.jpg 768w\" sizes=\"(max-width: 1000px) 100vw, 1000px\" style=\"width:100%;height:60%;max-width:1000px;\" \/><\/div><\/a>\n\t\t\t\t<div class=\"elementor-post__badge\">Eventos<\/div>\n\t\t\t\t<div class=\"elementor-post__text\">\n\t\t\t\t<h3 class=\"elementor-post__title\">\n\t\t\t<a href=\"https:\/\/datosysoluciones.com\/corpupaipa\/2022\/12\/19\/concurso-nacional-de-bandas-musicales-de-paipa\/\" >\n\t\t\t\tCONCURSO NACIONAL DE BANDAS MUSICALES DE PAIPA\t\t\t<\/a>\n\t\t<\/h3>\n\t\t\t\t<div class=\"elementor-post__excerpt\">\n\t\t\t<p>Realizado en el mes de Septiembre, Naci\u00f3 en 1975 inici\u00f3 con la Categor\u00eda \u00danica de Bandas y cuatro agrupaciones concursantes. El domingo 26 de septiembre de 2004 ocurri\u00f3 un hecho<\/p>\n\t\t<\/div>\n\t\t\n\t\t<a class=\"elementor-post__read-more\" href=\"https:\/\/datosysoluciones.com\/corpupaipa\/2022\/12\/19\/concurso-nacional-de-bandas-musicales-de-paipa\/\" >\n\t\t\tVer m\u00e1s\t\t<\/a>\n\n\t\t\t\t<\/div>\n\t\t\t\t<div class=\"elementor-post__meta-data\">\n\t\t\t\t\t<span class=\"elementor-post-date\">\n\t\t\t19 diciembre, 2022\t\t<\/span>\n\t\t\t\t<\/div>\n\t\t\t\t\t<\/div>\n\t\t<\/article>\n\t\t\t\t<article class=\"elementor-post elementor-grid-item post-1488 post type-post status-publish format-standard has-post-thumbnail hentry category-eventos entry\">\n\t\t\t<div class=\"elementor-post__card\">\n\t\t\t\t<a class=\"elementor-post__thumbnail__link\" href=\"https:\/\/datosysoluciones.com\/corpupaipa\/2022\/12\/19\/festival-de-la-ruana-y-el-panol-la-almojabana-y-el-amasijo\/\" ><div class=\"elementor-post__thumbnail\"><img loading=\"lazy\" decoding=\"async\" width=\"1000\" height=\"600\" src=\"https:\/\/datosysoluciones.com\/corpupaipa\/wp-content\/uploads\/2022\/12\/festival-de-la-ruana-y-el-panolon.jpg\" class=\"attachment-full size-full\" alt=\"\" srcset=\"https:\/\/datosysoluciones.com\/corpupaipa\/wp-content\/uploads\/2022\/12\/festival-de-la-ruana-y-el-panolon.jpg 1000w, https:\/\/datosysoluciones.com\/corpupaipa\/wp-content\/uploads\/2022\/12\/festival-de-la-ruana-y-el-panolon-300x180.jpg 300w, https:\/\/datosysoluciones.com\/corpupaipa\/wp-content\/uploads\/2022\/12\/festival-de-la-ruana-y-el-panolon-768x461.jpg 768w\" sizes=\"(max-width: 1000px) 100vw, 1000px\" style=\"width:100%;height:60%;max-width:1000px;\" \/><\/div><\/a>\n\t\t\t\t<div class=\"elementor-post__badge\">Eventos<\/div>\n\t\t\t\t<div class=\"elementor-post__text\">\n\t\t\t\t<h3 class=\"elementor-post__title\">\n\t\t\t<a href=\"https:\/\/datosysoluciones.com\/corpupaipa\/2022\/12\/19\/festival-de-la-ruana-y-el-panol-la-almojabana-y-el-amasijo\/\" >\n\t\t\t\tFESTIVAL DE LA RUANA Y EL PA\u00d1OL, LA ALMOJ\u00c1BANA Y EL AMASIJO\t\t\t<\/a>\n\t\t<\/h3>\n\t\t\t\t<div class=\"elementor-post__excerpt\">\n\t\t\t<p>Se realiza en el mes de Marzo, el festival de ruana y pa\u00f1ol\u00f3n es un homenaje a las prendas tradicionales de Paipa; recuerdan sus ra\u00edces con una muestra textil que<\/p>\n\t\t<\/div>\n\t\t\n\t\t<a class=\"elementor-post__read-more\" href=\"https:\/\/datosysoluciones.com\/corpupaipa\/2022\/12\/19\/festival-de-la-ruana-y-el-panol-la-almojabana-y-el-amasijo\/\" >\n\t\t\tVer m\u00e1s\t\t<\/a>\n\n\t\t\t\t<\/div>\n\t\t\t\t<div class=\"elementor-post__meta-data\">\n\t\t\t\t\t<span class=\"elementor-post-date\">\n\t\t\t19 diciembre, 2022\t\t<\/span>\n\t\t\t\t<\/div>\n\t\t\t\t\t<\/div>\n\t\t<\/article>\n\t\t\t\t<article class=\"elementor-post elementor-grid-item post-1461 post type-post status-publish format-standard has-post-thumbnail hentry category-eventos entry\">\n\t\t\t<div class=\"elementor-post__card\">\n\t\t\t\t<a class=\"elementor-post__thumbnail__link\" href=\"https:\/\/datosysoluciones.com\/corpupaipa\/2022\/12\/19\/festival-del-lago-sochagota\/\" ><div class=\"elementor-post__thumbnail\"><img loading=\"lazy\" decoding=\"async\" width=\"1000\" height=\"600\" src=\"https:\/\/datosysoluciones.com\/corpupaipa\/wp-content\/uploads\/2022\/12\/festival-del-lago.jpg\" class=\"attachment-full size-full\" alt=\"\" srcset=\"https:\/\/datosysoluciones.com\/corpupaipa\/wp-content\/uploads\/2022\/12\/festival-del-lago.jpg 1000w, https:\/\/datosysoluciones.com\/corpupaipa\/wp-content\/uploads\/2022\/12\/festival-del-lago-300x180.jpg 300w, https:\/\/datosysoluciones.com\/corpupaipa\/wp-content\/uploads\/2022\/12\/festival-del-lago-768x461.jpg 768w\" sizes=\"(max-width: 1000px) 100vw, 1000px\" style=\"width:100%;height:60%;max-width:1000px;\" \/><\/div><\/a>\n\t\t\t\t<div class=\"elementor-post__badge\">Eventos<\/div>\n\t\t\t\t<div class=\"elementor-post__text\">\n\t\t\t\t<h3 class=\"elementor-post__title\">\n\t\t\t<a href=\"https:\/\/datosysoluciones.com\/corpupaipa\/2022\/12\/19\/festival-del-lago-sochagota\/\" >\n\t\t\t\tFESTIVAL DEL LAGO SOCHAGOTA\t\t\t<\/a>\n\t\t<\/h3>\n\t\t\t\t<div class=\"elementor-post__excerpt\">\n\t\t\t<p>Este Festival se lleva a cabo en el mes de Agosto, donde se hace homenaje al medio ambiente y al recurso h\u00eddrico en especial al Lago Sochagota para sensibilizar a<\/p>\n\t\t<\/div>\n\t\t\n\t\t<a class=\"elementor-post__read-more\" href=\"https:\/\/datosysoluciones.com\/corpupaipa\/2022\/12\/19\/festival-del-lago-sochagota\/\" >\n\t\t\tVer m\u00e1s\t\t<\/a>\n\n\t\t\t\t<\/div>\n\t\t\t\t<div class=\"elementor-post__meta-data\">\n\t\t\t\t\t<span class=\"elementor-post-date\">\n\t\t\t19 diciembre, 2022\t\t<\/span>\n\t\t\t\t<\/div>\n\t\t\t\t\t<\/div>\n\t\t<\/article>\n\t\t\t\t<\/div>\n\n\n\t\t\n\t\t\t\t<\/div>\n\t\t\t\t<\/div>\n\t\t\t\t\t<\/div>\n\t\t<\/div>\n\t\t\t\t\t\t\t<\/div>\n\t\t<\/section>\n\t\t\t\t\t\t\t<\/div>\n\t\t","protected":false},"excerpt":{"rendered":"","protected":false},"author":1,"featured_media":0,"parent":0,"menu_order":0,"comment_status":"closed","ping_status":"closed","template":"elementor_header_footer","meta":{"footnotes":""},"yoast_head":"<!-- This site is optimized with the Yoast SEO plugin v19.12 - https:\/\/yoast.com\/wordpress\/plugins\/seo\/ -->\n<title>Eventos \/ Festividades - Cortupaipa<\/title>\n<meta name=\"robots\" content=\"index, follow, max-snippet:-1, max-image-preview:large, max-video-preview:-1\" \/>\n<link rel=\"canonical\" href=\"https:\/\/datosysoluciones.com\/corpupaipa\/eventos-festividades\/\" \/>\n<meta property=\"og:locale\" content=\"es_ES\" \/>\n<meta property=\"og:type\" content=\"article\" \/>\n<meta property=\"og:title\" content=\"Eventos \/ Festividades - Cortupaipa\" \/>\n<meta property=\"og:url\" content=\"https:\/\/datosysoluciones.com\/corpupaipa\/eventos-festividades\/\" \/>\n<meta property=\"og:site_name\" content=\"Cortupaipa\" \/>\n<meta property=\"article:modified_time\" content=\"2022-12-19T06:53:19+00:00\" \/>\n<meta name=\"twitter:card\" content=\"summary_large_image\" \/>\n<meta name=\"twitter:label1\" content=\"Tiempo estimado de lectura\" \/>\n\t<meta name=\"twitter:data1\" content=\"3 minutos\" \/>\n<script type=\"application\/ld+json\" class=\"yoast-schema-graph\">{\"@context\":\"https:\/\/schema.org\",\"@graph\":[{\"@type\":\"WebPage\",\"@id\":\"https:\/\/datosysoluciones.com\/corpupaipa\/eventos-festividades\/\",\"url\":\"https:\/\/datosysoluciones.com\/corpupaipa\/eventos-festividades\/\",\"name\":\"Eventos \/ Festividades - Cortupaipa\",\"isPartOf\":{\"@id\":\"https:\/\/datosysoluciones.com\/corpupaipa\/#website\"},\"datePublished\":\"2022-12-19T06:04:43+00:00\",\"dateModified\":\"2022-12-19T06:53:19+00:00\",\"breadcrumb\":{\"@id\":\"https:\/\/datosysoluciones.com\/corpupaipa\/eventos-festividades\/#breadcrumb\"},\"inLanguage\":\"es-CO\",\"potentialAction\":[{\"@type\":\"ReadAction\",\"target\":[\"https:\/\/datosysoluciones.com\/corpupaipa\/eventos-festividades\/\"]}]},{\"@type\":\"BreadcrumbList\",\"@id\":\"https:\/\/datosysoluciones.com\/corpupaipa\/eventos-festividades\/#breadcrumb\",\"itemListElement\":[{\"@type\":\"ListItem\",\"position\":1,\"name\":\"Inicio\",\"item\":\"https:\/\/datosysoluciones.com\/corpupaipa\/\"},{\"@type\":\"ListItem\",\"position\":2,\"name\":\"Eventos \/ Festividades\"}]},{\"@type\":\"WebSite\",\"@id\":\"https:\/\/datosysoluciones.com\/corpupaipa\/#website\",\"url\":\"https:\/\/datosysoluciones.com\/corpupaipa\/\",\"name\":\"Cortupaipa\",\"description\":\"Fondo Mixto de Promoci\u00f3n y Desarrollo Tur\u00edstico de Paipa\",\"publisher\":{\"@id\":\"https:\/\/datosysoluciones.com\/corpupaipa\/#organization\"},\"potentialAction\":[{\"@type\":\"SearchAction\",\"target\":{\"@type\":\"EntryPoint\",\"urlTemplate\":\"https:\/\/datosysoluciones.com\/corpupaipa\/?s={search_term_string}\"},\"query-input\":\"required name=search_term_string\"}],\"inLanguage\":\"es-CO\"},{\"@type\":\"Organization\",\"@id\":\"https:\/\/datosysoluciones.com\/corpupaipa\/#organization\",\"name\":\"Cortupaipa\",\"url\":\"https:\/\/datosysoluciones.com\/corpupaipa\/\",\"logo\":{\"@type\":\"ImageObject\",\"inLanguage\":\"es-CO\",\"@id\":\"https:\/\/datosysoluciones.com\/corpupaipa\/#\/schema\/logo\/image\/\",\"url\":\"https:\/\/datosysoluciones.com\/corpupaipa\/wp-content\/uploads\/2022\/10\/logo-cortupaipa-b.png\",\"contentUrl\":\"https:\/\/datosysoluciones.com\/corpupaipa\/wp-content\/uploads\/2022\/10\/logo-cortupaipa-b.png\",\"width\":320,\"height\":87,\"caption\":\"Cortupaipa\"},\"image\":{\"@id\":\"https:\/\/datosysoluciones.com\/corpupaipa\/#\/schema\/logo\/image\/\"}}]}<\/script>\n<!-- \/ Yoast SEO plugin. -->","yoast_head_json":{"title":"Eventos \/ Festividades - Cortupaipa","robots":{"index":"index","follow":"follow","max-snippet":"max-snippet:-1","max-image-preview":"max-image-preview:large","max-video-preview":"max-video-preview:-1"},"canonical":"https:\/\/datosysoluciones.com\/corpupaipa\/eventos-festividades\/","og_locale":"es_ES","og_type":"article","og_title":"Eventos \/ Festividades - Cortupaipa","og_url":"https:\/\/datosysoluciones.com\/corpupaipa\/eventos-festividades\/","og_site_name":"Cortupaipa","article_modified_time":"2022-12-19T06:53:19+00:00","twitter_card":"summary_large_image","twitter_misc":{"Tiempo estimado de lectura":"3 minutos"},"schema":{"@context":"https:\/\/schema.org","@graph":[{"@type":"WebPage","@id":"https:\/\/datosysoluciones.com\/corpupaipa\/eventos-festividades\/","url":"https:\/\/datosysoluciones.com\/corpupaipa\/eventos-festividades\/","name":"Eventos \/ Festividades - Cortupaipa","isPartOf":{"@id":"https:\/\/datosysoluciones.com\/corpupaipa\/#website"},"datePublished":"2022-12-19T06:04:43+00:00","dateModified":"2022-12-19T06:53:19+00:00","breadcrumb":{"@id":"https:\/\/datosysoluciones.com\/corpupaipa\/eventos-festividades\/#breadcrumb"},"inLanguage":"es-CO","potentialAction":[{"@type":"ReadAction","target":["https:\/\/datosysoluciones.com\/corpupaipa\/eventos-festividades\/"]}]},{"@type":"BreadcrumbList","@id":"https:\/\/datosysoluciones.com\/corpupaipa\/eventos-festividades\/#breadcrumb","itemListElement":[{"@type":"ListItem","position":1,"name":"Inicio","item":"https:\/\/datosysoluciones.com\/corpupaipa\/"},{"@type":"ListItem","position":2,"name":"Eventos \/ Festividades"}]},{"@type":"WebSite","@id":"https:\/\/datosysoluciones.com\/corpupaipa\/#website","url":"https:\/\/datosysoluciones.com\/corpupaipa\/","name":"Cortupaipa","description":"Fondo Mixto de Promoci\u00f3n y Desarrollo Tur\u00edstico de Paipa","publisher":{"@id":"https:\/\/datosysoluciones.com\/corpupaipa\/#organization"},"potentialAction":[{"@type":"SearchAction","target":{"@type":"EntryPoint","urlTemplate":"https:\/\/datosysoluciones.com\/corpupaipa\/?s={search_term_string}"},"query-input":"required name=search_term_string"}],"inLanguage":"es-CO"},{"@type":"Organization","@id":"https:\/\/datosysoluciones.com\/corpupaipa\/#organization","name":"Cortupaipa","url":"https:\/\/datosysoluciones.com\/corpupaipa\/","logo":{"@type":"ImageObject","inLanguage":"es-CO","@id":"https:\/\/datosysoluciones.com\/corpupaipa\/#\/schema\/logo\/image\/","url":"https:\/\/datosysoluciones.com\/corpupaipa\/wp-content\/uploads\/2022\/10\/logo-cortupaipa-b.png","contentUrl":"https:\/\/datosysoluciones.com\/corpupaipa\/wp-content\/uploads\/2022\/10\/logo-cortupaipa-b.png","width":320,"height":87,"caption":"Cortupaipa"},"image":{"@id":"https:\/\/datosysoluciones.com\/corpupaipa\/#\/schema\/logo\/image\/"}}]}},"_links":{"self":[{"href":"https:\/\/datosysoluciones.com\/corpupaipa\/wp-json\/wp\/v2\/pages\/1457"}],"collection":[{"href":"https:\/\/datosysoluciones.com\/corpupaipa\/wp-json\/wp\/v2\/pages"}],"about":[{"href":"https:\/\/datosysoluciones.com\/corpupaipa\/wp-json\/wp\/v2\/types\/page"}],"author":[{"embeddable":true,"href":"https:\/\/datosysoluciones.com\/corpupaipa\/wp-json\/wp\/v2\/users\/1"}],"replies":[{"embeddable":true,"href":"https:\/\/datosysoluciones.com\/corpupaipa\/wp-json\/wp\/v2\/comments?post=1457"}],"version-history":[{"count":13,"href":"https:\/\/datosysoluciones.com\/corpupaipa\/wp-json\/wp\/v2\/pages\/1457\/revisions"}],"predecessor-version":[{"id":1515,"href":"https:\/\/datosysoluciones.com\/corpupaipa\/wp-json\/wp\/v2\/pages\/1457\/revisions\/1515"}],"wp:attachment":[{"href":"https:\/\/datosysoluciones.com\/corpupaipa\/wp-json\/wp\/v2\/media?parent=1457"}],"curies":[{"name":"wp","href":"https:\/\/api.w.org\/{rel}","templated":true}]}}