{"id":1805,"date":"2022-12-26T21:44:59","date_gmt":"2022-12-27T02:44:59","guid":{"rendered":"https:\/\/datosysoluciones.com\/corpupaipa\/?page_id=1805"},"modified":"2022-12-26T22:27:44","modified_gmt":"2022-12-27T03:27:44","slug":"datos-de-la-entidad","status":"publish","type":"page","link":"https:\/\/datosysoluciones.com\/corpupaipa\/datos-de-la-entidad\/","title":{"rendered":"Datos De La Entidad"},"content":{"rendered":"\t\t<div data-elementor-type=\"wp-page\" data-elementor-id=\"1805\" class=\"elementor elementor-1805\">\n\t\t\t\t\t\t\t\t\t<section class=\"elementor-section elementor-top-section elementor-element elementor-element-fed1ccb elementor-section-full_width elementor-section-height-default elementor-section-height-default\" data-id=\"fed1ccb\" data-element_type=\"section\" data-settings=\"{&quot;jet_parallax_layout_list&quot;:[],&quot;background_background&quot;:&quot;classic&quot;}\">\n\t\t\t\t\t\t<div class=\"elementor-container elementor-column-gap-default\">\n\t\t\t\t\t<div class=\"elementor-column elementor-col-50 elementor-top-column elementor-element elementor-element-b0a32ae\" data-id=\"b0a32ae\" data-element_type=\"column\" data-settings=\"{&quot;background_background&quot;:&quot;classic&quot;}\">\n\t\t\t<div class=\"elementor-widget-wrap elementor-element-populated\">\n\t\t\t\t\t\t\t\t\t<\/div>\n\t\t<\/div>\n\t\t\t\t<div class=\"elementor-column elementor-col-50 elementor-top-column elementor-element elementor-element-52ddf03\" data-id=\"52ddf03\" data-element_type=\"column\">\n\t\t\t<div class=\"elementor-widget-wrap\">\n\t\t\t\t\t\t\t\t\t<\/div>\n\t\t<\/div>\n\t\t\t\t\t\t\t<\/div>\n\t\t<\/section>\n\t\t\t\t<section class=\"elementor-section elementor-top-section elementor-element elementor-element-c467500 elementor-section-boxed elementor-section-height-default elementor-section-height-default\" data-id=\"c467500\" data-element_type=\"section\" data-settings=\"{&quot;jet_parallax_layout_list&quot;:[]}\">\n\t\t\t\t\t\t<div class=\"elementor-container elementor-column-gap-default\">\n\t\t\t\t\t<div class=\"elementor-column elementor-col-50 elementor-top-column elementor-element elementor-element-17bc176\" data-id=\"17bc176\" data-element_type=\"column\">\n\t\t\t<div class=\"elementor-widget-wrap elementor-element-populated\">\n\t\t\t\t\t\t\t\t<div class=\"elementor-element elementor-element-f401f9e elementor-widget elementor-widget-breadcrumbs\" data-id=\"f401f9e\" data-element_type=\"widget\" data-widget_type=\"breadcrumbs.default\">\n\t\t\t\t<div class=\"elementor-widget-container\">\n\t\t\t<link rel=\"stylesheet\" href=\"https:\/\/datosysoluciones.com\/corpupaipa\/wp-content\/plugins\/elementor-pro\/assets\/css\/widget-theme-elements.min.css\"><p id=\"breadcrumbs\"><span><span><a href=\"https:\/\/datosysoluciones.com\/corpupaipa\/\">Inicio<\/a><\/span><\/span><\/p>\t\t<\/div>\n\t\t\t\t<\/div>\n\t\t\t\t<div class=\"elementor-element elementor-element-2973b2a elementor-widget elementor-widget-text-editor\" data-id=\"2973b2a\" data-element_type=\"widget\" data-widget_type=\"text-editor.default\">\n\t\t\t\t<div class=\"elementor-widget-container\">\n\t\t\t<style>\/*! elementor - v3.6.8 - 27-07-2022 *\/\n.elementor-widget-text-editor.elementor-drop-cap-view-stacked .elementor-drop-cap{background-color:#818a91;color:#fff}.elementor-widget-text-editor.elementor-drop-cap-view-framed .elementor-drop-cap{color:#818a91;border:3px solid;background-color:transparent}.elementor-widget-text-editor:not(.elementor-drop-cap-view-default) .elementor-drop-cap{margin-top:8px}.elementor-widget-text-editor:not(.elementor-drop-cap-view-default) .elementor-drop-cap-letter{width:1em;height:1em}.elementor-widget-text-editor .elementor-drop-cap{float:left;text-align:center;line-height:1;font-size:50px}.elementor-widget-text-editor .elementor-drop-cap-letter{display:inline-block}<\/style>\t\t\t\t<ul><li><strong>DATOS DE LA ENTIDAD<\/strong><br \/>DENOMINACI\u00d3N Y NATURALEZA. LA CORPORACI\u00d3N FONDO MIXTO DE PROMOCI\u00d3N Y DESARROLLO TUR\u00cdSTICO DE PAIPA podr\u00e1 usar indistintamente el nombre de CORTUPAIPA. Es una corporaci\u00f3n civil de participaci\u00f3n mixta, sin \u00e1nimo de lucro, de car\u00e1cter privado, dedicada a coordinar actividades p\u00fablicas y privadas que permitan estructurar y potencializar el Turismo de la Regi\u00f3n, sometida a las leyes colombianas, especialmente a las previstas en el c\u00f3digo civil colombiano.<br \/><br \/><\/li><li><strong>IDENTIFICACI\u00d3N TRIBUTARIA: 900.074.306-0<br \/><br \/><\/strong><\/li><li><strong>DOMICILIO<\/strong> <br \/>El domicilio es la ciudad de Paipa, departamento de Boyac\u00e1, Rep\u00fablica de Colombia, pero podr\u00e1 establecer sedes o representaciones legales en otros sitios del pa\u00eds y del exterior por autorizaci\u00f3n de su junta directiva.<br \/><br \/>La oficina est\u00e1 ubicada en la calle 24 No. 21-31 1er piso Auditorio Pablo Solano.<br \/><br \/><\/li><li><strong>ACTIVIDAD MERITORIA:<\/strong><br \/>CORTUPAIPA, dentro de su objeto social ejerce actividades de desarrollo empresarial, Promoci\u00f3n del desarrollo empresarial y el emprendimiento definido por la Ley 1014 de 2006, actividad correspondiente al art\u00edculo 359 del Estatuto Tributario con las siguientes especificaciones<ul><li>8299 Otras actividades de servicio de apoyo a las empresas NCP.<\/li><\/ul><\/li><\/ul>\t\t\t\t\t\t<\/div>\n\t\t\t\t<\/div>\n\t\t\t\t\t<\/div>\n\t\t<\/div>\n\t\t\t\t<div class=\"elementor-column elementor-col-50 elementor-top-column elementor-element elementor-element-96eab50\" data-id=\"96eab50\" data-element_type=\"column\">\n\t\t\t<div class=\"elementor-widget-wrap elementor-element-populated\">\n\t\t\t\t\t\t\t\t<div class=\"elementor-element elementor-element-ded7570 elementor-widget elementor-widget-image\" data-id=\"ded7570\" data-element_type=\"widget\" data-widget_type=\"image.default\">\n\t\t\t\t<div class=\"elementor-widget-container\">\n\t\t\t<style>\/*! elementor - v3.6.8 - 27-07-2022 *\/\n.elementor-widget-image{text-align:center}.elementor-widget-image a{display:inline-block}.elementor-widget-image a img[src$=\".svg\"]{width:48px}.elementor-widget-image img{vertical-align:middle;display:inline-block}<\/style>\t\t\t\t\t\t\t\t\t\t\t\t<img loading=\"lazy\" decoding=\"async\" width=\"750\" height=\"750\" src=\"https:\/\/datosysoluciones.com\/corpupaipa\/wp-content\/uploads\/2022\/10\/marca-paipa-min.jpg\" class=\"attachment-large size-large\" alt=\"\" srcset=\"https:\/\/datosysoluciones.com\/corpupaipa\/wp-content\/uploads\/2022\/10\/marca-paipa-min.jpg 1000w, https:\/\/datosysoluciones.com\/corpupaipa\/wp-content\/uploads\/2022\/10\/marca-paipa-min-300x300.jpg 300w, https:\/\/datosysoluciones.com\/corpupaipa\/wp-content\/uploads\/2022\/10\/marca-paipa-min-150x150.jpg 150w, https:\/\/datosysoluciones.com\/corpupaipa\/wp-content\/uploads\/2022\/10\/marca-paipa-min-768x768.jpg 768w\" sizes=\"(max-width: 750px) 100vw, 750px\" style=\"width:100%;height:100%;max-width:1000px\" \/>\t\t\t\t\t\t\t\t\t\t\t\t\t\t\t<\/div>\n\t\t\t\t<\/div>\n\t\t\t\t<div class=\"elementor-element elementor-element-a27edb7 elementor-widget elementor-widget-image\" data-id=\"a27edb7\" data-element_type=\"widget\" data-widget_type=\"image.default\">\n\t\t\t\t<div class=\"elementor-widget-container\">\n\t\t\t\t\t\t\t\t\t\t\t\t\t\t\t<img loading=\"lazy\" decoding=\"async\" width=\"750\" height=\"500\" src=\"https:\/\/datosysoluciones.com\/corpupaipa\/wp-content\/uploads\/2022\/12\/PARQUE-JAIME-ROOK.jpg\" class=\"attachment-large size-large\" alt=\"\" srcset=\"https:\/\/datosysoluciones.com\/corpupaipa\/wp-content\/uploads\/2022\/12\/PARQUE-JAIME-ROOK.jpg 1024w, https:\/\/datosysoluciones.com\/corpupaipa\/wp-content\/uploads\/2022\/12\/PARQUE-JAIME-ROOK-300x200.jpg 300w, https:\/\/datosysoluciones.com\/corpupaipa\/wp-content\/uploads\/2022\/12\/PARQUE-JAIME-ROOK-768x512.jpg 768w\" sizes=\"(max-width: 750px) 100vw, 750px\" style=\"width:100%;height:66.7%;max-width:1024px\" \/>\t\t\t\t\t\t\t\t\t\t\t\t\t\t\t<\/div>\n\t\t\t\t<\/div>\n\t\t\t\t<div class=\"elementor-element elementor-element-2d942d0 elementor-widget elementor-widget-image\" data-id=\"2d942d0\" data-element_type=\"widget\" data-widget_type=\"image.default\">\n\t\t\t\t<div class=\"elementor-widget-container\">\n\t\t\t\t\t\t\t\t\t\t\t\t\t\t\t<img loading=\"lazy\" decoding=\"async\" width=\"750\" height=\"423\" src=\"https:\/\/datosysoluciones.com\/corpupaipa\/wp-content\/uploads\/2022\/12\/Parque-1024x578.png\" class=\"attachment-large size-large\" alt=\"\" srcset=\"https:\/\/datosysoluciones.com\/corpupaipa\/wp-content\/uploads\/2022\/12\/Parque-1024x578.png 1024w, https:\/\/datosysoluciones.com\/corpupaipa\/wp-content\/uploads\/2022\/12\/Parque-300x169.png 300w, https:\/\/datosysoluciones.com\/corpupaipa\/wp-content\/uploads\/2022\/12\/Parque-768x434.png 768w, https:\/\/datosysoluciones.com\/corpupaipa\/wp-content\/uploads\/2022\/12\/Parque-1536x868.png 1536w, https:\/\/datosysoluciones.com\/corpupaipa\/wp-content\/uploads\/2022\/12\/Parque-2048x1157.png 2048w, https:\/\/datosysoluciones.com\/corpupaipa\/wp-content\/uploads\/2022\/12\/Parque-1568x886.png 1568w\" sizes=\"(max-width: 750px) 100vw, 750px\" style=\"width:100%;height:56.48%;max-width:2560px\" \/>\t\t\t\t\t\t\t\t\t\t\t\t\t\t\t<\/div>\n\t\t\t\t<\/div>\n\t\t\t\t\t<\/div>\n\t\t<\/div>\n\t\t\t\t\t\t\t<\/div>\n\t\t<\/section>\n\t\t\t\t\t\t\t<\/div>\n\t\t","protected":false},"excerpt":{"rendered":"<p>DATOS DE LA ENTIDADDENOMINACI\u00d3N Y NATURALEZA. LA CORPORACI\u00d3N FONDO MIXTO DE PROMOCI\u00d3N Y DESARROLLO TUR\u00cdSTICO DE PAIPA podr\u00e1 usar indistintamente el nombre de CORTUPAIPA. Es una corporaci\u00f3n civil de participaci\u00f3n mixta, sin \u00e1nimo de lucro, de car\u00e1cter privado, dedicada a coordinar actividades p\u00fablicas y privadas que permitan estructurar y potencializar el Turismo de la Regi\u00f3n,&hellip; <a class=\"more-link\" href=\"https:\/\/datosysoluciones.com\/corpupaipa\/datos-de-la-entidad\/\">Seguir leyendo <span class=\"screen-reader-text\">Datos De La Entidad<\/span><\/a><\/p>\n","protected":false},"author":1,"featured_media":0,"parent":0,"menu_order":0,"comment_status":"closed","ping_status":"closed","template":"elementor_header_footer","meta":{"footnotes":""},"yoast_head":"<!-- This site is optimized with the Yoast SEO plugin v19.12 - https:\/\/yoast.com\/wordpress\/plugins\/seo\/ -->\n<title>Datos De La Entidad - Cortupaipa<\/title>\n<meta name=\"robots\" content=\"index, follow, max-snippet:-1, max-image-preview:large, max-video-preview:-1\" \/>\n<link rel=\"canonical\" href=\"https:\/\/datosysoluciones.com\/corpupaipa\/datos-de-la-entidad\/\" \/>\n<meta property=\"og:locale\" content=\"es_ES\" \/>\n<meta property=\"og:type\" content=\"article\" \/>\n<meta property=\"og:title\" content=\"Datos De La Entidad - Cortupaipa\" \/>\n<meta property=\"og:description\" content=\"DATOS DE LA ENTIDADDENOMINACI\u00d3N Y NATURALEZA. LA CORPORACI\u00d3N FONDO MIXTO DE PROMOCI\u00d3N Y DESARROLLO TUR\u00cdSTICO DE PAIPA podr\u00e1 usar indistintamente el nombre de CORTUPAIPA. Es una corporaci\u00f3n civil de participaci\u00f3n mixta, sin \u00e1nimo de lucro, de car\u00e1cter privado, dedicada a coordinar actividades p\u00fablicas y privadas que permitan estructurar y potencializar el Turismo de la Regi\u00f3n,&hellip; Seguir leyendo Datos De La Entidad\" \/>\n<meta property=\"og:url\" content=\"https:\/\/datosysoluciones.com\/corpupaipa\/datos-de-la-entidad\/\" \/>\n<meta property=\"og:site_name\" content=\"Cortupaipa\" \/>\n<meta property=\"article:modified_time\" content=\"2022-12-27T03:27:44+00:00\" \/>\n<meta property=\"og:image\" content=\"https:\/\/datosysoluciones.com\/corpupaipa\/wp-content\/uploads\/2022\/10\/marca-paipa-min.jpg\" \/>\n<meta name=\"twitter:card\" content=\"summary_large_image\" \/>\n<meta name=\"twitter:label1\" content=\"Tiempo estimado de lectura\" \/>\n\t<meta name=\"twitter:data1\" content=\"2 minutos\" \/>\n<script type=\"application\/ld+json\" class=\"yoast-schema-graph\">{\"@context\":\"https:\/\/schema.org\",\"@graph\":[{\"@type\":\"WebPage\",\"@id\":\"https:\/\/datosysoluciones.com\/corpupaipa\/datos-de-la-entidad\/\",\"url\":\"https:\/\/datosysoluciones.com\/corpupaipa\/datos-de-la-entidad\/\",\"name\":\"Datos De La Entidad - Cortupaipa\",\"isPartOf\":{\"@id\":\"https:\/\/datosysoluciones.com\/corpupaipa\/#website\"},\"datePublished\":\"2022-12-27T02:44:59+00:00\",\"dateModified\":\"2022-12-27T03:27:44+00:00\",\"breadcrumb\":{\"@id\":\"https:\/\/datosysoluciones.com\/corpupaipa\/datos-de-la-entidad\/#breadcrumb\"},\"inLanguage\":\"es-CO\",\"potentialAction\":[{\"@type\":\"ReadAction\",\"target\":[\"https:\/\/datosysoluciones.com\/corpupaipa\/datos-de-la-entidad\/\"]}]},{\"@type\":\"BreadcrumbList\",\"@id\":\"https:\/\/datosysoluciones.com\/corpupaipa\/datos-de-la-entidad\/#breadcrumb\",\"itemListElement\":[{\"@type\":\"ListItem\",\"position\":1,\"name\":\"Inicio\",\"item\":\"https:\/\/datosysoluciones.com\/corpupaipa\/\"},{\"@type\":\"ListItem\",\"position\":2,\"name\":\"Datos De La Entidad\"}]},{\"@type\":\"WebSite\",\"@id\":\"https:\/\/datosysoluciones.com\/corpupaipa\/#website\",\"url\":\"https:\/\/datosysoluciones.com\/corpupaipa\/\",\"name\":\"Cortupaipa\",\"description\":\"Fondo Mixto de Promoci\u00f3n y Desarrollo Tur\u00edstico de Paipa\",\"publisher\":{\"@id\":\"https:\/\/datosysoluciones.com\/corpupaipa\/#organization\"},\"potentialAction\":[{\"@type\":\"SearchAction\",\"target\":{\"@type\":\"EntryPoint\",\"urlTemplate\":\"https:\/\/datosysoluciones.com\/corpupaipa\/?s={search_term_string}\"},\"query-input\":\"required name=search_term_string\"}],\"inLanguage\":\"es-CO\"},{\"@type\":\"Organization\",\"@id\":\"https:\/\/datosysoluciones.com\/corpupaipa\/#organization\",\"name\":\"Cortupaipa\",\"url\":\"https:\/\/datosysoluciones.com\/corpupaipa\/\",\"logo\":{\"@type\":\"ImageObject\",\"inLanguage\":\"es-CO\",\"@id\":\"https:\/\/datosysoluciones.com\/corpupaipa\/#\/schema\/logo\/image\/\",\"url\":\"https:\/\/datosysoluciones.com\/corpupaipa\/wp-content\/uploads\/2022\/10\/logo-cortupaipa-b.png\",\"contentUrl\":\"https:\/\/datosysoluciones.com\/corpupaipa\/wp-content\/uploads\/2022\/10\/logo-cortupaipa-b.png\",\"width\":320,\"height\":87,\"caption\":\"Cortupaipa\"},\"image\":{\"@id\":\"https:\/\/datosysoluciones.com\/corpupaipa\/#\/schema\/logo\/image\/\"}}]}<\/script>\n<!-- \/ Yoast SEO plugin. -->","yoast_head_json":{"title":"Datos De La Entidad - Cortupaipa","robots":{"index":"index","follow":"follow","max-snippet":"max-snippet:-1","max-image-preview":"max-image-preview:large","max-video-preview":"max-video-preview:-1"},"canonical":"https:\/\/datosysoluciones.com\/corpupaipa\/datos-de-la-entidad\/","og_locale":"es_ES","og_type":"article","og_title":"Datos De La Entidad - Cortupaipa","og_description":"DATOS DE LA ENTIDADDENOMINACI\u00d3N Y NATURALEZA. LA CORPORACI\u00d3N FONDO MIXTO DE PROMOCI\u00d3N Y DESARROLLO TUR\u00cdSTICO DE PAIPA podr\u00e1 usar indistintamente el nombre de CORTUPAIPA. Es una corporaci\u00f3n civil de participaci\u00f3n mixta, sin \u00e1nimo de lucro, de car\u00e1cter privado, dedicada a coordinar actividades p\u00fablicas y privadas que permitan estructurar y potencializar el Turismo de la Regi\u00f3n,&hellip; Seguir leyendo Datos De La Entidad","og_url":"https:\/\/datosysoluciones.com\/corpupaipa\/datos-de-la-entidad\/","og_site_name":"Cortupaipa","article_modified_time":"2022-12-27T03:27:44+00:00","og_image":[{"url":"https:\/\/datosysoluciones.com\/corpupaipa\/wp-content\/uploads\/2022\/10\/marca-paipa-min.jpg"}],"twitter_card":"summary_large_image","twitter_misc":{"Tiempo estimado de lectura":"2 minutos"},"schema":{"@context":"https:\/\/schema.org","@graph":[{"@type":"WebPage","@id":"https:\/\/datosysoluciones.com\/corpupaipa\/datos-de-la-entidad\/","url":"https:\/\/datosysoluciones.com\/corpupaipa\/datos-de-la-entidad\/","name":"Datos De La Entidad - Cortupaipa","isPartOf":{"@id":"https:\/\/datosysoluciones.com\/corpupaipa\/#website"},"datePublished":"2022-12-27T02:44:59+00:00","dateModified":"2022-12-27T03:27:44+00:00","breadcrumb":{"@id":"https:\/\/datosysoluciones.com\/corpupaipa\/datos-de-la-entidad\/#breadcrumb"},"inLanguage":"es-CO","potentialAction":[{"@type":"ReadAction","target":["https:\/\/datosysoluciones.com\/corpupaipa\/datos-de-la-entidad\/"]}]},{"@type":"BreadcrumbList","@id":"https:\/\/datosysoluciones.com\/corpupaipa\/datos-de-la-entidad\/#breadcrumb","itemListElement":[{"@type":"ListItem","position":1,"name":"Inicio","item":"https:\/\/datosysoluciones.com\/corpupaipa\/"},{"@type":"ListItem","position":2,"name":"Datos De La Entidad"}]},{"@type":"WebSite","@id":"https:\/\/datosysoluciones.com\/corpupaipa\/#website","url":"https:\/\/datosysoluciones.com\/corpupaipa\/","name":"Cortupaipa","description":"Fondo Mixto de Promoci\u00f3n y Desarrollo Tur\u00edstico de Paipa","publisher":{"@id":"https:\/\/datosysoluciones.com\/corpupaipa\/#organization"},"potentialAction":[{"@type":"SearchAction","target":{"@type":"EntryPoint","urlTemplate":"https:\/\/datosysoluciones.com\/corpupaipa\/?s={search_term_string}"},"query-input":"required name=search_term_string"}],"inLanguage":"es-CO"},{"@type":"Organization","@id":"https:\/\/datosysoluciones.com\/corpupaipa\/#organization","name":"Cortupaipa","url":"https:\/\/datosysoluciones.com\/corpupaipa\/","logo":{"@type":"ImageObject","inLanguage":"es-CO","@id":"https:\/\/datosysoluciones.com\/corpupaipa\/#\/schema\/logo\/image\/","url":"https:\/\/datosysoluciones.com\/corpupaipa\/wp-content\/uploads\/2022\/10\/logo-cortupaipa-b.png","contentUrl":"https:\/\/datosysoluciones.com\/corpupaipa\/wp-content\/uploads\/2022\/10\/logo-cortupaipa-b.png","width":320,"height":87,"caption":"Cortupaipa"},"image":{"@id":"https:\/\/datosysoluciones.com\/corpupaipa\/#\/schema\/logo\/image\/"}}]}},"_links":{"self":[{"href":"https:\/\/datosysoluciones.com\/corpupaipa\/wp-json\/wp\/v2\/pages\/1805"}],"collection":[{"href":"https:\/\/datosysoluciones.com\/corpupaipa\/wp-json\/wp\/v2\/pages"}],"about":[{"href":"https:\/\/datosysoluciones.com\/corpupaipa\/wp-json\/wp\/v2\/types\/page"}],"author":[{"embeddable":true,"href":"https:\/\/datosysoluciones.com\/corpupaipa\/wp-json\/wp\/v2\/users\/1"}],"replies":[{"embeddable":true,"href":"https:\/\/datosysoluciones.com\/corpupaipa\/wp-json\/wp\/v2\/comments?post=1805"}],"version-history":[{"count":13,"href":"https:\/\/datosysoluciones.com\/corpupaipa\/wp-json\/wp\/v2\/pages\/1805\/revisions"}],"predecessor-version":[{"id":1821,"href":"https:\/\/datosysoluciones.com\/corpupaipa\/wp-json\/wp\/v2\/pages\/1805\/revisions\/1821"}],"wp:attachment":[{"href":"https:\/\/datosysoluciones.com\/corpupaipa\/wp-json\/wp\/v2\/media?parent=1805"}],"curies":[{"name":"wp","href":"https:\/\/api.w.org\/{rel}","templated":true}]}}