{"id":390,"date":"2022-10-26T01:16:59","date_gmt":"2022-10-26T06:16:59","guid":{"rendered":"https:\/\/datosysoluciones.com\/corpupaipa\/?page_id=390"},"modified":"2022-12-26T21:42:15","modified_gmt":"2022-12-27T02:42:15","slug":"acerca-de-nosotros","status":"publish","type":"page","link":"https:\/\/datosysoluciones.com\/corpupaipa\/acerca-de-nosotros\/","title":{"rendered":"Acerca de Nosotros"},"content":{"rendered":"\t\t<div data-elementor-type=\"wp-page\" data-elementor-id=\"390\" class=\"elementor elementor-390\">\n\t\t\t\t\t\t\t\t\t<section class=\"elementor-section elementor-top-section elementor-element elementor-element-fed1ccb elementor-section-full_width elementor-section-height-default elementor-section-height-default\" data-id=\"fed1ccb\" data-element_type=\"section\" data-settings=\"{&quot;jet_parallax_layout_list&quot;:[],&quot;background_background&quot;:&quot;classic&quot;}\">\n\t\t\t\t\t\t<div class=\"elementor-container elementor-column-gap-default\">\n\t\t\t\t\t<div class=\"elementor-column elementor-col-50 elementor-top-column elementor-element elementor-element-b0a32ae\" data-id=\"b0a32ae\" data-element_type=\"column\" data-settings=\"{&quot;background_background&quot;:&quot;classic&quot;}\">\n\t\t\t<div class=\"elementor-widget-wrap elementor-element-populated\">\n\t\t\t\t\t\t\t\t\t<\/div>\n\t\t<\/div>\n\t\t\t\t<div class=\"elementor-column elementor-col-50 elementor-top-column elementor-element elementor-element-52ddf03\" data-id=\"52ddf03\" data-element_type=\"column\">\n\t\t\t<div class=\"elementor-widget-wrap\">\n\t\t\t\t\t\t\t\t\t<\/div>\n\t\t<\/div>\n\t\t\t\t\t\t\t<\/div>\n\t\t<\/section>\n\t\t\t\t<section class=\"elementor-section elementor-top-section elementor-element elementor-element-c467500 elementor-section-boxed elementor-section-height-default elementor-section-height-default\" data-id=\"c467500\" data-element_type=\"section\" data-settings=\"{&quot;jet_parallax_layout_list&quot;:[]}\">\n\t\t\t\t\t\t<div class=\"elementor-container elementor-column-gap-default\">\n\t\t\t\t\t<div class=\"elementor-column elementor-col-50 elementor-top-column elementor-element elementor-element-17bc176\" data-id=\"17bc176\" data-element_type=\"column\">\n\t\t\t<div class=\"elementor-widget-wrap elementor-element-populated\">\n\t\t\t\t\t\t\t\t<div class=\"elementor-element elementor-element-2de565a elementor-widget elementor-widget-text-editor\" data-id=\"2de565a\" data-element_type=\"widget\" data-widget_type=\"text-editor.default\">\n\t\t\t\t<div class=\"elementor-widget-container\">\n\t\t\t<style>\/*! elementor - v3.6.8 - 27-07-2022 *\/\n.elementor-widget-text-editor.elementor-drop-cap-view-stacked .elementor-drop-cap{background-color:#818a91;color:#fff}.elementor-widget-text-editor.elementor-drop-cap-view-framed .elementor-drop-cap{color:#818a91;border:3px solid;background-color:transparent}.elementor-widget-text-editor:not(.elementor-drop-cap-view-default) .elementor-drop-cap{margin-top:8px}.elementor-widget-text-editor:not(.elementor-drop-cap-view-default) .elementor-drop-cap-letter{width:1em;height:1em}.elementor-widget-text-editor .elementor-drop-cap{float:left;text-align:center;line-height:1;font-size:50px}.elementor-widget-text-editor .elementor-drop-cap-letter{display:inline-block}<\/style>\t\t\t\t<strong>CORTUPAIPA<\/strong> es una Corporaci\u00f3n civil de participaci\u00f3n mixta, sin \u00e1nimo de lucro, de car\u00e1cter privado con patrimonio propio, cuyas actividades est\u00e1n ce\u00f1idas a la Constituci\u00f3n Pol\u00edtica de Colombia, a la ley y por las regulaciones previstas a las corporaciones y a los estatutos de la entidad.\t\t\t\t\t\t<\/div>\n\t\t\t\t<\/div>\n\t\t\t\t<div class=\"elementor-element elementor-element-2973b2a elementor-widget elementor-widget-text-editor\" data-id=\"2973b2a\" data-element_type=\"widget\" data-widget_type=\"text-editor.default\">\n\t\t\t\t<div class=\"elementor-widget-container\">\n\t\t\t\t\t\t\t<strong>CORTUPAIPA<\/strong> se denomina: \u201c<strong>CORPORACION FONDO MIXTO DE PROMOCION Y DESARROLLO TURISTICO DE PAIPA<\/strong>\u201d, con la sigla CORTUPAIPA\t\t\t\t\t\t<\/div>\n\t\t\t\t<\/div>\n\t\t\t\t\t<\/div>\n\t\t<\/div>\n\t\t\t\t<div class=\"elementor-column elementor-col-50 elementor-top-column elementor-element elementor-element-dfbee21\" data-id=\"dfbee21\" data-element_type=\"column\" data-settings=\"{&quot;motion_fx_motion_fx_scrolling&quot;:&quot;yes&quot;,&quot;motion_fx_scale_effect&quot;:&quot;yes&quot;,&quot;motion_fx_scale_speed&quot;:{&quot;unit&quot;:&quot;px&quot;,&quot;size&quot;:2,&quot;sizes&quot;:[]},&quot;motion_fx_scale_direction&quot;:&quot;out-in&quot;,&quot;motion_fx_scale_range&quot;:{&quot;unit&quot;:&quot;%&quot;,&quot;size&quot;:&quot;&quot;,&quot;sizes&quot;:{&quot;start&quot;:20,&quot;end&quot;:80}},&quot;motion_fx_devices&quot;:[&quot;desktop&quot;,&quot;tablet&quot;,&quot;mobile&quot;]}\">\n\t\t\t<div class=\"elementor-widget-wrap elementor-element-populated\">\n\t\t\t\t\t\t\t\t<div class=\"elementor-element elementor-element-a403d11 elementor-widget elementor-widget-image\" data-id=\"a403d11\" data-element_type=\"widget\" data-widget_type=\"image.default\">\n\t\t\t\t<div class=\"elementor-widget-container\">\n\t\t\t<style>\/*! elementor - v3.6.8 - 27-07-2022 *\/\n.elementor-widget-image{text-align:center}.elementor-widget-image a{display:inline-block}.elementor-widget-image a img[src$=\".svg\"]{width:48px}.elementor-widget-image img{vertical-align:middle;display:inline-block}<\/style>\t\t\t\t\t\t\t\t\t\t\t\t<img loading=\"lazy\" decoding=\"async\" width=\"360\" height=\"357\" src=\"https:\/\/datosysoluciones.com\/corpupaipa\/wp-content\/uploads\/2022\/10\/cortupaipa-vertical.png\" class=\"attachment-large size-large\" alt=\"\" srcset=\"https:\/\/datosysoluciones.com\/corpupaipa\/wp-content\/uploads\/2022\/10\/cortupaipa-vertical.png 360w, https:\/\/datosysoluciones.com\/corpupaipa\/wp-content\/uploads\/2022\/10\/cortupaipa-vertical-300x298.png 300w, https:\/\/datosysoluciones.com\/corpupaipa\/wp-content\/uploads\/2022\/10\/cortupaipa-vertical-150x150.png 150w\" sizes=\"(max-width: 360px) 100vw, 360px\" style=\"width:100%;height:99.17%;max-width:360px\" \/>\t\t\t\t\t\t\t\t\t\t\t\t\t\t\t<\/div>\n\t\t\t\t<\/div>\n\t\t\t\t\t<\/div>\n\t\t<\/div>\n\t\t\t\t\t\t\t<\/div>\n\t\t<\/section>\n\t\t\t\t<section class=\"elementor-section elementor-top-section elementor-element elementor-element-0ca24f3 elementor-section-boxed elementor-section-height-default elementor-section-height-default\" data-id=\"0ca24f3\" data-element_type=\"section\" data-settings=\"{&quot;jet_parallax_layout_list&quot;:[],&quot;background_background&quot;:&quot;classic&quot;}\">\n\t\t\t\t\t\t\t<div class=\"elementor-background-overlay\"><\/div>\n\t\t\t\t\t\t\t<div class=\"elementor-container elementor-column-gap-default\">\n\t\t\t\t\t<div class=\"elementor-column elementor-col-100 elementor-top-column elementor-element elementor-element-ec4565e\" data-id=\"ec4565e\" data-element_type=\"column\">\n\t\t\t<div class=\"elementor-widget-wrap elementor-element-populated\">\n\t\t\t\t\t\t\t\t<section class=\"elementor-section elementor-inner-section elementor-element elementor-element-651a7a3 elementor-section-boxed elementor-section-height-default elementor-section-height-default\" data-id=\"651a7a3\" data-element_type=\"section\" data-settings=\"{&quot;jet_parallax_layout_list&quot;:[]}\">\n\t\t\t\t\t\t<div class=\"elementor-container elementor-column-gap-default\">\n\t\t\t\t\t<div class=\"elementor-column elementor-col-50 elementor-inner-column elementor-element elementor-element-45d8276\" data-id=\"45d8276\" data-element_type=\"column\">\n\t\t\t<div class=\"elementor-widget-wrap elementor-element-populated\">\n\t\t\t\t\t\t\t\t<div class=\"elementor-element elementor-element-fc19e18 elementor-widget elementor-widget-heading\" data-id=\"fc19e18\" data-element_type=\"widget\" data-widget_type=\"heading.default\">\n\t\t\t\t<div class=\"elementor-widget-container\">\n\t\t\t<style>\/*! elementor - v3.6.8 - 27-07-2022 *\/\n.elementor-heading-title{padding:0;margin:0;line-height:1}.elementor-widget-heading .elementor-heading-title[class*=elementor-size-]>a{color:inherit;font-size:inherit;line-height:inherit}.elementor-widget-heading .elementor-heading-title.elementor-size-small{font-size:15px}.elementor-widget-heading .elementor-heading-title.elementor-size-medium{font-size:19px}.elementor-widget-heading .elementor-heading-title.elementor-size-large{font-size:29px}.elementor-widget-heading .elementor-heading-title.elementor-size-xl{font-size:39px}.elementor-widget-heading .elementor-heading-title.elementor-size-xxl{font-size:59px}<\/style><h3 class=\"elementor-heading-title elementor-size-default\">Visi\u00f3n<\/h3>\t\t<\/div>\n\t\t\t\t<\/div>\n\t\t\t\t\t<\/div>\n\t\t<\/div>\n\t\t\t\t<div class=\"elementor-column elementor-col-50 elementor-inner-column elementor-element elementor-element-0282038\" data-id=\"0282038\" data-element_type=\"column\">\n\t\t\t<div class=\"elementor-widget-wrap elementor-element-populated\">\n\t\t\t\t\t\t\t\t<div class=\"elementor-element elementor-element-e276cd9 elementor-align-right elementor-widget elementor-widget-button\" data-id=\"e276cd9\" data-element_type=\"widget\" data-widget_type=\"button.default\">\n\t\t\t\t<div class=\"elementor-widget-container\">\n\t\t\t\t\t<div class=\"elementor-button-wrapper\">\n\t\t\t<a href=\"https:\/\/datosysoluciones.com\/corpupaipa\/wp-content\/uploads\/2022\/12\/ESTATUTOS-2020-.pdf\" target=\"_blank\" class=\"elementor-button-link elementor-button elementor-size-sm\" role=\"button\">\n\t\t\t\t\t\t<span class=\"elementor-button-content-wrapper\">\n\t\t\t\t\t\t\t<span class=\"elementor-button-icon elementor-align-icon-right\">\n\t\t\t\t<i aria-hidden=\"true\" class=\"far fa-file-alt\"><\/i>\t\t\t<\/span>\n\t\t\t\t\t\t<span class=\"elementor-button-text\">Descargue aqu\u00ed los Estatutos de la Corporaci\u00f3n<\/span>\n\t\t<\/span>\n\t\t\t\t\t<\/a>\n\t\t<\/div>\n\t\t\t\t<\/div>\n\t\t\t\t<\/div>\n\t\t\t\t\t<\/div>\n\t\t<\/div>\n\t\t\t\t\t\t\t<\/div>\n\t\t<\/section>\n\t\t\t\t<div class=\"elementor-element elementor-element-42f5d4c elementor-widget elementor-widget-text-editor\" data-id=\"42f5d4c\" data-element_type=\"widget\" data-widget_type=\"text-editor.default\">\n\t\t\t\t<div class=\"elementor-widget-container\">\n\t\t\t\t\t\t\t\u00abAl 2021, CORTUPAIPA ha generado un desarrollo tur\u00edstico para la ciudad que es reconocido como uno de los cinco destinos de mayor demanda del pa\u00eds, soportando su gesti\u00f3n y procesos en la sostenibilidad ambiental. Para el 2019, ha promovido la consolidaci\u00f3n de infraestructura vial y se\u00f1alizaci\u00f3n que hacen de Paipa  un destino bicentenario; por lo que el turismo se ha convertido en un eje de desarrollo que soporta la econom\u00eda regional, se cuenta con un sistema de promoci\u00f3n y venta de productos y servicios que son el cimiento de sostenibilidad de los diversos actores involucrados.\n\nCORTUPAIPA, cuenta con el recurso humano suficiente y efectivo para su desarrollo, que aporta a la consolidaci\u00f3n del destino tur\u00edstico mediante la gesti\u00f3n para la formaci\u00f3n del Talento Humano vinculado a los diferentes procesos, de manera que la identidad local, la calidez y servicio de las personas son el principal factor de recordaci\u00f3n nacional; con lo cual ha consolidado a Paipa como ejemplo de sinergia e integraci\u00f3n regional.\u00bb\t\t\t\t\t\t<\/div>\n\t\t\t\t<\/div>\n\t\t\t\t<section class=\"elementor-section elementor-inner-section elementor-element elementor-element-3ac1b75 elementor-section-boxed elementor-section-height-default elementor-section-height-default\" data-id=\"3ac1b75\" data-element_type=\"section\" data-settings=\"{&quot;jet_parallax_layout_list&quot;:[]}\">\n\t\t\t\t\t\t<div class=\"elementor-container elementor-column-gap-default\">\n\t\t\t\t\t<div class=\"elementor-column elementor-col-50 elementor-inner-column elementor-element elementor-element-9d2e985\" data-id=\"9d2e985\" data-element_type=\"column\">\n\t\t\t<div class=\"elementor-widget-wrap elementor-element-populated\">\n\t\t\t\t\t\t\t\t<div class=\"elementor-element elementor-element-400febc elementor-widget elementor-widget-heading\" data-id=\"400febc\" data-element_type=\"widget\" data-widget_type=\"heading.default\">\n\t\t\t\t<div class=\"elementor-widget-container\">\n\t\t\t<h3 class=\"elementor-heading-title elementor-size-default\">Misi\u00f3n<\/h3>\t\t<\/div>\n\t\t\t\t<\/div>\n\t\t\t\t<div class=\"elementor-element elementor-element-76348b5 elementor-widget elementor-widget-text-editor\" data-id=\"76348b5\" data-element_type=\"widget\" data-widget_type=\"text-editor.default\">\n\t\t\t\t<div class=\"elementor-widget-container\">\n\t\t\t\t\t\t\tGestionar el desarrollo tur\u00edstico de Paipa, fortaleciendo el sector, para competir como regi\u00f3n, a trav\u00e9s de la actualizaci\u00f3n permanente de la oferta tur\u00edstica que asegure el crecimiento de CORTUPAIPA, con una retribuci\u00f3n adecuada y justa para s\u00ed misma y para dinamizar la econom\u00eda regional.\t\t\t\t\t\t<\/div>\n\t\t\t\t<\/div>\n\t\t\t\t\t<\/div>\n\t\t<\/div>\n\t\t\t\t<div class=\"elementor-column elementor-col-50 elementor-inner-column elementor-element elementor-element-de77cdd\" data-id=\"de77cdd\" data-element_type=\"column\">\n\t\t\t<div class=\"elementor-widget-wrap elementor-element-populated\">\n\t\t\t\t\t\t\t\t<div class=\"elementor-element elementor-element-70f617e elementor-widget elementor-widget-heading\" data-id=\"70f617e\" data-element_type=\"widget\" data-widget_type=\"heading.default\">\n\t\t\t\t<div class=\"elementor-widget-container\">\n\t\t\t<h3 class=\"elementor-heading-title elementor-size-default\">CORPORACION FONDO MIXTO DE PROMOCION Y DESARROLLO TURISTICO DE PAIPA<\/h3>\t\t<\/div>\n\t\t\t\t<\/div>\n\t\t\t\t\t<\/div>\n\t\t<\/div>\n\t\t\t\t\t\t\t<\/div>\n\t\t<\/section>\n\t\t\t\t\t<\/div>\n\t\t<\/div>\n\t\t\t\t\t\t\t<\/div>\n\t\t<\/section>\n\t\t\t\t\t\t\t<\/div>\n\t\t","protected":false},"excerpt":{"rendered":"<p>CORTUPAIPA es una Corporaci\u00f3n civil de participaci\u00f3n mixta, sin \u00e1nimo de lucro, de car\u00e1cter privado con patrimonio propio, cuyas actividades est\u00e1n ce\u00f1idas a la Constituci\u00f3n Pol\u00edtica de Colombia, a la ley y por las regulaciones previstas a las corporaciones y a los estatutos de la entidad.CORTUPAIPA se denomina: \u201cCORPORACION FONDO MIXTO DE PROMOCION Y DESARROLLO&hellip; <a class=\"more-link\" href=\"https:\/\/datosysoluciones.com\/corpupaipa\/acerca-de-nosotros\/\">Seguir leyendo <span class=\"screen-reader-text\">Acerca de Nosotros<\/span><\/a><\/p>\n","protected":false},"author":1,"featured_media":0,"parent":0,"menu_order":0,"comment_status":"closed","ping_status":"closed","template":"elementor_header_footer","meta":{"footnotes":""},"yoast_head":"<!-- This site is optimized with the Yoast SEO plugin v19.12 - https:\/\/yoast.com\/wordpress\/plugins\/seo\/ -->\n<title>Acerca de Nosotros - Cortupaipa<\/title>\n<meta name=\"robots\" content=\"index, follow, max-snippet:-1, max-image-preview:large, max-video-preview:-1\" \/>\n<link rel=\"canonical\" href=\"https:\/\/datosysoluciones.com\/corpupaipa\/acerca-de-nosotros\/\" \/>\n<meta property=\"og:locale\" content=\"es_ES\" \/>\n<meta property=\"og:type\" content=\"article\" \/>\n<meta property=\"og:title\" content=\"Acerca de Nosotros - Cortupaipa\" \/>\n<meta property=\"og:description\" content=\"CORTUPAIPA es una Corporaci\u00f3n civil de participaci\u00f3n mixta, sin \u00e1nimo de lucro, de car\u00e1cter privado con patrimonio propio, cuyas actividades est\u00e1n ce\u00f1idas a la Constituci\u00f3n Pol\u00edtica de Colombia, a la ley y por las regulaciones previstas a las corporaciones y a los estatutos de la entidad.CORTUPAIPA se denomina: \u201cCORPORACION FONDO MIXTO DE PROMOCION Y DESARROLLO&hellip; Seguir leyendo Acerca de Nosotros\" \/>\n<meta property=\"og:url\" content=\"https:\/\/datosysoluciones.com\/corpupaipa\/acerca-de-nosotros\/\" \/>\n<meta property=\"og:site_name\" content=\"Cortupaipa\" \/>\n<meta property=\"article:modified_time\" content=\"2022-12-27T02:42:15+00:00\" \/>\n<meta property=\"og:image\" content=\"https:\/\/datosysoluciones.com\/corpupaipa\/wp-content\/uploads\/2022\/10\/cortupaipa-vertical.png\" \/>\n<meta name=\"twitter:card\" content=\"summary_large_image\" \/>\n<meta name=\"twitter:label1\" content=\"Tiempo estimado de lectura\" \/>\n\t<meta name=\"twitter:data1\" content=\"2 minutos\" \/>\n<script type=\"application\/ld+json\" class=\"yoast-schema-graph\">{\"@context\":\"https:\/\/schema.org\",\"@graph\":[{\"@type\":\"WebPage\",\"@id\":\"https:\/\/datosysoluciones.com\/corpupaipa\/acerca-de-nosotros\/\",\"url\":\"https:\/\/datosysoluciones.com\/corpupaipa\/acerca-de-nosotros\/\",\"name\":\"Acerca de Nosotros - Cortupaipa\",\"isPartOf\":{\"@id\":\"https:\/\/datosysoluciones.com\/corpupaipa\/#website\"},\"datePublished\":\"2022-10-26T06:16:59+00:00\",\"dateModified\":\"2022-12-27T02:42:15+00:00\",\"breadcrumb\":{\"@id\":\"https:\/\/datosysoluciones.com\/corpupaipa\/acerca-de-nosotros\/#breadcrumb\"},\"inLanguage\":\"es-CO\",\"potentialAction\":[{\"@type\":\"ReadAction\",\"target\":[\"https:\/\/datosysoluciones.com\/corpupaipa\/acerca-de-nosotros\/\"]}]},{\"@type\":\"BreadcrumbList\",\"@id\":\"https:\/\/datosysoluciones.com\/corpupaipa\/acerca-de-nosotros\/#breadcrumb\",\"itemListElement\":[{\"@type\":\"ListItem\",\"position\":1,\"name\":\"Inicio\",\"item\":\"https:\/\/datosysoluciones.com\/corpupaipa\/\"},{\"@type\":\"ListItem\",\"position\":2,\"name\":\"Acerca de Nosotros\"}]},{\"@type\":\"WebSite\",\"@id\":\"https:\/\/datosysoluciones.com\/corpupaipa\/#website\",\"url\":\"https:\/\/datosysoluciones.com\/corpupaipa\/\",\"name\":\"Cortupaipa\",\"description\":\"Fondo Mixto de Promoci\u00f3n y Desarrollo Tur\u00edstico de Paipa\",\"publisher\":{\"@id\":\"https:\/\/datosysoluciones.com\/corpupaipa\/#organization\"},\"potentialAction\":[{\"@type\":\"SearchAction\",\"target\":{\"@type\":\"EntryPoint\",\"urlTemplate\":\"https:\/\/datosysoluciones.com\/corpupaipa\/?s={search_term_string}\"},\"query-input\":\"required name=search_term_string\"}],\"inLanguage\":\"es-CO\"},{\"@type\":\"Organization\",\"@id\":\"https:\/\/datosysoluciones.com\/corpupaipa\/#organization\",\"name\":\"Cortupaipa\",\"url\":\"https:\/\/datosysoluciones.com\/corpupaipa\/\",\"logo\":{\"@type\":\"ImageObject\",\"inLanguage\":\"es-CO\",\"@id\":\"https:\/\/datosysoluciones.com\/corpupaipa\/#\/schema\/logo\/image\/\",\"url\":\"https:\/\/datosysoluciones.com\/corpupaipa\/wp-content\/uploads\/2022\/10\/logo-cortupaipa-b.png\",\"contentUrl\":\"https:\/\/datosysoluciones.com\/corpupaipa\/wp-content\/uploads\/2022\/10\/logo-cortupaipa-b.png\",\"width\":320,\"height\":87,\"caption\":\"Cortupaipa\"},\"image\":{\"@id\":\"https:\/\/datosysoluciones.com\/corpupaipa\/#\/schema\/logo\/image\/\"}}]}<\/script>\n<!-- \/ Yoast SEO plugin. -->","yoast_head_json":{"title":"Acerca de Nosotros - Cortupaipa","robots":{"index":"index","follow":"follow","max-snippet":"max-snippet:-1","max-image-preview":"max-image-preview:large","max-video-preview":"max-video-preview:-1"},"canonical":"https:\/\/datosysoluciones.com\/corpupaipa\/acerca-de-nosotros\/","og_locale":"es_ES","og_type":"article","og_title":"Acerca de Nosotros - Cortupaipa","og_description":"CORTUPAIPA es una Corporaci\u00f3n civil de participaci\u00f3n mixta, sin \u00e1nimo de lucro, de car\u00e1cter privado con patrimonio propio, cuyas actividades est\u00e1n ce\u00f1idas a la Constituci\u00f3n Pol\u00edtica de Colombia, a la ley y por las regulaciones previstas a las corporaciones y a los estatutos de la entidad.CORTUPAIPA se denomina: \u201cCORPORACION FONDO MIXTO DE PROMOCION Y DESARROLLO&hellip; Seguir leyendo Acerca de Nosotros","og_url":"https:\/\/datosysoluciones.com\/corpupaipa\/acerca-de-nosotros\/","og_site_name":"Cortupaipa","article_modified_time":"2022-12-27T02:42:15+00:00","og_image":[{"url":"https:\/\/datosysoluciones.com\/corpupaipa\/wp-content\/uploads\/2022\/10\/cortupaipa-vertical.png"}],"twitter_card":"summary_large_image","twitter_misc":{"Tiempo estimado de lectura":"2 minutos"},"schema":{"@context":"https:\/\/schema.org","@graph":[{"@type":"WebPage","@id":"https:\/\/datosysoluciones.com\/corpupaipa\/acerca-de-nosotros\/","url":"https:\/\/datosysoluciones.com\/corpupaipa\/acerca-de-nosotros\/","name":"Acerca de Nosotros - Cortupaipa","isPartOf":{"@id":"https:\/\/datosysoluciones.com\/corpupaipa\/#website"},"datePublished":"2022-10-26T06:16:59+00:00","dateModified":"2022-12-27T02:42:15+00:00","breadcrumb":{"@id":"https:\/\/datosysoluciones.com\/corpupaipa\/acerca-de-nosotros\/#breadcrumb"},"inLanguage":"es-CO","potentialAction":[{"@type":"ReadAction","target":["https:\/\/datosysoluciones.com\/corpupaipa\/acerca-de-nosotros\/"]}]},{"@type":"BreadcrumbList","@id":"https:\/\/datosysoluciones.com\/corpupaipa\/acerca-de-nosotros\/#breadcrumb","itemListElement":[{"@type":"ListItem","position":1,"name":"Inicio","item":"https:\/\/datosysoluciones.com\/corpupaipa\/"},{"@type":"ListItem","position":2,"name":"Acerca de Nosotros"}]},{"@type":"WebSite","@id":"https:\/\/datosysoluciones.com\/corpupaipa\/#website","url":"https:\/\/datosysoluciones.com\/corpupaipa\/","name":"Cortupaipa","description":"Fondo Mixto de Promoci\u00f3n y Desarrollo Tur\u00edstico de Paipa","publisher":{"@id":"https:\/\/datosysoluciones.com\/corpupaipa\/#organization"},"potentialAction":[{"@type":"SearchAction","target":{"@type":"EntryPoint","urlTemplate":"https:\/\/datosysoluciones.com\/corpupaipa\/?s={search_term_string}"},"query-input":"required name=search_term_string"}],"inLanguage":"es-CO"},{"@type":"Organization","@id":"https:\/\/datosysoluciones.com\/corpupaipa\/#organization","name":"Cortupaipa","url":"https:\/\/datosysoluciones.com\/corpupaipa\/","logo":{"@type":"ImageObject","inLanguage":"es-CO","@id":"https:\/\/datosysoluciones.com\/corpupaipa\/#\/schema\/logo\/image\/","url":"https:\/\/datosysoluciones.com\/corpupaipa\/wp-content\/uploads\/2022\/10\/logo-cortupaipa-b.png","contentUrl":"https:\/\/datosysoluciones.com\/corpupaipa\/wp-content\/uploads\/2022\/10\/logo-cortupaipa-b.png","width":320,"height":87,"caption":"Cortupaipa"},"image":{"@id":"https:\/\/datosysoluciones.com\/corpupaipa\/#\/schema\/logo\/image\/"}}]}},"_links":{"self":[{"href":"https:\/\/datosysoluciones.com\/corpupaipa\/wp-json\/wp\/v2\/pages\/390"}],"collection":[{"href":"https:\/\/datosysoluciones.com\/corpupaipa\/wp-json\/wp\/v2\/pages"}],"about":[{"href":"https:\/\/datosysoluciones.com\/corpupaipa\/wp-json\/wp\/v2\/types\/page"}],"author":[{"embeddable":true,"href":"https:\/\/datosysoluciones.com\/corpupaipa\/wp-json\/wp\/v2\/users\/1"}],"replies":[{"embeddable":true,"href":"https:\/\/datosysoluciones.com\/corpupaipa\/wp-json\/wp\/v2\/comments?post=390"}],"version-history":[{"count":70,"href":"https:\/\/datosysoluciones.com\/corpupaipa\/wp-json\/wp\/v2\/pages\/390\/revisions"}],"predecessor-version":[{"id":1801,"href":"https:\/\/datosysoluciones.com\/corpupaipa\/wp-json\/wp\/v2\/pages\/390\/revisions\/1801"}],"wp:attachment":[{"href":"https:\/\/datosysoluciones.com\/corpupaipa\/wp-json\/wp\/v2\/media?parent=390"}],"curies":[{"name":"wp","href":"https:\/\/api.w.org\/{rel}","templated":true}]}}