{"id":676,"date":"2022-12-12T12:48:47","date_gmt":"2022-12-12T17:48:47","guid":{"rendered":"https:\/\/datosysoluciones.com\/corpupaipa\/?page_id=676"},"modified":"2022-12-14T10:36:12","modified_gmt":"2022-12-14T15:36:12","slug":"sobre-paipa","status":"publish","type":"page","link":"https:\/\/datosysoluciones.com\/corpupaipa\/sobre-paipa\/","title":{"rendered":"Sobre Paipa"},"content":{"rendered":"\t\t<div data-elementor-type=\"wp-page\" data-elementor-id=\"676\" class=\"elementor elementor-676\">\n\t\t\t\t\t\t\t\t\t<section class=\"elementor-section elementor-top-section elementor-element elementor-element-911799c elementor-section-full_width elementor-section-height-default elementor-section-height-default\" data-id=\"911799c\" data-element_type=\"section\" data-settings=\"{&quot;jet_parallax_layout_list&quot;:[],&quot;background_background&quot;:&quot;classic&quot;}\">\n\t\t\t\t\t\t<div class=\"elementor-container elementor-column-gap-default\">\n\t\t\t\t\t<div class=\"elementor-column elementor-col-50 elementor-top-column elementor-element elementor-element-d0e1e95\" data-id=\"d0e1e95\" data-element_type=\"column\" data-settings=\"{&quot;background_background&quot;:&quot;gradient&quot;}\">\n\t\t\t<div class=\"elementor-widget-wrap elementor-element-populated\">\n\t\t\t\t\t\t\t\t\t<\/div>\n\t\t<\/div>\n\t\t\t\t<div class=\"elementor-column elementor-col-50 elementor-top-column elementor-element elementor-element-8eb07fa\" data-id=\"8eb07fa\" data-element_type=\"column\">\n\t\t\t<div class=\"elementor-widget-wrap\">\n\t\t\t\t\t\t\t\t\t<\/div>\n\t\t<\/div>\n\t\t\t\t\t\t\t<\/div>\n\t\t<\/section>\n\t\t\t\t<section class=\"elementor-section elementor-top-section elementor-element elementor-element-bc0472f elementor-section-boxed elementor-section-height-default elementor-section-height-default\" data-id=\"bc0472f\" data-element_type=\"section\" data-settings=\"{&quot;jet_parallax_layout_list&quot;:[]}\">\n\t\t\t\t\t\t<div class=\"elementor-container elementor-column-gap-default\">\n\t\t\t\t\t<div class=\"elementor-column elementor-col-100 elementor-top-column elementor-element elementor-element-7dfbd88\" data-id=\"7dfbd88\" data-element_type=\"column\">\n\t\t\t<div class=\"elementor-widget-wrap elementor-element-populated\">\n\t\t\t\t\t\t\t\t<div class=\"elementor-element elementor-element-1db9a9b elementor-widget elementor-widget-text-editor\" data-id=\"1db9a9b\" data-element_type=\"widget\" data-widget_type=\"text-editor.default\">\n\t\t\t\t<div class=\"elementor-widget-container\">\n\t\t\t<style>\/*! elementor - v3.6.8 - 27-07-2022 *\/\n.elementor-widget-text-editor.elementor-drop-cap-view-stacked .elementor-drop-cap{background-color:#818a91;color:#fff}.elementor-widget-text-editor.elementor-drop-cap-view-framed .elementor-drop-cap{color:#818a91;border:3px solid;background-color:transparent}.elementor-widget-text-editor:not(.elementor-drop-cap-view-default) .elementor-drop-cap{margin-top:8px}.elementor-widget-text-editor:not(.elementor-drop-cap-view-default) .elementor-drop-cap-letter{width:1em;height:1em}.elementor-widget-text-editor .elementor-drop-cap{float:left;text-align:center;line-height:1;font-size:50px}.elementor-widget-text-editor .elementor-drop-cap-letter{display:inline-block}<\/style>\t\t\t\tPaipa capital tur\u00edstica, ubicada en el coraz\u00f3n de Boyac\u00e1 privilegiada de su contexto natural  y por la diversidad de bienes y servicios para el deleite de los turistas y visitantes nacionales como extranjeros.\t\t\t\t\t\t<\/div>\n\t\t\t\t<\/div>\n\t\t\t\t<section class=\"elementor-section elementor-inner-section elementor-element elementor-element-3cfb4f0 elementor-section-boxed elementor-section-height-default elementor-section-height-default\" data-id=\"3cfb4f0\" data-element_type=\"section\" data-settings=\"{&quot;jet_parallax_layout_list&quot;:[]}\">\n\t\t\t\t\t\t<div class=\"elementor-container elementor-column-gap-default\">\n\t\t\t\t\t<div class=\"elementor-column elementor-col-50 elementor-inner-column elementor-element elementor-element-5dbf403\" data-id=\"5dbf403\" data-element_type=\"column\">\n\t\t\t<div class=\"elementor-widget-wrap elementor-element-populated\">\n\t\t\t\t\t\t\t\t<div class=\"elementor-element elementor-element-c1bd378 elementor-widget elementor-widget-text-editor\" data-id=\"c1bd378\" data-element_type=\"widget\" data-widget_type=\"text-editor.default\">\n\t\t\t\t<div class=\"elementor-widget-container\">\n\t\t\t\t\t\t\tPaipa significa PA, que en lengua muisca significa var\u00f3n, benefactor, se\u00f1or o padre, dos veces PA deb\u00eda significar patr\u00f3n, gran se\u00f1or o protector. Su fundaci\u00f3n data del 19 de febrero de 1602 declarada por Luis Enriquez como centro de adoctrinamiento en el lugar donde hoy es el parque Jaime Rook.\t\t\t\t\t\t<\/div>\n\t\t\t\t<\/div>\n\t\t\t\t\t<\/div>\n\t\t<\/div>\n\t\t\t\t<div class=\"elementor-column elementor-col-50 elementor-inner-column elementor-element elementor-element-8944fdd\" data-id=\"8944fdd\" data-element_type=\"column\">\n\t\t\t<div class=\"elementor-widget-wrap elementor-element-populated\">\n\t\t\t\t\t\t\t\t<div class=\"elementor-element elementor-element-0c63252 elementor-invisible elementor-widget elementor-widget-image\" data-id=\"0c63252\" data-element_type=\"widget\" data-settings=\"{&quot;_animation&quot;:&quot;fadeInRight&quot;}\" data-widget_type=\"image.default\">\n\t\t\t\t<div class=\"elementor-widget-container\">\n\t\t\t<style>\/*! elementor - v3.6.8 - 27-07-2022 *\/\n.elementor-widget-image{text-align:center}.elementor-widget-image a{display:inline-block}.elementor-widget-image a img[src$=\".svg\"]{width:48px}.elementor-widget-image img{vertical-align:middle;display:inline-block}<\/style>\t\t\t\t\t\t\t\t\t\t\t\t<img loading=\"lazy\" decoding=\"async\" width=\"300\" height=\"134\" src=\"https:\/\/datosysoluciones.com\/corpupaipa\/wp-content\/uploads\/2022\/10\/vivir-paipa.png\" class=\"attachment-large size-large\" alt=\"\" style=\"width:100%;height:44.67%;max-width:300px\" \/>\t\t\t\t\t\t\t\t\t\t\t\t\t\t\t<\/div>\n\t\t\t\t<\/div>\n\t\t\t\t\t<\/div>\n\t\t<\/div>\n\t\t\t\t\t\t\t<\/div>\n\t\t<\/section>\n\t\t\t\t\t<\/div>\n\t\t<\/div>\n\t\t\t\t\t\t\t<\/div>\n\t\t<\/section>\n\t\t\t\t<section class=\"elementor-section elementor-top-section elementor-element elementor-element-210e0d5 elementor-section-boxed elementor-section-height-default elementor-section-height-default\" data-id=\"210e0d5\" data-element_type=\"section\" data-settings=\"{&quot;jet_parallax_layout_list&quot;:[],&quot;background_background&quot;:&quot;classic&quot;}\">\n\t\t\t\t\t\t\t<div class=\"elementor-background-overlay\"><\/div>\n\t\t\t\t\t\t\t<div class=\"elementor-container elementor-column-gap-default\">\n\t\t\t\t\t<div class=\"elementor-column elementor-col-50 elementor-top-column elementor-element elementor-element-70668bd\" data-id=\"70668bd\" data-element_type=\"column\">\n\t\t\t<div class=\"elementor-widget-wrap elementor-element-populated\">\n\t\t\t\t\t\t\t\t<div class=\"elementor-element elementor-element-dd9796c elementor-widget elementor-widget-text-editor\" data-id=\"dd9796c\" data-element_type=\"widget\" data-widget_type=\"text-editor.default\">\n\t\t\t\t<div class=\"elementor-widget-container\">\n\t\t\t\t\t\t\tPaipa es un lugar de verano y recreaci\u00f3n por la bondad de  su clima y la belleza de sus paisajes y por supuesto a sus aguas termales . debido a esto comienza el desarrollo de la infraestructura hotelera como una de las mejores de la regi\u00f3n, para convenciones, descanso y  servicios.\t\t\t\t\t\t<\/div>\n\t\t\t\t<\/div>\n\t\t\t\t<div class=\"elementor-element elementor-element-f4abcf7 elementor-widget elementor-widget-text-editor\" data-id=\"f4abcf7\" data-element_type=\"widget\" data-widget_type=\"text-editor.default\">\n\t\t\t\t<div class=\"elementor-widget-container\">\n\t\t\t\t\t\t\tRecorramos este destino maravillosos con sus fuentes y piscinas termales, su majestuosos Lago Sochagota, su patrimonio hist\u00f3rico y cultural, su riqueza natural en Palermo; sus centros de negocios y evento, sin dejar a un lado las artesan\u00edas y la gastronom\u00eda con las tradicionales almoj\u00e1banas, amasijos y otros manjares; con orgullo presentamos el Queso paipa, producto artesanal con denominaci\u00f3n de origen.\t\t\t\t\t\t<\/div>\n\t\t\t\t<\/div>\n\t\t\t\t\t<\/div>\n\t\t<\/div>\n\t\t\t\t<div class=\"elementor-column elementor-col-50 elementor-top-column elementor-element elementor-element-3f53945\" data-id=\"3f53945\" data-element_type=\"column\">\n\t\t\t<div class=\"elementor-widget-wrap elementor-element-populated\">\n\t\t\t\t\t\t\t\t<div class=\"elementor-element elementor-element-9d55195 elementor-skin-slideshow elementor-aspect-ratio-169 elementor-arrows-yes elementor-widget elementor-widget-media-carousel\" data-id=\"9d55195\" data-element_type=\"widget\" data-settings=\"{&quot;skin&quot;:&quot;slideshow&quot;,&quot;effect&quot;:&quot;fade&quot;,&quot;centered_slides&quot;:&quot;yes&quot;,&quot;lazyload&quot;:&quot;yes&quot;,&quot;show_arrows&quot;:&quot;yes&quot;,&quot;speed&quot;:500,&quot;autoplay&quot;:&quot;yes&quot;,&quot;autoplay_speed&quot;:5000,&quot;loop&quot;:&quot;yes&quot;,&quot;pause_on_hover&quot;:&quot;yes&quot;,&quot;pause_on_interaction&quot;:&quot;yes&quot;,&quot;space_between&quot;:{&quot;unit&quot;:&quot;px&quot;,&quot;size&quot;:10,&quot;sizes&quot;:[]},&quot;space_between_tablet&quot;:{&quot;unit&quot;:&quot;px&quot;,&quot;size&quot;:10,&quot;sizes&quot;:[]},&quot;space_between_mobile&quot;:{&quot;unit&quot;:&quot;px&quot;,&quot;size&quot;:10,&quot;sizes&quot;:[]}}\" data-widget_type=\"media-carousel.default\">\n\t\t\t\t<div class=\"elementor-widget-container\">\n\t\t\t<link rel=\"stylesheet\" href=\"https:\/\/datosysoluciones.com\/corpupaipa\/wp-content\/plugins\/elementor-pro\/assets\/css\/widget-carousel.min.css\">\t\t<div class=\"elementor-swiper\">\n\t\t\t<div class=\"elementor-main-swiper swiper-container\">\n\t\t\t\t<div class=\"swiper-wrapper\">\n\t\t\t\t\t\t\t\t\t\t\t<div class=\"swiper-slide\">\n\t\t\t\t\t\t\t\t\t<div class=\"elementor-carousel-image swiper-lazy\" data-background=\"https:\/\/datosysoluciones.com\/corpupaipa\/wp-content\/uploads\/2022\/10\/imagen1.jpg\">\n\n\t\t\t\t\t\t\t<div class=\"swiper-lazy-preloader\"><\/div>\n\t\t\t\n\t\t\t\t\t<\/div>\n\t\t\t\t\t\t\t\t<\/div>\n\t\t\t\t\t\t\t\t\t\t\t<div class=\"swiper-slide\">\n\t\t\t\t\t\t\t\t\t<div class=\"elementor-carousel-image swiper-lazy\" data-background=\"https:\/\/datosysoluciones.com\/corpupaipa\/wp-content\/uploads\/2022\/10\/Concurso-Bandas-Musicales.jpg\">\n\n\t\t\t\t\t\t\t<div class=\"swiper-lazy-preloader\"><\/div>\n\t\t\t\n\t\t\t\t\t<\/div>\n\t\t\t\t\t\t\t\t<\/div>\n\t\t\t\t\t\t\t\t\t\t\t<div class=\"swiper-slide\">\n\t\t\t\t\t\t\t\t\t<div class=\"elementor-carousel-image swiper-lazy\" data-background=\"https:\/\/datosysoluciones.com\/corpupaipa\/wp-content\/uploads\/2022\/10\/turismo-min.jpg\">\n\n\t\t\t\t\t\t\t<div class=\"swiper-lazy-preloader\"><\/div>\n\t\t\t\n\t\t\t\t\t<\/div>\n\t\t\t\t\t\t\t\t<\/div>\n\t\t\t\t\t\t\t\t\t\t\t<div class=\"swiper-slide\">\n\t\t\t\t\t\t\t\t\t<div class=\"elementor-carousel-image swiper-lazy\" data-background=\"https:\/\/datosysoluciones.com\/corpupaipa\/wp-content\/uploads\/2022\/10\/imagen3.jpg\">\n\n\t\t\t\t\t\t\t<div class=\"swiper-lazy-preloader\"><\/div>\n\t\t\t\n\t\t\t\t\t<\/div>\n\t\t\t\t\t\t\t\t<\/div>\n\t\t\t\t\t\t\t\t\t\t\t<div class=\"swiper-slide\">\n\t\t\t\t\t\t\t\t\t<div class=\"elementor-carousel-image swiper-lazy\" data-background=\"https:\/\/datosysoluciones.com\/corpupaipa\/wp-content\/uploads\/2022\/10\/marca-paipa-min.jpg\">\n\n\t\t\t\t\t\t\t<div class=\"swiper-lazy-preloader\"><\/div>\n\t\t\t\n\t\t\t\t\t<\/div>\n\t\t\t\t\t\t\t\t<\/div>\n\t\t\t\t\t\t\t\t\t\t\t<div class=\"swiper-slide\">\n\t\t\t\t\t\t\t\t\t<div class=\"elementor-carousel-image swiper-lazy\" data-background=\"https:\/\/datosysoluciones.com\/corpupaipa\/wp-content\/uploads\/2022\/10\/imagen2.jpg\">\n\n\t\t\t\t\t\t\t<div class=\"swiper-lazy-preloader\"><\/div>\n\t\t\t\n\t\t\t\t\t<\/div>\n\t\t\t\t\t\t\t\t<\/div>\n\t\t\t\t\t\t\t\t\t\t\t<div class=\"swiper-slide\">\n\t\t\t\t\t\t\t\t\t<div class=\"elementor-carousel-image swiper-lazy\" data-background=\"https:\/\/datosysoluciones.com\/corpupaipa\/wp-content\/uploads\/2022\/12\/casona-min.jpg\">\n\n\t\t\t\t\t\t\t<div class=\"swiper-lazy-preloader\"><\/div>\n\t\t\t\n\t\t\t\t\t<\/div>\n\t\t\t\t\t\t\t\t<\/div>\n\t\t\t\t\t\t\t\t\t\t\t<div class=\"swiper-slide\">\n\t\t\t\t\t\t\t\t\t<div class=\"elementor-carousel-image swiper-lazy\" data-background=\"https:\/\/datosysoluciones.com\/corpupaipa\/wp-content\/uploads\/2022\/12\/queso-paipa-min.jpg\">\n\n\t\t\t\t\t\t\t<div class=\"swiper-lazy-preloader\"><\/div>\n\t\t\t\n\t\t\t\t\t<\/div>\n\t\t\t\t\t\t\t\t<\/div>\n\t\t\t\t\t\t\t\t\t<\/div>\n\t\t\t\t\t\t\t\t\t\t\t\t\t\t\t\t\t\t\t\t<div class=\"elementor-swiper-button elementor-swiper-button-prev\">\n\t\t\t\t\t\t\t<i aria-hidden=\"true\" class=\"eicon-chevron-left\"><\/i>\t\t\t\t\t\t\t<span class=\"elementor-screen-only\">Previous<\/span>\n\t\t\t\t\t\t<\/div>\n\t\t\t\t\t\t<div class=\"elementor-swiper-button elementor-swiper-button-next\">\n\t\t\t\t\t\t\t<i aria-hidden=\"true\" class=\"eicon-chevron-right\"><\/i>\t\t\t\t\t\t\t<span class=\"elementor-screen-only\">Next<\/span>\n\t\t\t\t\t\t<\/div>\n\t\t\t\t\t\t\t\t\t\t\t\t<\/div>\n\t\t<\/div>\n\t\t\t\t<div class=\"elementor-swiper\">\n\t\t\t<div class=\"elementor-thumbnails-swiper swiper-container\">\n\t\t\t\t<div class=\"swiper-wrapper\">\n\t\t\t\t\t\t\t\t\t\t\t<div class=\"swiper-slide\">\n\t\t\t\t\t\t\t\t\t<div class=\"elementor-fit-aspect-ratio elementor-carousel-image swiper-lazy\" data-background=\"https:\/\/datosysoluciones.com\/corpupaipa\/wp-content\/uploads\/2022\/10\/imagen1.jpg\">\n\n\t\t\t\t\t\t\t<div class=\"swiper-lazy-preloader\"><\/div>\n\t\t\t\n\t\t\t\t\t<\/div>\n\t\t\t\t\t\t\t\t<\/div>\n\t\t\t\t\t\t\t\t\t\t\t<div class=\"swiper-slide\">\n\t\t\t\t\t\t\t\t\t<div class=\"elementor-fit-aspect-ratio elementor-carousel-image swiper-lazy\" data-background=\"https:\/\/datosysoluciones.com\/corpupaipa\/wp-content\/uploads\/2022\/10\/Concurso-Bandas-Musicales.jpg\">\n\n\t\t\t\t\t\t\t<div class=\"swiper-lazy-preloader\"><\/div>\n\t\t\t\n\t\t\t\t\t<\/div>\n\t\t\t\t\t\t\t\t<\/div>\n\t\t\t\t\t\t\t\t\t\t\t<div class=\"swiper-slide\">\n\t\t\t\t\t\t\t\t\t<div class=\"elementor-fit-aspect-ratio elementor-carousel-image swiper-lazy\" data-background=\"https:\/\/datosysoluciones.com\/corpupaipa\/wp-content\/uploads\/2022\/10\/turismo-min.jpg\">\n\n\t\t\t\t\t\t\t<div class=\"swiper-lazy-preloader\"><\/div>\n\t\t\t\n\t\t\t\t\t<\/div>\n\t\t\t\t\t\t\t\t<\/div>\n\t\t\t\t\t\t\t\t\t\t\t<div class=\"swiper-slide\">\n\t\t\t\t\t\t\t\t\t<div class=\"elementor-fit-aspect-ratio elementor-carousel-image swiper-lazy\" data-background=\"https:\/\/datosysoluciones.com\/corpupaipa\/wp-content\/uploads\/2022\/10\/imagen3.jpg\">\n\n\t\t\t\t\t\t\t<div class=\"swiper-lazy-preloader\"><\/div>\n\t\t\t\n\t\t\t\t\t<\/div>\n\t\t\t\t\t\t\t\t<\/div>\n\t\t\t\t\t\t\t\t\t\t\t<div class=\"swiper-slide\">\n\t\t\t\t\t\t\t\t\t<div class=\"elementor-fit-aspect-ratio elementor-carousel-image swiper-lazy\" data-background=\"https:\/\/datosysoluciones.com\/corpupaipa\/wp-content\/uploads\/2022\/10\/marca-paipa-min.jpg\">\n\n\t\t\t\t\t\t\t<div class=\"swiper-lazy-preloader\"><\/div>\n\t\t\t\n\t\t\t\t\t<\/div>\n\t\t\t\t\t\t\t\t<\/div>\n\t\t\t\t\t\t\t\t\t\t\t<div class=\"swiper-slide\">\n\t\t\t\t\t\t\t\t\t<div class=\"elementor-fit-aspect-ratio elementor-carousel-image swiper-lazy\" data-background=\"https:\/\/datosysoluciones.com\/corpupaipa\/wp-content\/uploads\/2022\/10\/imagen2.jpg\">\n\n\t\t\t\t\t\t\t<div class=\"swiper-lazy-preloader\"><\/div>\n\t\t\t\n\t\t\t\t\t<\/div>\n\t\t\t\t\t\t\t\t<\/div>\n\t\t\t\t\t\t\t\t\t\t\t<div class=\"swiper-slide\">\n\t\t\t\t\t\t\t\t\t<div class=\"elementor-fit-aspect-ratio elementor-carousel-image swiper-lazy\" data-background=\"https:\/\/datosysoluciones.com\/corpupaipa\/wp-content\/uploads\/2022\/12\/casona-min.jpg\">\n\n\t\t\t\t\t\t\t<div class=\"swiper-lazy-preloader\"><\/div>\n\t\t\t\n\t\t\t\t\t<\/div>\n\t\t\t\t\t\t\t\t<\/div>\n\t\t\t\t\t\t\t\t\t\t\t<div class=\"swiper-slide\">\n\t\t\t\t\t\t\t\t\t<div class=\"elementor-fit-aspect-ratio elementor-carousel-image swiper-lazy\" data-background=\"https:\/\/datosysoluciones.com\/corpupaipa\/wp-content\/uploads\/2022\/12\/queso-paipa-min.jpg\">\n\n\t\t\t\t\t\t\t<div class=\"swiper-lazy-preloader\"><\/div>\n\t\t\t\n\t\t\t\t\t<\/div>\n\t\t\t\t\t\t\t\t<\/div>\n\t\t\t\t\t\t\t\t\t<\/div>\n\t\t\t\t\t\t\t\t\t\t\t\t\t\t\t\t\t\t\t\t\t<\/div>\n\t\t<\/div>\n\t\t\t\t<\/div>\n\t\t\t\t<\/div>\n\t\t\t\t\t<\/div>\n\t\t<\/div>\n\t\t\t\t\t\t\t<\/div>\n\t\t<\/section>\n\t\t\t\t\t\t\t<\/div>\n\t\t","protected":false},"excerpt":{"rendered":"<p>Paipa capital tur\u00edstica, ubicada en el coraz\u00f3n de Boyac\u00e1 privilegiada de su contexto natural y por la diversidad de bienes y servicios para el deleite de los turistas y visitantes nacionales como extranjeros.Paipa significa PA, que en lengua muisca significa var\u00f3n, benefactor, se\u00f1or o padre, dos veces PA deb\u00eda significar patr\u00f3n, gran se\u00f1or o protector.&hellip; <a class=\"more-link\" href=\"https:\/\/datosysoluciones.com\/corpupaipa\/sobre-paipa\/\">Seguir leyendo <span class=\"screen-reader-text\">Sobre Paipa<\/span><\/a><\/p>\n","protected":false},"author":1,"featured_media":0,"parent":0,"menu_order":0,"comment_status":"closed","ping_status":"closed","template":"elementor_header_footer","meta":{"footnotes":""},"yoast_head":"<!-- This site is optimized with the Yoast SEO plugin v19.12 - https:\/\/yoast.com\/wordpress\/plugins\/seo\/ -->\n<title>Sobre Paipa - Cortupaipa<\/title>\n<meta name=\"robots\" content=\"index, follow, max-snippet:-1, max-image-preview:large, max-video-preview:-1\" \/>\n<link rel=\"canonical\" href=\"https:\/\/datosysoluciones.com\/corpupaipa\/sobre-paipa\/\" \/>\n<meta property=\"og:locale\" content=\"es_ES\" \/>\n<meta property=\"og:type\" content=\"article\" \/>\n<meta property=\"og:title\" content=\"Sobre Paipa - Cortupaipa\" \/>\n<meta property=\"og:description\" content=\"Paipa capital tur\u00edstica, ubicada en el coraz\u00f3n de Boyac\u00e1 privilegiada de su contexto natural y por la diversidad de bienes y servicios para el deleite de los turistas y visitantes nacionales como extranjeros.Paipa significa PA, que en lengua muisca significa var\u00f3n, benefactor, se\u00f1or o padre, dos veces PA deb\u00eda significar patr\u00f3n, gran se\u00f1or o protector.&hellip; Seguir leyendo Sobre Paipa\" \/>\n<meta property=\"og:url\" content=\"https:\/\/datosysoluciones.com\/corpupaipa\/sobre-paipa\/\" \/>\n<meta property=\"og:site_name\" content=\"Cortupaipa\" \/>\n<meta property=\"article:modified_time\" content=\"2022-12-14T15:36:12+00:00\" \/>\n<meta property=\"og:image\" content=\"https:\/\/datosysoluciones.com\/corpupaipa\/wp-content\/uploads\/2022\/10\/vivir-paipa.png\" \/>\n<meta name=\"twitter:card\" content=\"summary_large_image\" \/>\n<meta name=\"twitter:label1\" content=\"Tiempo estimado de lectura\" \/>\n\t<meta name=\"twitter:data1\" content=\"1 minuto\" \/>\n<script type=\"application\/ld+json\" class=\"yoast-schema-graph\">{\"@context\":\"https:\/\/schema.org\",\"@graph\":[{\"@type\":\"WebPage\",\"@id\":\"https:\/\/datosysoluciones.com\/corpupaipa\/sobre-paipa\/\",\"url\":\"https:\/\/datosysoluciones.com\/corpupaipa\/sobre-paipa\/\",\"name\":\"Sobre Paipa - Cortupaipa\",\"isPartOf\":{\"@id\":\"https:\/\/datosysoluciones.com\/corpupaipa\/#website\"},\"datePublished\":\"2022-12-12T17:48:47+00:00\",\"dateModified\":\"2022-12-14T15:36:12+00:00\",\"breadcrumb\":{\"@id\":\"https:\/\/datosysoluciones.com\/corpupaipa\/sobre-paipa\/#breadcrumb\"},\"inLanguage\":\"es-CO\",\"potentialAction\":[{\"@type\":\"ReadAction\",\"target\":[\"https:\/\/datosysoluciones.com\/corpupaipa\/sobre-paipa\/\"]}]},{\"@type\":\"BreadcrumbList\",\"@id\":\"https:\/\/datosysoluciones.com\/corpupaipa\/sobre-paipa\/#breadcrumb\",\"itemListElement\":[{\"@type\":\"ListItem\",\"position\":1,\"name\":\"Inicio\",\"item\":\"https:\/\/datosysoluciones.com\/corpupaipa\/\"},{\"@type\":\"ListItem\",\"position\":2,\"name\":\"Sobre Paipa\"}]},{\"@type\":\"WebSite\",\"@id\":\"https:\/\/datosysoluciones.com\/corpupaipa\/#website\",\"url\":\"https:\/\/datosysoluciones.com\/corpupaipa\/\",\"name\":\"Cortupaipa\",\"description\":\"Fondo Mixto de Promoci\u00f3n y Desarrollo Tur\u00edstico de Paipa\",\"publisher\":{\"@id\":\"https:\/\/datosysoluciones.com\/corpupaipa\/#organization\"},\"potentialAction\":[{\"@type\":\"SearchAction\",\"target\":{\"@type\":\"EntryPoint\",\"urlTemplate\":\"https:\/\/datosysoluciones.com\/corpupaipa\/?s={search_term_string}\"},\"query-input\":\"required name=search_term_string\"}],\"inLanguage\":\"es-CO\"},{\"@type\":\"Organization\",\"@id\":\"https:\/\/datosysoluciones.com\/corpupaipa\/#organization\",\"name\":\"Cortupaipa\",\"url\":\"https:\/\/datosysoluciones.com\/corpupaipa\/\",\"logo\":{\"@type\":\"ImageObject\",\"inLanguage\":\"es-CO\",\"@id\":\"https:\/\/datosysoluciones.com\/corpupaipa\/#\/schema\/logo\/image\/\",\"url\":\"https:\/\/datosysoluciones.com\/corpupaipa\/wp-content\/uploads\/2022\/10\/logo-cortupaipa-b.png\",\"contentUrl\":\"https:\/\/datosysoluciones.com\/corpupaipa\/wp-content\/uploads\/2022\/10\/logo-cortupaipa-b.png\",\"width\":320,\"height\":87,\"caption\":\"Cortupaipa\"},\"image\":{\"@id\":\"https:\/\/datosysoluciones.com\/corpupaipa\/#\/schema\/logo\/image\/\"}}]}<\/script>\n<!-- \/ Yoast SEO plugin. -->","yoast_head_json":{"title":"Sobre Paipa - Cortupaipa","robots":{"index":"index","follow":"follow","max-snippet":"max-snippet:-1","max-image-preview":"max-image-preview:large","max-video-preview":"max-video-preview:-1"},"canonical":"https:\/\/datosysoluciones.com\/corpupaipa\/sobre-paipa\/","og_locale":"es_ES","og_type":"article","og_title":"Sobre Paipa - Cortupaipa","og_description":"Paipa capital tur\u00edstica, ubicada en el coraz\u00f3n de Boyac\u00e1 privilegiada de su contexto natural y por la diversidad de bienes y servicios para el deleite de los turistas y visitantes nacionales como extranjeros.Paipa significa PA, que en lengua muisca significa var\u00f3n, benefactor, se\u00f1or o padre, dos veces PA deb\u00eda significar patr\u00f3n, gran se\u00f1or o protector.&hellip; Seguir leyendo Sobre Paipa","og_url":"https:\/\/datosysoluciones.com\/corpupaipa\/sobre-paipa\/","og_site_name":"Cortupaipa","article_modified_time":"2022-12-14T15:36:12+00:00","og_image":[{"url":"https:\/\/datosysoluciones.com\/corpupaipa\/wp-content\/uploads\/2022\/10\/vivir-paipa.png"}],"twitter_card":"summary_large_image","twitter_misc":{"Tiempo estimado de lectura":"1 minuto"},"schema":{"@context":"https:\/\/schema.org","@graph":[{"@type":"WebPage","@id":"https:\/\/datosysoluciones.com\/corpupaipa\/sobre-paipa\/","url":"https:\/\/datosysoluciones.com\/corpupaipa\/sobre-paipa\/","name":"Sobre Paipa - Cortupaipa","isPartOf":{"@id":"https:\/\/datosysoluciones.com\/corpupaipa\/#website"},"datePublished":"2022-12-12T17:48:47+00:00","dateModified":"2022-12-14T15:36:12+00:00","breadcrumb":{"@id":"https:\/\/datosysoluciones.com\/corpupaipa\/sobre-paipa\/#breadcrumb"},"inLanguage":"es-CO","potentialAction":[{"@type":"ReadAction","target":["https:\/\/datosysoluciones.com\/corpupaipa\/sobre-paipa\/"]}]},{"@type":"BreadcrumbList","@id":"https:\/\/datosysoluciones.com\/corpupaipa\/sobre-paipa\/#breadcrumb","itemListElement":[{"@type":"ListItem","position":1,"name":"Inicio","item":"https:\/\/datosysoluciones.com\/corpupaipa\/"},{"@type":"ListItem","position":2,"name":"Sobre Paipa"}]},{"@type":"WebSite","@id":"https:\/\/datosysoluciones.com\/corpupaipa\/#website","url":"https:\/\/datosysoluciones.com\/corpupaipa\/","name":"Cortupaipa","description":"Fondo Mixto de Promoci\u00f3n y Desarrollo Tur\u00edstico de Paipa","publisher":{"@id":"https:\/\/datosysoluciones.com\/corpupaipa\/#organization"},"potentialAction":[{"@type":"SearchAction","target":{"@type":"EntryPoint","urlTemplate":"https:\/\/datosysoluciones.com\/corpupaipa\/?s={search_term_string}"},"query-input":"required name=search_term_string"}],"inLanguage":"es-CO"},{"@type":"Organization","@id":"https:\/\/datosysoluciones.com\/corpupaipa\/#organization","name":"Cortupaipa","url":"https:\/\/datosysoluciones.com\/corpupaipa\/","logo":{"@type":"ImageObject","inLanguage":"es-CO","@id":"https:\/\/datosysoluciones.com\/corpupaipa\/#\/schema\/logo\/image\/","url":"https:\/\/datosysoluciones.com\/corpupaipa\/wp-content\/uploads\/2022\/10\/logo-cortupaipa-b.png","contentUrl":"https:\/\/datosysoluciones.com\/corpupaipa\/wp-content\/uploads\/2022\/10\/logo-cortupaipa-b.png","width":320,"height":87,"caption":"Cortupaipa"},"image":{"@id":"https:\/\/datosysoluciones.com\/corpupaipa\/#\/schema\/logo\/image\/"}}]}},"_links":{"self":[{"href":"https:\/\/datosysoluciones.com\/corpupaipa\/wp-json\/wp\/v2\/pages\/676"}],"collection":[{"href":"https:\/\/datosysoluciones.com\/corpupaipa\/wp-json\/wp\/v2\/pages"}],"about":[{"href":"https:\/\/datosysoluciones.com\/corpupaipa\/wp-json\/wp\/v2\/types\/page"}],"author":[{"embeddable":true,"href":"https:\/\/datosysoluciones.com\/corpupaipa\/wp-json\/wp\/v2\/users\/1"}],"replies":[{"embeddable":true,"href":"https:\/\/datosysoluciones.com\/corpupaipa\/wp-json\/wp\/v2\/comments?post=676"}],"version-history":[{"count":49,"href":"https:\/\/datosysoluciones.com\/corpupaipa\/wp-json\/wp\/v2\/pages\/676\/revisions"}],"predecessor-version":[{"id":790,"href":"https:\/\/datosysoluciones.com\/corpupaipa\/wp-json\/wp\/v2\/pages\/676\/revisions\/790"}],"wp:attachment":[{"href":"https:\/\/datosysoluciones.com\/corpupaipa\/wp-json\/wp\/v2\/media?parent=676"}],"curies":[{"name":"wp","href":"https:\/\/api.w.org\/{rel}","templated":true}]}}