{"id":690,"date":"2022-12-12T13:33:25","date_gmt":"2022-12-12T18:33:25","guid":{"rendered":"https:\/\/datosysoluciones.com\/corpupaipa\/?page_id=690"},"modified":"2022-12-26T13:10:27","modified_gmt":"2022-12-26T18:10:27","slug":"alojamiento","status":"publish","type":"page","link":"https:\/\/datosysoluciones.com\/corpupaipa\/alojamiento\/","title":{"rendered":"Alojamiento"},"content":{"rendered":"\t\t<div data-elementor-type=\"wp-page\" data-elementor-id=\"690\" class=\"elementor elementor-690\">\n\t\t\t\t\t\t\t\t\t<section class=\"elementor-section elementor-top-section elementor-element elementor-element-fed1ccb elementor-section-full_width elementor-section-height-default elementor-section-height-default\" data-id=\"fed1ccb\" data-element_type=\"section\" data-settings=\"{&quot;jet_parallax_layout_list&quot;:[],&quot;background_background&quot;:&quot;classic&quot;}\">\n\t\t\t\t\t\t<div class=\"elementor-container elementor-column-gap-default\">\n\t\t\t\t\t<div class=\"elementor-column elementor-col-50 elementor-top-column elementor-element elementor-element-b0a32ae\" data-id=\"b0a32ae\" data-element_type=\"column\" data-settings=\"{&quot;background_background&quot;:&quot;classic&quot;}\">\n\t\t\t<div class=\"elementor-widget-wrap elementor-element-populated\">\n\t\t\t\t\t\t\t\t\t<\/div>\n\t\t<\/div>\n\t\t\t\t<div class=\"elementor-column elementor-col-50 elementor-top-column elementor-element elementor-element-52ddf03\" data-id=\"52ddf03\" data-element_type=\"column\">\n\t\t\t<div class=\"elementor-widget-wrap\">\n\t\t\t\t\t\t\t\t\t<\/div>\n\t\t<\/div>\n\t\t\t\t\t\t\t<\/div>\n\t\t<\/section>\n\t\t\t\t<section class=\"elementor-section elementor-top-section elementor-element elementor-element-c467500 elementor-section-boxed elementor-section-height-default elementor-section-height-default\" data-id=\"c467500\" data-element_type=\"section\" data-settings=\"{&quot;jet_parallax_layout_list&quot;:[]}\">\n\t\t\t\t\t\t<div class=\"elementor-container elementor-column-gap-default\">\n\t\t\t\t\t<div class=\"elementor-column elementor-col-100 elementor-top-column elementor-element elementor-element-17bc176\" data-id=\"17bc176\" data-element_type=\"column\">\n\t\t\t<div class=\"elementor-widget-wrap elementor-element-populated\">\n\t\t\t\t\t\t\t\t<div class=\"elementor-element elementor-element-f43ca6d elementor-widget elementor-widget-image\" data-id=\"f43ca6d\" data-element_type=\"widget\" data-widget_type=\"image.default\">\n\t\t\t\t<div class=\"elementor-widget-container\">\n\t\t\t<style>\/*! elementor - v3.6.8 - 27-07-2022 *\/\n.elementor-widget-image{text-align:center}.elementor-widget-image a{display:inline-block}.elementor-widget-image a img[src$=\".svg\"]{width:48px}.elementor-widget-image img{vertical-align:middle;display:inline-block}<\/style>\t\t\t\t\t\t\t\t\t\t\t\t<img loading=\"lazy\" decoding=\"async\" width=\"300\" height=\"134\" src=\"https:\/\/datosysoluciones.com\/corpupaipa\/wp-content\/uploads\/2022\/10\/descansar-paipa.png\" class=\"attachment-large size-large\" alt=\"\" style=\"width:100%;height:44.67%;max-width:300px\" \/>\t\t\t\t\t\t\t\t\t\t\t\t\t\t\t<\/div>\n\t\t\t\t<\/div>\n\t\t\t\t<div class=\"elementor-element elementor-element-2de565a elementor-widget elementor-widget-text-editor\" data-id=\"2de565a\" data-element_type=\"widget\" data-widget_type=\"text-editor.default\">\n\t\t\t\t<div class=\"elementor-widget-container\">\n\t\t\t<style>\/*! elementor - v3.6.8 - 27-07-2022 *\/\n.elementor-widget-text-editor.elementor-drop-cap-view-stacked .elementor-drop-cap{background-color:#818a91;color:#fff}.elementor-widget-text-editor.elementor-drop-cap-view-framed .elementor-drop-cap{color:#818a91;border:3px solid;background-color:transparent}.elementor-widget-text-editor:not(.elementor-drop-cap-view-default) .elementor-drop-cap{margin-top:8px}.elementor-widget-text-editor:not(.elementor-drop-cap-view-default) .elementor-drop-cap-letter{width:1em;height:1em}.elementor-widget-text-editor .elementor-drop-cap{float:left;text-align:center;line-height:1;font-size:50px}.elementor-widget-text-editor .elementor-drop-cap-letter{display:inline-block}<\/style>\t\t\t\tPaipa cuenta con el mayor complejo hotelero de Boyac\u00e1 se destaca una oferta variada desde hoteles para convenciones  y grandes eventos hasta acogedoras casonas que propician el descanso. la relajaci\u00f3n y el sano esparcimiento, se realizan toda clase de eventos y convenciones de car\u00e1cter regional, nacional e internacional, siendo Paipa un maravilloso lugar para definir con \u00e9xito las estrategias empresariales y comerciales.\t\t\t\t\t\t<\/div>\n\t\t\t\t<\/div>\n\t\t\t\t<section class=\"elementor-section elementor-inner-section elementor-element elementor-element-b93589b elementor-section-boxed elementor-section-height-default elementor-section-height-default\" data-id=\"b93589b\" data-element_type=\"section\" data-settings=\"{&quot;jet_parallax_layout_list&quot;:[]}\">\n\t\t\t\t\t\t<div class=\"elementor-container elementor-column-gap-default\">\n\t\t\t\t\t<div class=\"elementor-column elementor-col-50 elementor-inner-column elementor-element elementor-element-e3e6583\" data-id=\"e3e6583\" data-element_type=\"column\">\n\t\t\t<div class=\"elementor-widget-wrap elementor-element-populated\">\n\t\t\t\t\t\t\t\t<div class=\"elementor-element elementor-element-633fd90 elementor-widget elementor-widget-text-editor\" data-id=\"633fd90\" data-element_type=\"widget\" data-widget_type=\"text-editor.default\">\n\t\t\t\t<div class=\"elementor-widget-container\">\n\t\t\t\t\t\t\tPaipa cuenta con el mayor complejo hotelero de Boyac\u00e1 se destaca una oferta variada desde hoteles para convenciones  y grandes eventos hasta acogedoras casonas que propician el descanso. la relajaci\u00f3n y el sano esparcimiento, se realizan toda clase de eventos y convenciones de car\u00e1cter regional, nacional e internacional, siendo Paipa un maravilloso lugar para definir con \u00e9xito las estrategias empresariales y comerciales.\t\t\t\t\t\t<\/div>\n\t\t\t\t<\/div>\n\t\t\t\t\t<\/div>\n\t\t<\/div>\n\t\t\t\t<div class=\"elementor-column elementor-col-50 elementor-inner-column elementor-element elementor-element-719f045\" data-id=\"719f045\" data-element_type=\"column\">\n\t\t\t<div class=\"elementor-widget-wrap elementor-element-populated\">\n\t\t\t\t\t\t\t\t<div class=\"elementor-element elementor-element-e8eb99a elementor-widget elementor-widget-image\" data-id=\"e8eb99a\" data-element_type=\"widget\" data-widget_type=\"image.default\">\n\t\t\t\t<div class=\"elementor-widget-container\">\n\t\t\t\t\t\t\t\t\t\t\t\t\t\t\t<img loading=\"lazy\" decoding=\"async\" width=\"750\" height=\"450\" src=\"https:\/\/datosysoluciones.com\/corpupaipa\/wp-content\/uploads\/2022\/12\/alojamiento.jpg\" class=\"attachment-large size-large\" alt=\"\" srcset=\"https:\/\/datosysoluciones.com\/corpupaipa\/wp-content\/uploads\/2022\/12\/alojamiento.jpg 1000w, https:\/\/datosysoluciones.com\/corpupaipa\/wp-content\/uploads\/2022\/12\/alojamiento-300x180.jpg 300w, https:\/\/datosysoluciones.com\/corpupaipa\/wp-content\/uploads\/2022\/12\/alojamiento-768x461.jpg 768w\" sizes=\"(max-width: 750px) 100vw, 750px\" style=\"width:100%;height:60%;max-width:1000px\" \/>\t\t\t\t\t\t\t\t\t\t\t\t\t\t\t<\/div>\n\t\t\t\t<\/div>\n\t\t\t\t\t<\/div>\n\t\t<\/div>\n\t\t\t\t\t\t\t<\/div>\n\t\t<\/section>\n\t\t\t\t\t<\/div>\n\t\t<\/div>\n\t\t\t\t\t\t\t<\/div>\n\t\t<\/section>\n\t\t\t\t<section class=\"elementor-section elementor-top-section elementor-element elementor-element-0ca24f3 elementor-section-boxed elementor-section-height-default elementor-section-height-default\" data-id=\"0ca24f3\" data-element_type=\"section\" data-settings=\"{&quot;jet_parallax_layout_list&quot;:[],&quot;background_background&quot;:&quot;classic&quot;}\">\n\t\t\t\t\t\t\t<div class=\"elementor-background-overlay\"><\/div>\n\t\t\t\t\t\t\t<div class=\"elementor-container elementor-column-gap-default\">\n\t\t\t\t\t<div class=\"elementor-column elementor-col-100 elementor-top-column elementor-element elementor-element-ec4565e\" data-id=\"ec4565e\" data-element_type=\"column\">\n\t\t\t<div class=\"elementor-widget-wrap elementor-element-populated\">\n\t\t\t\t\t\t\t\t<div class=\"elementor-element elementor-element-dcb31ed tb_item elementor-widget elementor-widget-html\" data-id=\"dcb31ed\" data-element_type=\"widget\" data-widget_type=\"html.default\">\n\t\t\t\t<div class=\"elementor-widget-container\">\n\t\t\t<table>\n\t<\/tbody>\n\t\t<tr>\n\t\t  <td class=\"txt_title\">NOMBRE DEL ESTABLECIMIENTO\t<\/td>\n\t\t  <td class=\"txt_title\">DIRECCION\t<\/td>\n\t\t  <td class=\"txt_title\">TELEFONO\t<\/td>\n\t\t  <td class=\"txt_title\">CORREO ELECTRONICO\t<\/td>\n\t\t<\/tr>\n\t\t<tr>\n\t\t  <td>APARTAHOTEL DOBLE 3\t<\/td>\n\t\t  <td>CL 23 23 A 19\t<\/td>\n\t\t  <td>3144738180\t<\/td>\n\t\t  <td>amesae@hotmail.com\t<\/td>\n\t\t<\/tr>\n\t\t<tr>\n\t\t  <td>APARTAHOTEL LUXURY\t<\/td>\n\t\t  <td>CR 19 23 66 CENTRO\t<\/td>\n\t\t  <td>3133552465\t<\/td>\n\t\t  <td>apartahoteluxury@gmail.com\t<\/td>\n\t\t<\/tr>\n\t\t<tr>\n\t\t  <td>APARTAMENTOS TURISTICOS EDIFICIO DIAMANTE\t<\/td>\n\t\t  <td>CL 24 22 35\/39 APTOS 201-301-502\t<\/td>\n\t\t  <td>3132968529\t<\/td>\n\t\t  <td>edificiodiamantepaipa@gmail.com\t<\/td>\n\t\t<\/tr>\n\t\t<tr>\n\t\t  <td>BUNGALOWS CALANDAIMA\t<\/td>\n\t\t  <td>CR 13 25 220\t<\/td>\n\t\t  <td>3208549258\t<\/td>\n\t\t  <td>hotelbungalows@hotmail.com\t<\/td>\n\t\t<\/tr>\n\t\t<tr>\n\t\t  <td>CABA\u00d1AS BALCONES DE SAN CAYETANO\t<\/td>\n\t\t  <td>VEREDA LA ESPERANZA\t<\/td>\n\t\t  <td>3133021990\t<\/td>\n\t\t  <td>sancayetano-paipa@hotmail.com\t<\/td>\n\t\t<\/tr>\n\t\t<tr>\n\t\t  <td>CANADA HOTEL\t<\/td>\n\t\t  <td>CR 20 23 61\t<\/td>\n\t\t  <td>3138314483\t<\/td>\n\t\t  <td>fabianmed1@hotmail.com\t<\/td>\n\t\t<\/tr>\n\t\t<tr>\n\t\t  <td>CASA BLANCA NATURAL SPA\t<\/td>\n\t\t  <td>CL 25 10 64\t<\/td>\n\t\t  <td> 311 5926335\t<\/td>\n\t\t  <td>casablancapaipa@hotmail.com\t<\/td>\n\t\t<\/tr>\n\t\t<tr>\n\t\t  <td>CASA CAMPESTRE MARGUIN\t<\/td>\n\t\t  <td>ROMITA\t<\/td>\n\t\t  <td>3107648507\t<\/td>\n\t\t  <td>sochagota.ips@gmail.com\t<\/td>\n\t\t<\/tr>\n\t\t<tr>\n\t\t  <td>CASA DE HOSPEDAJE VIVAIO\t<\/td>\n\t\t  <td>Cl 23 18 07\t<\/td>\n\t\t  <td>3114581774\t<\/td>\n\t\t  <td>yudi.quintero@gmail.com\t<\/td>\n\t\t<\/tr>\n\t\t<tr>\n\t\t  <td>CASA HOTEL DESCANSO REAL\t<\/td>\n\t\t  <td>VDA LA ESPERANZA VIA CA\u00d1OS\t<\/td>\n\t\t  <td>3183931186\t<\/td>\n\t\t  <td>casahoteldescansoreal@hotmail.com\t<\/td>\n\t\t<\/tr>\n\t\t<tr>\n\t\t  <td>CASA MARINA RESORTS\t<\/td>\n\t\t  <td>VDA EL ROSAL\t<\/td>\n\t\t  <td>3157982508\t<\/td>\n\t\t  <td>hjroa@yahoo.com\t<\/td>\n\t\t<\/tr>\n\t\t<tr>\n\t\t  <td>CASABLANCA HOTEL MUISCA\t<\/td>\n\t\t  <td>KM 1 VIA PISCINAS PAIPA\t<\/td>\n\t\t  <td>3153942958\t<\/td>\n\t\t  <td>casablancapaipa@hotmail.com\t<\/td>\n\t\t<\/tr>\n\t\t<tr>\n\t\t  <td>CLUB CAMPESTRE LA GRANJA\t<\/td>\n\t\t  <td>VDA EL TEJAR SECTOR EL COLORADO\t<\/td>\n\t\t  <td>3162344614\t<\/td>\n\t\t  <td>contactenos@clublagranja.com\t<\/td>\n\t\t<\/tr>\n\t\t<tr>\n\t\t  <td>CLUB MILITAR\t<\/td>\n\t\t  <td>VDA CANOCAS\t<\/td>\n\t\t  <td>3174597695\t<\/td>\n\t\t  <td>clubmilsochagota@gmail.com\/\/ alojamientospaipa@clubmilitar.gov.co\t<\/td>\n\t\t<\/tr>\n\t\t<tr>\n\t\t  <td>DAZA HOTEL\t<\/td>\n\t\t  <td>CR 19 25 29\t<\/td>\n\t\t  <td>3116601964\t<\/td>\n\t\t  <td> reservas@dazahotel.com\t<\/td>\n\t\t<\/tr>\n\t\t<tr>\n\t\t  <td>HACIENDA DEL SALITRE\t<\/td>\n\t\t  <td>VIA TOCA KM 1 VDA SALITRE\t<\/td>\n\t\t  <td>3156737151\t<\/td>\n\t\t  <td>administracion@hotelhaciendaelsalitre.com\t<\/td>\n\t\t<\/tr>\n\t\t<tr>\n\t\t  <td>HOSPEDAJE CELINDA\t<\/td>\n\t\t  <td>CR 9 24 B 24\t<\/td>\n\t\t  <td>3132105222\t<\/td>\n\t\t  <td>tatagoyis@hotmail.com\t<\/td>\n\t\t<\/tr>\n\t\t<tr>\n\t\t  <td>HOSPEDAJE GRANJA LA LIBERTAD\t<\/td>\n\t\t  <td>VDA PANTANO DE VARGAS VIA DUITAMA\t<\/td>\n\t\t  <td>3132827158\t<\/td>\n\t\t  <td>edelmiramunevar2@gmail.com\t<\/td>\n\t\t<\/tr>\n\t\t<tr>\n\t\t  <td>HOSPEDAJE SAN MIGUELITO\t<\/td>\n\t\t  <td>CR 19 16 36\t<\/td>\n\t\t  <td>3143629496\t<\/td>\n\t\t  <td>barcoffevegas@hotmail.com\t<\/td>\n\t\t<\/tr>\n\t\t<tr>\n\t\t  <td>HOTEL BOUTIQUE 14 LANCEROS\t<\/td>\n\t\t  <td>Vereda Pantano de Vargas, Entrada al Rincon de Vargas\t<\/td>\n\t\t  <td>3233091116\t<\/td>\n\t\t  <td>hotelboutique14lanceros@gmail.com\t<\/td>\n\t\t<\/tr>\n\t\t<tr>\n\t\t  <td>HOTEL CABANAS EL PORTON\t<\/td>\n\t\t  <td>Cl. 25 #10-76\t<\/td>\n\t\t  <td>3153171745\t<\/td>\n\t\t  <td>elportonpaipa@gmail.com \t<\/td>\n\t\t<\/tr>\n\t\t<tr>\n\t\t  <td>HOTEL CAMPESTRE JAZ\t<\/td>\n\t\t  <td>Barrio La pradera\t<\/td>\n\t\t  <td>3103248739\t<\/td>\n\t\t  <td>\t<\/td>\n\t\t<\/tr>\n\t\t<tr>\n\t\t  <td>HOTEL CARLOT\t<\/td>\n\t\t  <td>CR 20 24 22\t<\/td>\n\t\t  <td>3103031862\t<\/td>\n\t\t  <td>lercimg@hotmail.com\t<\/td>\n\t\t<\/tr>\n\t\t<tr>\n\t\t  <td>HOTEL CASTILLO\t<\/td>\n\t\t  <td>AV LIBERTADORES 21 29\t<\/td>\n\t\t  <td>3146376130\t<\/td>\n\t\t  <td>hotelcastillo21@gmail.com\t<\/td>\n\t\t<\/tr>\n\t\t<tr>\n\t\t  <td>HOTEL CHINCA LOS LAGOS\t<\/td>\n\t\t  <td>KMT 1\/2 VIA PAIPA-TUNJA\t<\/td>\n\t\t  <td>3208088814\t<\/td>\n\t\t  <td>hotelchincaloslagos@gmail.com\t<\/td>\n\t\t<\/tr>\n\t\t<tr>\n\t\t  <td>HOTEL COLONIAL DE COLSUBSIDIO\t<\/td>\n\t\t  <td>VIA A LAS PISCINAS\t<\/td>\n\t\t  <td>3142643133\t<\/td>\n\t\t  <td> alojamiento.hotelespaipa@colsubsidio.com\t<\/td>\n\t\t<\/tr>\n\t\t<tr>\n\t\t  <td>HOTEL COLSUBSIDIO LANCEROS\t<\/td>\n\t\t  <td>KM 4 VIA PANTANO DE VARGAS\t<\/td>\n\t\t  <td>3125223487\t<\/td>\n\t\t  <td> alojamiento.hotelespaipa@colsubsidio.com \t<\/td>\n\t\t<\/tr>\n\t\t<tr>\n\t\t  <td>HOTEL EL LAGO\t<\/td>\n\t\t  <td>KMT 1 VIA PISCINAS\t<\/td>\n\t\t  <td>3134219674\t<\/td>\n\t\t  <td>hotelellago@hotmail.es\t<\/td>\n\t\t<\/tr>\n\t\t<tr>\n\t\t  <td>HOTEL FANINE INN\t<\/td>\n\t\t  <td>CL 25 5 18\t<\/td>\n\t\t  <td>3123521403\t<\/td>\n\t\t  <td>hotelfaninepaipa@hotmail.com \t<\/td>\n\t\t<\/tr>\n\t\t<tr>\n\t\t  <td>HOTEL HORTENCIA REAL Y RESTAURANTE\t<\/td>\n\t\t  <td>CR 10 24B 71\t<\/td>\n\t\t  <td>3112624933\t<\/td>\n\t\t  <td>www.hotelhortensiareal.com\t<\/td>\n\t\t<\/tr>\n\t\t<tr>\n\t\t  <td>HOTEL KANDELABRO\t<\/td>\n\t\t  <td>CR 19 22 24\t<\/td>\n\t\t  <td>3142537774\t<\/td>\n\t\t  <td>hotelkandelabro@hotmail.com\t<\/td>\n\t\t<\/tr>\n\t\t<tr>\n\t\t  <td>HOTEL LA POSADA COLONIAL\t<\/td>\n\t\t  <td>CL 23 20 37\t<\/td>\n\t\t  <td>3102511833\t<\/td>\n\t\t  <td>reservas@laposadapaipa.com\t<\/td>\n\t\t<\/tr>\n\t\t<tr>\n\t\t  <td>HOTEL LA PUNTA DEL ESTE\t<\/td>\n\t\t  <td>CL 25 23 19\t<\/td>\n\t\t  <td>3105625634\t<\/td>\n\t\t  <td>hotelpuntadeleste@yahoo.com\t<\/td>\n\t\t<\/tr>\n\t\t<tr>\n\t\t  <td>HOTEL LIBERTADORES PAIPA\t<\/td>\n\t\t  <td>CL 25 5 141\t<\/td>\n\t\t  <td>3105617542\t<\/td>\n\t\t  <td>hotellibertadores@yahoo.com\t<\/td>\n\t\t<\/tr>\n\t\t<tr>\n\t\t  <td>HOTEL NOA\t<\/td>\n\t\t  <td>CR 23 A 20 A 22\t<\/td>\n\t\t  <td>3144373891\t<\/td>\n\t\t  <td>nonoafnel@hotmail.com\t<\/td>\n\t\t<\/tr>\n\t\t<tr>\n\t\t  <td>HOTEL PAIPA INN\t<\/td>\n\t\t  <td>CL 25 17 47\t<\/td>\n\t\t  <td>311 4803476\t<\/td>\n\t\t  <td>hotelpaipainn@gmail.com\t<\/td>\n\t\t<\/tr>\n\t\t<tr>\n\t\t  <td>HOTEL PAIPA MAYOR\t<\/td>\n\t\t  <td>Calle 25 No. 6 - 120\t<\/td>\n\t\t  <td>3212773936\t<\/td>\n\t\t  <td>hotelpaipamayor@gmail.com\t<\/td>\n\t\t<\/tr>\n\t\t<tr>\n\t\t  <td>HOTEL PAIPA REAL\t<\/td>\n\t\t  <td>CL 26 19 14\t<\/td>\n\t\t  <td>3102474798\t<\/td>\n\t\t  <td>hotelpaipareal@hotmail.com\t<\/td>\n\t\t<\/tr>\n\t\t<tr>\n\t\t  <td>HOTEL PANORAMA COMFABOY\t<\/td>\n\t\t  <td>CALLE 25 No. 5- ORILLA LAGO SOCHAGOTA PAIPA\t<\/td>\n\t\t  <td>3203472189\t<\/td>\n\t\t  <td>hotelpanorama@comfaboy.com.co\t<\/td>\n\t\t<\/tr>\n\t\t<tr>\n\t\t  <td>HOTEL PORTOFINO PAIPA\t<\/td>\n\t\t  <td>CL 25 23 24\t<\/td>\n\t\t  <td> 321 5422951\t<\/td>\n\t\t  <td>portofinopaipa@hotmail.com\t<\/td>\n\t\t<\/tr>\n\t\t<tr>\n\t\t  <td>HOTEL SOCHAGOTA\t<\/td>\n\t\t  <td>KM 2 VIA PISCINAS MUNICIPALES\t<\/td>\n\t\t  <td>3103270829\t<\/td>\n\t\t  <td> reservas@hotelsochagota.com\t<\/td>\n\t\t<\/tr>\n\t\t<tr>\n\t\t  <td>HOTEL SPA SOCHAGOTA\t<\/td>\n\t\t  <td>CL 25 5 100\t<\/td>\n\t\t  <td>3104881120\t<\/td>\n\t\t  <td>sochagotaips@gmail.com\t<\/td>\n\t\t<\/tr>\n\t\t<tr>\n\t\t  <td>HOTEL TUVALU\t<\/td>\n\t\t  <td>CL 21 22 15\t<\/td>\n\t\t  <td>3112310090\t<\/td>\n\t\t  <td>hoteltuvalu@hotmail.com hoteltuvalu@gmail.com\t<\/td>\n\t\t<\/tr>\n\t\t<tr>\n\t\t  <td>HOTEL VILLA LUNA CONFORD\t<\/td>\n\t\t  <td>CL 25 9 03\t<\/td>\n\t\t  <td>3114871735\t<\/td>\n\t\t  <td>efrencho.monroy@gmail.com\t<\/td>\n\t\t<\/tr>\n\t\t<tr>\n\t\t  <td>HOTEL Y RESTAURANTE EL CANGREJO\t<\/td>\n\t\t  <td>PANTANO DE VARGAS\t<\/td>\n\t\t  <td>3112566336\t<\/td>\n\t\t  <td>hotelcangrejopv017@hotmail.com\t<\/td>\n\t\t<\/tr>\n\t\t<tr>\n\t\t  <td>HOTEL ZUHE\t<\/td>\n\t\t  <td>CL 25 18 32\t<\/td>\n\t\t  <td>3166940474\t<\/td>\n\t\t  <td>hotel.zuhe@yahoo.com\t<\/td>\n\t\t<\/tr>\n\t\t<tr>\n\t\t  <td>HOTELES ESTELAR SUCURSAL PAIPA\t<\/td>\n\t\t  <td>ORILLAS LAGO SOCHAGOTA\t<\/td>\n\t\t  <td>3153350932\t<\/td>\n\t\t  <td>juanc.valencia@hotelesestelar.com\t<\/td>\n\t\t<\/tr>\n\t\t<tr>\n\t\t  <td>MIRAVALLE LA SUITE\t<\/td>\n\t\t  <td>Cra 24 N\u00b0 11 - 59\t<\/td>\n\t\t  <td>3214262106\t<\/td>\n\t\t  <td>contacto@miravallesuites.com.co\t<\/td>\n\t\t<\/tr>\n\t\t<tr>\n\t\t  <td>PONTEVEDRA HOTEL BOUTIQUE\t<\/td>\n\t\t  <td>KM 1.5 VIA LAS PISCINAS\t<\/td>\n\t\t  <td>3115059717\t<\/td>\n\t\t  <td>invmp@yahoo.es \t<\/td>\n\t\t<\/tr>\n\t\t<tr>\n\t\t  <td>POSADA CORINTO\t<\/td>\n\t\t  <td>CR 19 40 90\t<\/td>\n\t\t  <td>7850695\t<\/td>\n\t\t  <td>posadacorintoenpaipa@gmail.com\t<\/td>\n\t\t<\/tr>\n\t\t<tr>\n\t\t  <td>POSADA DE VARGAS\t<\/td>\n\t\t  <td>PANTANO DE VARGAS\t<\/td>\n\t\t  <td>3136059306\t<\/td>\n\t\t  <td>reservas@posadadevargas.com \t<\/td>\n\t\t<\/tr>\n\t\t<tr>\n\t\t  <td>POSADA TURISTICA BICENTENARIO\t<\/td>\n\t\t  <td>Pantano de Vargas\t<\/td>\n\t\t  <td>311235895\t<\/td>\n\t\t  <td>\t<\/td>\n\t\t<\/tr>\n\t\t<tr>\n\t\t  <td>ROOK IN\t<\/td>\n\t\t  <td>Cra. 19 #20-04\t<\/td>\n\t\t  <td>3236577675\t<\/td>\n\t\t  <td>hotelrookinn@gamil.com\t<\/td>\n\t\t<\/tr>\n\t\t<tr>\n\t\t  <td>SAN MARCOS HOTEL\t<\/td>\n\t\t  <td>CL 24 16 17\t<\/td>\n\t\t  <td>3186074121\t<\/td>\n\t\t  <td>reservas@hotelsanmarcospaipa.com \t<\/td>\n\t\t<\/tr>\n\t\t<tr>\n\t\t  <td>VILLA ALIX\t<\/td>\n\t\t  <td>CR 19 20 08 P 2\t<\/td>\n\t\t  <td>3203360956\t<\/td>\n\t\t  <td>deisyy10@yahoo.es\t<\/td>\n\t\t<\/tr>\n\t\t<tr>\n\t\t  <td>Villa Vianey Hotel de la Juan\t<\/td>\n\t\t  <td>Calle 26 No. 26-60\t<\/td>\n\t\t  <td>3204887945\t<\/td>\n\t\t  <td>vianney.hoteldelajuan@jdc.edu.co\t<\/td>\n\t\t<\/tr>\n\t\t<tr>\n\t\t  <td>VIVIENDA TURISTICA PORTAL DE FLORES\t<\/td>\n\t\t  <td>CL 25 5 05\t<\/td>\n\t\t  <td>3112260088\t<\/td>\n\t\t  <td>aridnahs7@hotmail.com\t<\/td>\n\t\t<\/tr>\n\t<\/tbody>\n<\/table>\t\t<\/div>\n\t\t\t\t<\/div>\n\t\t\t\t\t<\/div>\n\t\t<\/div>\n\t\t\t\t\t\t\t<\/div>\n\t\t<\/section>\n\t\t\t\t\t\t\t<\/div>\n\t\t","protected":false},"excerpt":{"rendered":"<p>Paipa cuenta con el mayor complejo hotelero de Boyac\u00e1 se destaca una oferta variada desde hoteles para convenciones y grandes eventos hasta acogedoras casonas que propician el descanso. la relajaci\u00f3n y el sano esparcimiento, se realizan toda clase de eventos y convenciones de car\u00e1cter regional, nacional e internacional, siendo Paipa un maravilloso lugar para definir&hellip; <a class=\"more-link\" href=\"https:\/\/datosysoluciones.com\/corpupaipa\/alojamiento\/\">Seguir leyendo <span class=\"screen-reader-text\">Alojamiento<\/span><\/a><\/p>\n","protected":false},"author":1,"featured_media":0,"parent":0,"menu_order":0,"comment_status":"closed","ping_status":"closed","template":"elementor_header_footer","meta":{"footnotes":""},"yoast_head":"<!-- This site is optimized with the Yoast SEO plugin v19.12 - https:\/\/yoast.com\/wordpress\/plugins\/seo\/ -->\n<title>Alojamiento - Cortupaipa<\/title>\n<meta name=\"robots\" content=\"index, follow, max-snippet:-1, max-image-preview:large, max-video-preview:-1\" \/>\n<link rel=\"canonical\" href=\"https:\/\/datosysoluciones.com\/corpupaipa\/alojamiento\/\" \/>\n<meta property=\"og:locale\" content=\"es_ES\" \/>\n<meta property=\"og:type\" content=\"article\" \/>\n<meta property=\"og:title\" content=\"Alojamiento - Cortupaipa\" \/>\n<meta property=\"og:description\" content=\"Paipa cuenta con el mayor complejo hotelero de Boyac\u00e1 se destaca una oferta variada desde hoteles para convenciones y grandes eventos hasta acogedoras casonas que propician el descanso. la relajaci\u00f3n y el sano esparcimiento, se realizan toda clase de eventos y convenciones de car\u00e1cter regional, nacional e internacional, siendo Paipa un maravilloso lugar para definir&hellip; Seguir leyendo Alojamiento\" \/>\n<meta property=\"og:url\" content=\"https:\/\/datosysoluciones.com\/corpupaipa\/alojamiento\/\" \/>\n<meta property=\"og:site_name\" content=\"Cortupaipa\" \/>\n<meta property=\"article:modified_time\" content=\"2022-12-26T18:10:27+00:00\" \/>\n<meta property=\"og:image\" content=\"https:\/\/datosysoluciones.com\/corpupaipa\/wp-content\/uploads\/2022\/10\/descansar-paipa.png\" \/>\n<meta name=\"twitter:card\" content=\"summary_large_image\" \/>\n<meta name=\"twitter:label1\" content=\"Tiempo estimado de lectura\" \/>\n\t<meta name=\"twitter:data1\" content=\"4 minutos\" \/>\n<script type=\"application\/ld+json\" class=\"yoast-schema-graph\">{\"@context\":\"https:\/\/schema.org\",\"@graph\":[{\"@type\":\"WebPage\",\"@id\":\"https:\/\/datosysoluciones.com\/corpupaipa\/alojamiento\/\",\"url\":\"https:\/\/datosysoluciones.com\/corpupaipa\/alojamiento\/\",\"name\":\"Alojamiento - Cortupaipa\",\"isPartOf\":{\"@id\":\"https:\/\/datosysoluciones.com\/corpupaipa\/#website\"},\"datePublished\":\"2022-12-12T18:33:25+00:00\",\"dateModified\":\"2022-12-26T18:10:27+00:00\",\"breadcrumb\":{\"@id\":\"https:\/\/datosysoluciones.com\/corpupaipa\/alojamiento\/#breadcrumb\"},\"inLanguage\":\"es-CO\",\"potentialAction\":[{\"@type\":\"ReadAction\",\"target\":[\"https:\/\/datosysoluciones.com\/corpupaipa\/alojamiento\/\"]}]},{\"@type\":\"BreadcrumbList\",\"@id\":\"https:\/\/datosysoluciones.com\/corpupaipa\/alojamiento\/#breadcrumb\",\"itemListElement\":[{\"@type\":\"ListItem\",\"position\":1,\"name\":\"Inicio\",\"item\":\"https:\/\/datosysoluciones.com\/corpupaipa\/\"},{\"@type\":\"ListItem\",\"position\":2,\"name\":\"Alojamiento\"}]},{\"@type\":\"WebSite\",\"@id\":\"https:\/\/datosysoluciones.com\/corpupaipa\/#website\",\"url\":\"https:\/\/datosysoluciones.com\/corpupaipa\/\",\"name\":\"Cortupaipa\",\"description\":\"Fondo Mixto de Promoci\u00f3n y Desarrollo Tur\u00edstico de Paipa\",\"publisher\":{\"@id\":\"https:\/\/datosysoluciones.com\/corpupaipa\/#organization\"},\"potentialAction\":[{\"@type\":\"SearchAction\",\"target\":{\"@type\":\"EntryPoint\",\"urlTemplate\":\"https:\/\/datosysoluciones.com\/corpupaipa\/?s={search_term_string}\"},\"query-input\":\"required name=search_term_string\"}],\"inLanguage\":\"es-CO\"},{\"@type\":\"Organization\",\"@id\":\"https:\/\/datosysoluciones.com\/corpupaipa\/#organization\",\"name\":\"Cortupaipa\",\"url\":\"https:\/\/datosysoluciones.com\/corpupaipa\/\",\"logo\":{\"@type\":\"ImageObject\",\"inLanguage\":\"es-CO\",\"@id\":\"https:\/\/datosysoluciones.com\/corpupaipa\/#\/schema\/logo\/image\/\",\"url\":\"https:\/\/datosysoluciones.com\/corpupaipa\/wp-content\/uploads\/2022\/10\/logo-cortupaipa-b.png\",\"contentUrl\":\"https:\/\/datosysoluciones.com\/corpupaipa\/wp-content\/uploads\/2022\/10\/logo-cortupaipa-b.png\",\"width\":320,\"height\":87,\"caption\":\"Cortupaipa\"},\"image\":{\"@id\":\"https:\/\/datosysoluciones.com\/corpupaipa\/#\/schema\/logo\/image\/\"}}]}<\/script>\n<!-- \/ Yoast SEO plugin. -->","yoast_head_json":{"title":"Alojamiento - Cortupaipa","robots":{"index":"index","follow":"follow","max-snippet":"max-snippet:-1","max-image-preview":"max-image-preview:large","max-video-preview":"max-video-preview:-1"},"canonical":"https:\/\/datosysoluciones.com\/corpupaipa\/alojamiento\/","og_locale":"es_ES","og_type":"article","og_title":"Alojamiento - Cortupaipa","og_description":"Paipa cuenta con el mayor complejo hotelero de Boyac\u00e1 se destaca una oferta variada desde hoteles para convenciones y grandes eventos hasta acogedoras casonas que propician el descanso. la relajaci\u00f3n y el sano esparcimiento, se realizan toda clase de eventos y convenciones de car\u00e1cter regional, nacional e internacional, siendo Paipa un maravilloso lugar para definir&hellip; Seguir leyendo Alojamiento","og_url":"https:\/\/datosysoluciones.com\/corpupaipa\/alojamiento\/","og_site_name":"Cortupaipa","article_modified_time":"2022-12-26T18:10:27+00:00","og_image":[{"url":"https:\/\/datosysoluciones.com\/corpupaipa\/wp-content\/uploads\/2022\/10\/descansar-paipa.png"}],"twitter_card":"summary_large_image","twitter_misc":{"Tiempo estimado de lectura":"4 minutos"},"schema":{"@context":"https:\/\/schema.org","@graph":[{"@type":"WebPage","@id":"https:\/\/datosysoluciones.com\/corpupaipa\/alojamiento\/","url":"https:\/\/datosysoluciones.com\/corpupaipa\/alojamiento\/","name":"Alojamiento - Cortupaipa","isPartOf":{"@id":"https:\/\/datosysoluciones.com\/corpupaipa\/#website"},"datePublished":"2022-12-12T18:33:25+00:00","dateModified":"2022-12-26T18:10:27+00:00","breadcrumb":{"@id":"https:\/\/datosysoluciones.com\/corpupaipa\/alojamiento\/#breadcrumb"},"inLanguage":"es-CO","potentialAction":[{"@type":"ReadAction","target":["https:\/\/datosysoluciones.com\/corpupaipa\/alojamiento\/"]}]},{"@type":"BreadcrumbList","@id":"https:\/\/datosysoluciones.com\/corpupaipa\/alojamiento\/#breadcrumb","itemListElement":[{"@type":"ListItem","position":1,"name":"Inicio","item":"https:\/\/datosysoluciones.com\/corpupaipa\/"},{"@type":"ListItem","position":2,"name":"Alojamiento"}]},{"@type":"WebSite","@id":"https:\/\/datosysoluciones.com\/corpupaipa\/#website","url":"https:\/\/datosysoluciones.com\/corpupaipa\/","name":"Cortupaipa","description":"Fondo Mixto de Promoci\u00f3n y Desarrollo Tur\u00edstico de Paipa","publisher":{"@id":"https:\/\/datosysoluciones.com\/corpupaipa\/#organization"},"potentialAction":[{"@type":"SearchAction","target":{"@type":"EntryPoint","urlTemplate":"https:\/\/datosysoluciones.com\/corpupaipa\/?s={search_term_string}"},"query-input":"required name=search_term_string"}],"inLanguage":"es-CO"},{"@type":"Organization","@id":"https:\/\/datosysoluciones.com\/corpupaipa\/#organization","name":"Cortupaipa","url":"https:\/\/datosysoluciones.com\/corpupaipa\/","logo":{"@type":"ImageObject","inLanguage":"es-CO","@id":"https:\/\/datosysoluciones.com\/corpupaipa\/#\/schema\/logo\/image\/","url":"https:\/\/datosysoluciones.com\/corpupaipa\/wp-content\/uploads\/2022\/10\/logo-cortupaipa-b.png","contentUrl":"https:\/\/datosysoluciones.com\/corpupaipa\/wp-content\/uploads\/2022\/10\/logo-cortupaipa-b.png","width":320,"height":87,"caption":"Cortupaipa"},"image":{"@id":"https:\/\/datosysoluciones.com\/corpupaipa\/#\/schema\/logo\/image\/"}}]}},"_links":{"self":[{"href":"https:\/\/datosysoluciones.com\/corpupaipa\/wp-json\/wp\/v2\/pages\/690"}],"collection":[{"href":"https:\/\/datosysoluciones.com\/corpupaipa\/wp-json\/wp\/v2\/pages"}],"about":[{"href":"https:\/\/datosysoluciones.com\/corpupaipa\/wp-json\/wp\/v2\/types\/page"}],"author":[{"embeddable":true,"href":"https:\/\/datosysoluciones.com\/corpupaipa\/wp-json\/wp\/v2\/users\/1"}],"replies":[{"embeddable":true,"href":"https:\/\/datosysoluciones.com\/corpupaipa\/wp-json\/wp\/v2\/comments?post=690"}],"version-history":[{"count":52,"href":"https:\/\/datosysoluciones.com\/corpupaipa\/wp-json\/wp\/v2\/pages\/690\/revisions"}],"predecessor-version":[{"id":1586,"href":"https:\/\/datosysoluciones.com\/corpupaipa\/wp-json\/wp\/v2\/pages\/690\/revisions\/1586"}],"wp:attachment":[{"href":"https:\/\/datosysoluciones.com\/corpupaipa\/wp-json\/wp\/v2\/media?parent=690"}],"curies":[{"name":"wp","href":"https:\/\/api.w.org\/{rel}","templated":true}]}}