{"id":692,"date":"2022-12-12T13:34:08","date_gmt":"2022-12-12T18:34:08","guid":{"rendered":"https:\/\/datosysoluciones.com\/corpupaipa\/?page_id=692"},"modified":"2022-12-26T13:25:52","modified_gmt":"2022-12-26T18:25:52","slug":"restaurantes","status":"publish","type":"page","link":"https:\/\/datosysoluciones.com\/corpupaipa\/restaurantes\/","title":{"rendered":"Restaurantes"},"content":{"rendered":"\t\t<div data-elementor-type=\"wp-page\" data-elementor-id=\"692\" class=\"elementor elementor-692\">\n\t\t\t\t\t\t\t\t\t<section class=\"elementor-section elementor-top-section elementor-element elementor-element-fed1ccb elementor-section-full_width elementor-section-height-default elementor-section-height-default\" data-id=\"fed1ccb\" data-element_type=\"section\" data-settings=\"{&quot;jet_parallax_layout_list&quot;:[],&quot;background_background&quot;:&quot;classic&quot;}\">\n\t\t\t\t\t\t<div class=\"elementor-container elementor-column-gap-default\">\n\t\t\t\t\t<div class=\"elementor-column elementor-col-50 elementor-top-column elementor-element elementor-element-b0a32ae\" data-id=\"b0a32ae\" data-element_type=\"column\" data-settings=\"{&quot;background_background&quot;:&quot;classic&quot;}\">\n\t\t\t<div class=\"elementor-widget-wrap elementor-element-populated\">\n\t\t\t\t\t\t\t\t\t<\/div>\n\t\t<\/div>\n\t\t\t\t<div class=\"elementor-column elementor-col-50 elementor-top-column elementor-element elementor-element-52ddf03\" data-id=\"52ddf03\" data-element_type=\"column\">\n\t\t\t<div class=\"elementor-widget-wrap\">\n\t\t\t\t\t\t\t\t\t<\/div>\n\t\t<\/div>\n\t\t\t\t\t\t\t<\/div>\n\t\t<\/section>\n\t\t\t\t<section class=\"elementor-section elementor-top-section elementor-element elementor-element-a46cfd4 elementor-section-boxed elementor-section-height-default elementor-section-height-default\" data-id=\"a46cfd4\" data-element_type=\"section\" data-settings=\"{&quot;jet_parallax_layout_list&quot;:[]}\">\n\t\t\t\t\t\t<div class=\"elementor-container elementor-column-gap-default\">\n\t\t\t\t\t<div class=\"elementor-column elementor-col-100 elementor-top-column elementor-element elementor-element-c639348\" data-id=\"c639348\" data-element_type=\"column\">\n\t\t\t<div class=\"elementor-widget-wrap elementor-element-populated\">\n\t\t\t\t\t\t\t\t<div class=\"elementor-element elementor-element-e1d3537 elementor-widget elementor-widget-image\" data-id=\"e1d3537\" data-element_type=\"widget\" data-widget_type=\"image.default\">\n\t\t\t\t<div class=\"elementor-widget-container\">\n\t\t\t<style>\/*! elementor - v3.6.8 - 27-07-2022 *\/\n.elementor-widget-image{text-align:center}.elementor-widget-image a{display:inline-block}.elementor-widget-image a img[src$=\".svg\"]{width:48px}.elementor-widget-image img{vertical-align:middle;display:inline-block}<\/style>\t\t\t\t\t\t\t\t\t\t\t\t<img loading=\"lazy\" decoding=\"async\" width=\"300\" height=\"134\" src=\"https:\/\/datosysoluciones.com\/corpupaipa\/wp-content\/uploads\/2022\/10\/comer-paipa.png\" class=\"attachment-large size-large\" alt=\"\" style=\"width:100%;height:44.67%;max-width:300px\" \/>\t\t\t\t\t\t\t\t\t\t\t\t\t\t\t<\/div>\n\t\t\t\t<\/div>\n\t\t\t\t<section class=\"elementor-section elementor-inner-section elementor-element elementor-element-ea9dbd0 elementor-section-boxed elementor-section-height-default elementor-section-height-default\" data-id=\"ea9dbd0\" data-element_type=\"section\" data-settings=\"{&quot;jet_parallax_layout_list&quot;:[]}\">\n\t\t\t\t\t\t<div class=\"elementor-container elementor-column-gap-default\">\n\t\t\t\t\t<div class=\"elementor-column elementor-col-100 elementor-inner-column elementor-element elementor-element-be14d1f\" data-id=\"be14d1f\" data-element_type=\"column\">\n\t\t\t<div class=\"elementor-widget-wrap elementor-element-populated\">\n\t\t\t\t\t\t\t\t<div class=\"elementor-element elementor-element-a8cd9f9 elementor-widget elementor-widget-text-editor\" data-id=\"a8cd9f9\" data-element_type=\"widget\" data-widget_type=\"text-editor.default\">\n\t\t\t\t<div class=\"elementor-widget-container\">\n\t\t\t<style>\/*! elementor - v3.6.8 - 27-07-2022 *\/\n.elementor-widget-text-editor.elementor-drop-cap-view-stacked .elementor-drop-cap{background-color:#818a91;color:#fff}.elementor-widget-text-editor.elementor-drop-cap-view-framed .elementor-drop-cap{color:#818a91;border:3px solid;background-color:transparent}.elementor-widget-text-editor:not(.elementor-drop-cap-view-default) .elementor-drop-cap{margin-top:8px}.elementor-widget-text-editor:not(.elementor-drop-cap-view-default) .elementor-drop-cap-letter{width:1em;height:1em}.elementor-widget-text-editor .elementor-drop-cap{float:left;text-align:center;line-height:1;font-size:50px}.elementor-widget-text-editor .elementor-drop-cap-letter{display:inline-block}<\/style>\t\t\t\tDescubre un lugar que sea de agrado para tu paladar, disfrutando de todo tipo de platillos de tu agrado en el que  cualquier lugar es f\u00e1cil sorprenderse con las comidas t\u00edpicas y tambi\u00e9n de nuestra comida tradicional.\nPaipa abraza todo tipo de gastronom\u00eda tradicional, nacional e internacional, a trav\u00e9s de mercados y restaurantes que invitan a conocer, aprender y apreciar los sabores del mundo.\n\t\t\t\t\t\t<\/div>\n\t\t\t\t<\/div>\n\t\t\t\t\t<\/div>\n\t\t<\/div>\n\t\t\t\t\t\t\t<\/div>\n\t\t<\/section>\n\t\t\t\t\t<\/div>\n\t\t<\/div>\n\t\t\t\t\t\t\t<\/div>\n\t\t<\/section>\n\t\t\t\t<section class=\"elementor-section elementor-top-section elementor-element elementor-element-9813774 elementor-section-boxed elementor-section-height-default elementor-section-height-default\" data-id=\"9813774\" data-element_type=\"section\" data-settings=\"{&quot;jet_parallax_layout_list&quot;:[],&quot;background_background&quot;:&quot;classic&quot;}\">\n\t\t\t\t\t\t\t<div class=\"elementor-background-overlay\"><\/div>\n\t\t\t\t\t\t\t<div class=\"elementor-container elementor-column-gap-default\">\n\t\t\t\t\t<div class=\"elementor-column elementor-col-100 elementor-top-column elementor-element elementor-element-0969f29\" data-id=\"0969f29\" data-element_type=\"column\">\n\t\t\t<div class=\"elementor-widget-wrap elementor-element-populated\">\n\t\t\t\t\t\t\t\t<div class=\"elementor-element elementor-element-4c8af5b tb_item elementor-widget elementor-widget-html\" data-id=\"4c8af5b\" data-element_type=\"widget\" data-widget_type=\"html.default\">\n\t\t\t\t<div class=\"elementor-widget-container\">\n\t\t\t<table>\n\t<\/tbody>\n\t\t<tr>\n\t\t  <td class=\"txt_title\">NOMBRE DEL ESTABLECIMIENTO\t<\/td>\n\t\t  <td class=\"txt_title\">TELEFONO\t<\/td>\n\t\t  <td class=\"txt_title\">DIRECCION\t<\/td>\n\t\t<\/tr>\n\t\t<tr>\n\t\t  <td>RESTAURANTE LANCIERI\t<\/td>\n\t\t  <td>312 3580269\t<\/td>\n\t\t  <td>Cra 25 KM 1 VIA LAS PISCINAS\t<\/td>\n\t\t<\/tr>\n\t\t<tr>\n\t\t  <td>RESTAURANTE COSMOPOLITA\t<\/td>\n\t\t  <td>311 8102944\t<\/td>\n\t\t  <td>FRENTE AL LAGO\t<\/td>\n\t\t<\/tr>\n\t\t<tr>\n\t\t  <td>RESTAURANTE EL PATIO\t<\/td>\n\t\t  <td>320 8552616\t<\/td>\n\t\t  <td>Cll 25 No 10 - 65\t<\/td>\n\t\t<\/tr>\n\t\t<tr>\n\t\t  <td>RESTAURANTE RUGANTINO\t<\/td>\n\t\t  <td>318 7437212\t<\/td>\n\t\t  <td>Cll 25 # 13-30\t<\/td>\n\t\t<\/tr>\n\t\t<tr>\n\t\t  <td>RESTAURANTE PANORAMA\t<\/td>\n\t\t  <td>3203472189\t<\/td>\n\t\t  <td>Cll. 25 #19- 109\t<\/td>\n\t\t<\/tr>\n\t\t<tr>\n\t\t  <td>RESTAURANTE EL POBRE ANTONIO\t<\/td>\n\t\t  <td>312 3581403\t<\/td>\n\t\t  <td>Cll. 25 # 5-18\t<\/td>\n\t\t<\/tr>\n\t\t<tr>\n\t\t  <td>RESTAURANTE BALCON DE LAS GARZAS\t<\/td>\n\t\t  <td>(038) 7850 012\t<\/td>\n\t\t  <td>HOTEL SOCHAGOTA\t<\/td>\n\t\t<\/tr>\n\t\t<tr>\n\t\t  <td>RESTAURANTE CHILL TOWN\t<\/td>\n\t\t  <td>3133314372\t<\/td>\n\t\t  <td>Cll 25 # 13-30\t<\/td>\n\t\t<\/tr>\n\t\t<tr>\n\t\t  <td>CHEZ SANTOS\t<\/td>\n\t\t  <td>3202864416\t<\/td>\n\t\t  <td>CLL 25 No17-38\t<\/td>\n\t\t<\/tr>\n\t\t<tr>\n\t\t  <td>ALCAL\u00c1 Y CASA DE BANQUETES\t<\/td>\n\t\t  <td>3202864416\t<\/td>\n\t\t  <td>CLL 25 N\u00b0 13-00\t<\/td>\n\t\t<\/tr>\n\t\t<tr>\n\t\t  <td>LAS ROKAS\t<\/td>\n\t\t  <td>3132699678\t<\/td>\n\t\t  <td>Km3 Via Pantano de Vargas\t<\/td>\n\t\t<\/tr>\n\t\t<tr>\n\t\t  <td>LA FRAGATA\t<\/td>\n\t\t  <td>3212182566\t<\/td>\n\t\t  <td>Lago Sochagota V\u00eda Canocas\t<\/td>\n\t\t<\/tr>\n\t\t<tr>\n\t\t  <td>AZAFRAN\t<\/td>\n\t\t  <td>3107734745\t<\/td>\n\t\t  <td>Cra 23 No. 23-26\t<\/td>\n\t\t<\/tr>\n\t\t<tr>\n\t\t  <td>ALCALA RESTAURANTE CAMPESTRE\t<\/td>\n\t\t  <td>3108840128\t<\/td>\n\t\t  <td>Pantano de Vargas V\u00eda Duitama\t<\/td>\n\t\t<\/tr>\n\t\t<tr>\n\t\t  <td>ZAGU\u00c1N PAIPANO\t<\/td>\n\t\t  <td>3134245890\t<\/td>\n\t\t  <td>Cll 24 N\u00b0 21-26\t<\/td>\n\t\t<\/tr>\n\t\t<tr>\n\t\t  <td>RESTAURANTE BAR DEL CANGREJO\t<\/td>\n\t\t  <td>311 2566336\t<\/td>\n\t\t  <td>Pantano de Vargas\t<\/td>\n\t\t<\/tr>\n\t\t<tr>\n\t\t  <td>SUPER ALITAS PAIPA\t<\/td>\n\t\t  <td>3042123818\t<\/td>\n\t\t  <td>Cll 25 No. 17-90\t<\/td>\n\t\t<\/tr>\n\t\t<tr>\n\t\t  <td>BOTTANAS\t<\/td>\n\t\t  <td>311 7253816\t<\/td>\n\t\t  <td>Cll 24 N\u00b0 20-29\t<\/td>\n\t\t<\/tr>\n\t\t<tr>\n\t\t  <td>CASONA CAMACHO\t<\/td>\n\t\t  <td>(038) 7852401\t<\/td>\n\t\t  <td>Cll 24 No. 20-31\t<\/td>\n\t\t<\/tr>\n\t\t<tr>\n\t\t  <td>RESTAURANTE CLUB NAUTICO\t<\/td>\n\t\t  <td>3125223487\t<\/td>\n\t\t  <td>COLSUBSIDIO\t<\/td>\n\t\t<\/tr>\n\t\t<tr>\n\t\t  <td>LE\u00d1A VERDE TROPICAL\t<\/td>\n\t\t  <td>3112276686\t<\/td>\n\t\t  <td>Cll 25 N\u00b0 11-17\t<\/td>\n\t\t<\/tr>\n\t\t<tr>\n\t\t  <td>FOGON REAL\t<\/td>\n\t\t  <td>3182552190\t<\/td>\n\t\t  <td>100 metros delante de las piscinas\t<\/td>\n\t\t<\/tr>\n\t\t<tr>\n\t\t  <td>SOL TERRAZA CAF\u00c9\t<\/td>\n\t\t  <td>3153350932\t<\/td>\n\t\t  <td>HOTEL ESTELAR\t<\/td>\n\t\t<\/tr>\n\t\t<tr>\n\t\t  <td>LOS TIZONES\t<\/td>\n\t\t  <td>3156705313\t<\/td>\n\t\t  <td>CRA 17 N 24- 52\t<\/td>\n\t\t<\/tr>\n\t\t<tr>\n\t\t  <td>PIZZA NOSTRA\t<\/td>\n\t\t  <td>3153475227\t<\/td>\n\t\t  <td>CLL 25 N 18- 43\t<\/td>\n\t\t<\/tr>\n\t\t<tr>\n\t\t  <td>AKIKIRIKI\t<\/td>\n\t\t  <td>3138888375\t<\/td>\n\t\t  <td>AV Libertadores 22- 22\t<\/td>\n\t\t<\/tr>\n\t\t<tr>\n\t\t  <td>SURTIDORA DE AVES LA77\t<\/td>\n\t\t  <td>3112671053\t<\/td>\n\t\t  <td>Cll 25 No 19-102\t<\/td>\n\t\t<\/tr>\n\t\t<tr>\n\t\t  <td>MONK \u0301S FOOD DRINK\t<\/td>\n\t\t  <td>3125221447\t<\/td>\n\t\t  <td>Cll 24 No 18-30\t<\/td>\n\t\t<\/tr>\n\t\t<tr>\n\t\t  <td>EL GRAN POLLO\t<\/td>\n\t\t  <td>3214137651\t<\/td>\n\t\t  <td>Cra 19 No 26-01\t<\/td>\n\t\t<\/tr>\n\t\t<tr>\n\t\t  <td>EL TRANQUERO PAIPA\t<\/td>\n\t\t  <td>3108051291\t<\/td>\n\t\t  <td>Cra. 19 No. 25-50\t<\/td>\n\t\t<\/tr>\n\t\t<tr>\n\t\t  <td>LA CAVA DEL CHEF\t<\/td>\n\t\t  <td>3112624933\t<\/td>\n\t\t  <td>KM 2 VIA CANOCAS\t<\/td>\n\t\t<\/tr>\n\t\t<tr>\n\t\t  <td>WINGS\t<\/td>\n\t\t  <td>3202619652\t<\/td>\n\t\t  <td>Cll 25 CON 19\t<\/td>\n\t\t<\/tr>\n\t\t<tr>\n\t\t  <td>FINISTERRA\t<\/td>\n\t\t  <td>3103437774\t<\/td>\n\t\t  <td>Km 3 Via Pantano de Vargas\t<\/td>\n\t\t<\/tr>\n\t\t<tr>\n\t\t  <td>KENNIA COFFE PAPIA\t<\/td>\n\t\t  <td>3208772298\t<\/td>\n\t\t  <td>Cra 21 CON CLL 25\t<\/td>\n\t\t<\/tr>\n\t\t<tr>\n\t\t  <td>CARNE ROJA 25\t<\/td>\n\t\t  <td>3133929716\t<\/td>\n\t\t  <td>Cll 25 No. 19-104\t<\/td>\n\t\t<\/tr>\n\t\t<tr>\n\t\t  <td>EL FUERTE DE LA PIZZA\t<\/td>\n\t\t  <td>3138417237\t<\/td>\n\t\t  <td>Cll 25 No. 20-33\t<\/td>\n\t\t<\/tr>\n\t\t<tr>\n\t\t  <td>MEDALLA DE ORO\t<\/td>\n\t\t  <td>3103452692\t<\/td>\n\t\t  <td>KM 1.5 VIA PAIPA TUNJA\t<\/td>\n\t\t<\/tr>\n\t\t<tr>\n\t\t  <td>RUBENCHOS\t<\/td>\n\t\t  <td>3103345293\t<\/td>\n\t\t  <td>Cra 19 NO. 25-34\t<\/td>\n\t\t<\/tr>\n\t\t<tr>\n\t\t  <td>ASADERO CALABAZO\t<\/td>\n\t\t  <td>3104804199\t<\/td>\n\t\t  <td>PANTANO DE VARGAS\t<\/td>\n\t\t<\/tr>\n\t\t<tr>\n\t\t  <td>LA PAELLA DE PEDRO\t<\/td>\n\t\t  <td>3107919017\t<\/td>\n\t\t  <td>V\u00eda Canocas\t<\/td>\n\t\t<\/tr>\n\t\t<tr>\n\t\t  <td>SAN MIGUELITO\t<\/td>\n\t\t  <td>3124153176\t<\/td>\n\t\t  <td>Av. Libertadores 20a-08V\t<\/td>\n\t\t<\/tr>\n\t\t<tr>\n\t\t  <td>EL RINCON FAMILIAR \t<\/td>\n\t\t  <td>3112580675\t<\/td>\n\t\t  <td>Cra. 19 No. 25-22\t<\/td>\n\t\t<\/tr>\n\t\t<tr>\n\t\t  <td>PRADO VERDE\t<\/td>\n\t\t  <td>3144777156\t<\/td>\n\t\t  <td>Pantano de Vargas\t<\/td>\n\t\t<\/tr>\n\t\t<tr>\n\t\t  <td>TRIGOS ARTESANAL\t<\/td>\n\t\t  <td>3132488837\t<\/td>\n\t\t  <td>Cra. 19 No. 25-50\t<\/td>\n\t\t<\/tr>\n\t\t<tr>\n\t\t  <td>LAS LAJAS\t<\/td>\n\t\t  <td>3208412562\t<\/td>\n\t\t  <td>Cra 19 N\u00b0 23-10\t<\/td>\n\t\t<\/tr>\n\t\t<tr>\n\t\t  <td>TAMANACO\t<\/td>\n\t\t  <td>3167449776\t<\/td>\n\t\t  <td>Cll 19 No 22-60\t<\/td>\n\t\t<\/tr>\n\t\t<tr>\n\t\t  <td>CASCADA DEL SUSHI\t<\/td>\n\t\t  <td>3103254725\t<\/td>\n\t\t  <td>Cll 25 N\u00b0 09-19\t<\/td>\n\t\t<\/tr>\n\t\t<tr>\n\t\t  <td>FEL&CIN\t<\/td>\n\t\t  <td>320 8088814\t<\/td>\n\t\t  <td>KM 1.5 VIA PAIPA TUNJA\t<\/td>\n\t\t<\/tr>\n\t\t<tr>\n\t\t  <td>LAS TRANCAS DE MI CORRAL\t<\/td>\n\t\t  <td>3133915891\t<\/td>\n\t\t  <td>Cll 24 N\u00b0 17-21\t<\/td>\n\t\t<\/tr>\n\t\t<tr>\n\t\t  <td>PERNILONES EXPRESS\t<\/td>\n\t\t  <td>3214940876\t<\/td>\n\t\t  <td>Cll 24 N\u00b0 23-14\t<\/td>\n\t\t<\/tr>\n\t\t<tr>\n\t\t  <td>RUSSTIC\t<\/td>\n\t\t  <td>3124882871\t<\/td>\n\t\t  <td>VEREDA MIRABAL\t<\/td>\n\t\t<\/tr>\n\t\t<tr>\n\t\t  <td>RUSSTIC\t<\/td>\n\t\t  <td>321 3609694\t<\/td>\n\t\t  <td>PANTANO DE VARGAS\t<\/td>\n\t\t<\/tr>\n\t\t<tr>\n\t\t  <td>MONTECARLO PIZZA\t<\/td>\n\t\t  <td>3143332444\t<\/td>\n\t\t  <td>Cra 21 N\u00b0 24-32\t<\/td>\n\t\t<\/tr>\n\t\t<tr>\n\t\t  <td>BETOS\t<\/td>\n\t\t  <td>3223703069\t<\/td>\n\t\t  <td>CRA 19 N 25- 32\t<\/td>\n\t\t<\/tr>\n\t\t<tr>\n\t\t  <td>LE ROUSE GASTRO PUB\t<\/td>\n\t\t  <td>3102998835\t<\/td>\n\t\t  <td>Km 3 Via Pantano de Vargas\t<\/td>\n\t\t<\/tr>\n\t<\/tbody>\n<\/table>\t\t<\/div>\n\t\t\t\t<\/div>\n\t\t\t\t\t<\/div>\n\t\t<\/div>\n\t\t\t\t\t\t\t<\/div>\n\t\t<\/section>\n\t\t\t\t\t\t\t<\/div>\n\t\t","protected":false},"excerpt":{"rendered":"<p>Descubre un lugar que sea de agrado para tu paladar, disfrutando de todo tipo de platillos de tu agrado en el que cualquier lugar es f\u00e1cil sorprenderse con las comidas t\u00edpicas y tambi\u00e9n de nuestra comida tradicional. Paipa abraza todo tipo de gastronom\u00eda tradicional, nacional e internacional, a trav\u00e9s de mercados y restaurantes que invitan&hellip; <a class=\"more-link\" href=\"https:\/\/datosysoluciones.com\/corpupaipa\/restaurantes\/\">Seguir leyendo <span class=\"screen-reader-text\">Restaurantes<\/span><\/a><\/p>\n","protected":false},"author":1,"featured_media":0,"parent":0,"menu_order":0,"comment_status":"closed","ping_status":"closed","template":"elementor_header_footer","meta":{"footnotes":""},"yoast_head":"<!-- This site is optimized with the Yoast SEO plugin v19.12 - https:\/\/yoast.com\/wordpress\/plugins\/seo\/ -->\n<title>Restaurantes - Cortupaipa<\/title>\n<meta name=\"robots\" content=\"index, follow, max-snippet:-1, max-image-preview:large, max-video-preview:-1\" \/>\n<link rel=\"canonical\" href=\"https:\/\/datosysoluciones.com\/corpupaipa\/restaurantes\/\" \/>\n<meta property=\"og:locale\" content=\"es_ES\" \/>\n<meta property=\"og:type\" content=\"article\" \/>\n<meta property=\"og:title\" content=\"Restaurantes - Cortupaipa\" \/>\n<meta property=\"og:description\" content=\"Descubre un lugar que sea de agrado para tu paladar, disfrutando de todo tipo de platillos de tu agrado en el que cualquier lugar es f\u00e1cil sorprenderse con las comidas t\u00edpicas y tambi\u00e9n de nuestra comida tradicional. Paipa abraza todo tipo de gastronom\u00eda tradicional, nacional e internacional, a trav\u00e9s de mercados y restaurantes que invitan&hellip; Seguir leyendo Restaurantes\" \/>\n<meta property=\"og:url\" content=\"https:\/\/datosysoluciones.com\/corpupaipa\/restaurantes\/\" \/>\n<meta property=\"og:site_name\" content=\"Cortupaipa\" \/>\n<meta property=\"article:modified_time\" content=\"2022-12-26T18:25:52+00:00\" \/>\n<meta property=\"og:image\" content=\"https:\/\/datosysoluciones.com\/corpupaipa\/wp-content\/uploads\/2022\/10\/comer-paipa.png\" \/>\n<meta name=\"twitter:card\" content=\"summary_large_image\" \/>\n<meta name=\"twitter:label1\" content=\"Tiempo estimado de lectura\" \/>\n\t<meta name=\"twitter:data1\" content=\"3 minutos\" \/>\n<script type=\"application\/ld+json\" class=\"yoast-schema-graph\">{\"@context\":\"https:\/\/schema.org\",\"@graph\":[{\"@type\":\"WebPage\",\"@id\":\"https:\/\/datosysoluciones.com\/corpupaipa\/restaurantes\/\",\"url\":\"https:\/\/datosysoluciones.com\/corpupaipa\/restaurantes\/\",\"name\":\"Restaurantes - Cortupaipa\",\"isPartOf\":{\"@id\":\"https:\/\/datosysoluciones.com\/corpupaipa\/#website\"},\"datePublished\":\"2022-12-12T18:34:08+00:00\",\"dateModified\":\"2022-12-26T18:25:52+00:00\",\"breadcrumb\":{\"@id\":\"https:\/\/datosysoluciones.com\/corpupaipa\/restaurantes\/#breadcrumb\"},\"inLanguage\":\"es-CO\",\"potentialAction\":[{\"@type\":\"ReadAction\",\"target\":[\"https:\/\/datosysoluciones.com\/corpupaipa\/restaurantes\/\"]}]},{\"@type\":\"BreadcrumbList\",\"@id\":\"https:\/\/datosysoluciones.com\/corpupaipa\/restaurantes\/#breadcrumb\",\"itemListElement\":[{\"@type\":\"ListItem\",\"position\":1,\"name\":\"Inicio\",\"item\":\"https:\/\/datosysoluciones.com\/corpupaipa\/\"},{\"@type\":\"ListItem\",\"position\":2,\"name\":\"Restaurantes\"}]},{\"@type\":\"WebSite\",\"@id\":\"https:\/\/datosysoluciones.com\/corpupaipa\/#website\",\"url\":\"https:\/\/datosysoluciones.com\/corpupaipa\/\",\"name\":\"Cortupaipa\",\"description\":\"Fondo Mixto de Promoci\u00f3n y Desarrollo Tur\u00edstico de Paipa\",\"publisher\":{\"@id\":\"https:\/\/datosysoluciones.com\/corpupaipa\/#organization\"},\"potentialAction\":[{\"@type\":\"SearchAction\",\"target\":{\"@type\":\"EntryPoint\",\"urlTemplate\":\"https:\/\/datosysoluciones.com\/corpupaipa\/?s={search_term_string}\"},\"query-input\":\"required name=search_term_string\"}],\"inLanguage\":\"es-CO\"},{\"@type\":\"Organization\",\"@id\":\"https:\/\/datosysoluciones.com\/corpupaipa\/#organization\",\"name\":\"Cortupaipa\",\"url\":\"https:\/\/datosysoluciones.com\/corpupaipa\/\",\"logo\":{\"@type\":\"ImageObject\",\"inLanguage\":\"es-CO\",\"@id\":\"https:\/\/datosysoluciones.com\/corpupaipa\/#\/schema\/logo\/image\/\",\"url\":\"https:\/\/datosysoluciones.com\/corpupaipa\/wp-content\/uploads\/2022\/10\/logo-cortupaipa-b.png\",\"contentUrl\":\"https:\/\/datosysoluciones.com\/corpupaipa\/wp-content\/uploads\/2022\/10\/logo-cortupaipa-b.png\",\"width\":320,\"height\":87,\"caption\":\"Cortupaipa\"},\"image\":{\"@id\":\"https:\/\/datosysoluciones.com\/corpupaipa\/#\/schema\/logo\/image\/\"}}]}<\/script>\n<!-- \/ Yoast SEO plugin. -->","yoast_head_json":{"title":"Restaurantes - Cortupaipa","robots":{"index":"index","follow":"follow","max-snippet":"max-snippet:-1","max-image-preview":"max-image-preview:large","max-video-preview":"max-video-preview:-1"},"canonical":"https:\/\/datosysoluciones.com\/corpupaipa\/restaurantes\/","og_locale":"es_ES","og_type":"article","og_title":"Restaurantes - Cortupaipa","og_description":"Descubre un lugar que sea de agrado para tu paladar, disfrutando de todo tipo de platillos de tu agrado en el que cualquier lugar es f\u00e1cil sorprenderse con las comidas t\u00edpicas y tambi\u00e9n de nuestra comida tradicional. Paipa abraza todo tipo de gastronom\u00eda tradicional, nacional e internacional, a trav\u00e9s de mercados y restaurantes que invitan&hellip; Seguir leyendo Restaurantes","og_url":"https:\/\/datosysoluciones.com\/corpupaipa\/restaurantes\/","og_site_name":"Cortupaipa","article_modified_time":"2022-12-26T18:25:52+00:00","og_image":[{"url":"https:\/\/datosysoluciones.com\/corpupaipa\/wp-content\/uploads\/2022\/10\/comer-paipa.png"}],"twitter_card":"summary_large_image","twitter_misc":{"Tiempo estimado de lectura":"3 minutos"},"schema":{"@context":"https:\/\/schema.org","@graph":[{"@type":"WebPage","@id":"https:\/\/datosysoluciones.com\/corpupaipa\/restaurantes\/","url":"https:\/\/datosysoluciones.com\/corpupaipa\/restaurantes\/","name":"Restaurantes - Cortupaipa","isPartOf":{"@id":"https:\/\/datosysoluciones.com\/corpupaipa\/#website"},"datePublished":"2022-12-12T18:34:08+00:00","dateModified":"2022-12-26T18:25:52+00:00","breadcrumb":{"@id":"https:\/\/datosysoluciones.com\/corpupaipa\/restaurantes\/#breadcrumb"},"inLanguage":"es-CO","potentialAction":[{"@type":"ReadAction","target":["https:\/\/datosysoluciones.com\/corpupaipa\/restaurantes\/"]}]},{"@type":"BreadcrumbList","@id":"https:\/\/datosysoluciones.com\/corpupaipa\/restaurantes\/#breadcrumb","itemListElement":[{"@type":"ListItem","position":1,"name":"Inicio","item":"https:\/\/datosysoluciones.com\/corpupaipa\/"},{"@type":"ListItem","position":2,"name":"Restaurantes"}]},{"@type":"WebSite","@id":"https:\/\/datosysoluciones.com\/corpupaipa\/#website","url":"https:\/\/datosysoluciones.com\/corpupaipa\/","name":"Cortupaipa","description":"Fondo Mixto de Promoci\u00f3n y Desarrollo Tur\u00edstico de Paipa","publisher":{"@id":"https:\/\/datosysoluciones.com\/corpupaipa\/#organization"},"potentialAction":[{"@type":"SearchAction","target":{"@type":"EntryPoint","urlTemplate":"https:\/\/datosysoluciones.com\/corpupaipa\/?s={search_term_string}"},"query-input":"required name=search_term_string"}],"inLanguage":"es-CO"},{"@type":"Organization","@id":"https:\/\/datosysoluciones.com\/corpupaipa\/#organization","name":"Cortupaipa","url":"https:\/\/datosysoluciones.com\/corpupaipa\/","logo":{"@type":"ImageObject","inLanguage":"es-CO","@id":"https:\/\/datosysoluciones.com\/corpupaipa\/#\/schema\/logo\/image\/","url":"https:\/\/datosysoluciones.com\/corpupaipa\/wp-content\/uploads\/2022\/10\/logo-cortupaipa-b.png","contentUrl":"https:\/\/datosysoluciones.com\/corpupaipa\/wp-content\/uploads\/2022\/10\/logo-cortupaipa-b.png","width":320,"height":87,"caption":"Cortupaipa"},"image":{"@id":"https:\/\/datosysoluciones.com\/corpupaipa\/#\/schema\/logo\/image\/"}}]}},"_links":{"self":[{"href":"https:\/\/datosysoluciones.com\/corpupaipa\/wp-json\/wp\/v2\/pages\/692"}],"collection":[{"href":"https:\/\/datosysoluciones.com\/corpupaipa\/wp-json\/wp\/v2\/pages"}],"about":[{"href":"https:\/\/datosysoluciones.com\/corpupaipa\/wp-json\/wp\/v2\/types\/page"}],"author":[{"embeddable":true,"href":"https:\/\/datosysoluciones.com\/corpupaipa\/wp-json\/wp\/v2\/users\/1"}],"replies":[{"embeddable":true,"href":"https:\/\/datosysoluciones.com\/corpupaipa\/wp-json\/wp\/v2\/comments?post=692"}],"version-history":[{"count":22,"href":"https:\/\/datosysoluciones.com\/corpupaipa\/wp-json\/wp\/v2\/pages\/692\/revisions"}],"predecessor-version":[{"id":1590,"href":"https:\/\/datosysoluciones.com\/corpupaipa\/wp-json\/wp\/v2\/pages\/692\/revisions\/1590"}],"wp:attachment":[{"href":"https:\/\/datosysoluciones.com\/corpupaipa\/wp-json\/wp\/v2\/media?parent=692"}],"curies":[{"name":"wp","href":"https:\/\/api.w.org\/{rel}","templated":true}]}}