{"id":696,"date":"2022-12-13T10:20:10","date_gmt":"2022-12-13T15:20:10","guid":{"rendered":"https:\/\/datosysoluciones.com\/corpupaipa\/?page_id=696"},"modified":"2022-12-26T13:33:15","modified_gmt":"2022-12-26T18:33:15","slug":"paradores-turisticos","status":"publish","type":"page","link":"https:\/\/datosysoluciones.com\/corpupaipa\/paradores-turisticos\/","title":{"rendered":"Paradores Tur\u00edsticos"},"content":{"rendered":"\t\t<div data-elementor-type=\"wp-page\" data-elementor-id=\"696\" class=\"elementor elementor-696\">\n\t\t\t\t\t\t\t\t\t<section class=\"elementor-section elementor-top-section elementor-element elementor-element-fed1ccb elementor-section-full_width elementor-section-height-default elementor-section-height-default\" data-id=\"fed1ccb\" data-element_type=\"section\" data-settings=\"{&quot;jet_parallax_layout_list&quot;:[],&quot;background_background&quot;:&quot;classic&quot;}\">\n\t\t\t\t\t\t<div class=\"elementor-container elementor-column-gap-default\">\n\t\t\t\t\t<div class=\"elementor-column elementor-col-50 elementor-top-column elementor-element elementor-element-b0a32ae\" data-id=\"b0a32ae\" data-element_type=\"column\" data-settings=\"{&quot;background_background&quot;:&quot;classic&quot;}\">\n\t\t\t<div class=\"elementor-widget-wrap elementor-element-populated\">\n\t\t\t\t\t\t\t\t\t<\/div>\n\t\t<\/div>\n\t\t\t\t<div class=\"elementor-column elementor-col-50 elementor-top-column elementor-element elementor-element-52ddf03\" data-id=\"52ddf03\" data-element_type=\"column\">\n\t\t\t<div class=\"elementor-widget-wrap\">\n\t\t\t\t\t\t\t\t\t<\/div>\n\t\t<\/div>\n\t\t\t\t\t\t\t<\/div>\n\t\t<\/section>\n\t\t\t\t<section class=\"elementor-section elementor-top-section elementor-element elementor-element-c467500 elementor-section-boxed elementor-section-height-default elementor-section-height-default\" data-id=\"c467500\" data-element_type=\"section\" data-settings=\"{&quot;jet_parallax_layout_list&quot;:[]}\">\n\t\t\t\t\t\t<div class=\"elementor-container elementor-column-gap-default\">\n\t\t\t\t\t<div class=\"elementor-column elementor-col-100 elementor-top-column elementor-element elementor-element-17bc176\" data-id=\"17bc176\" data-element_type=\"column\">\n\t\t\t<div class=\"elementor-widget-wrap elementor-element-populated\">\n\t\t\t\t\t\t\t\t<div class=\"elementor-element elementor-element-2de565a elementor-widget elementor-widget-text-editor\" data-id=\"2de565a\" data-element_type=\"widget\" data-widget_type=\"text-editor.default\">\n\t\t\t\t<div class=\"elementor-widget-container\">\n\t\t\t<style>\/*! elementor - v3.6.8 - 27-07-2022 *\/\n.elementor-widget-text-editor.elementor-drop-cap-view-stacked .elementor-drop-cap{background-color:#818a91;color:#fff}.elementor-widget-text-editor.elementor-drop-cap-view-framed .elementor-drop-cap{color:#818a91;border:3px solid;background-color:transparent}.elementor-widget-text-editor:not(.elementor-drop-cap-view-default) .elementor-drop-cap{margin-top:8px}.elementor-widget-text-editor:not(.elementor-drop-cap-view-default) .elementor-drop-cap-letter{width:1em;height:1em}.elementor-widget-text-editor .elementor-drop-cap{float:left;text-align:center;line-height:1;font-size:50px}.elementor-widget-text-editor .elementor-drop-cap-letter{display:inline-block}<\/style>\t\t\t\tEl municipio de Paipa cuenta con una gran cantidad de f\u00e1bricas de amasijos como las almoj\u00e1banas, mantecadas, pan de yucas y colaciones tambi\u00e9n los derivados de l\u00e1cteos como el queso Paipa y el kumis, el masato de arroz acompa\u00f1ado de canela molida.\t\t\t\t\t\t<\/div>\n\t\t\t\t<\/div>\n\t\t\t\t\t<\/div>\n\t\t<\/div>\n\t\t\t\t\t\t\t<\/div>\n\t\t<\/section>\n\t\t\t\t<section class=\"elementor-section elementor-top-section elementor-element elementor-element-3d03115 elementor-section-boxed elementor-section-height-default elementor-section-height-default\" data-id=\"3d03115\" data-element_type=\"section\" data-settings=\"{&quot;jet_parallax_layout_list&quot;:[],&quot;background_background&quot;:&quot;classic&quot;}\">\n\t\t\t\t\t\t\t<div class=\"elementor-background-overlay\"><\/div>\n\t\t\t\t\t\t\t<div class=\"elementor-container elementor-column-gap-default\">\n\t\t\t\t\t<div class=\"elementor-column elementor-col-100 elementor-top-column elementor-element elementor-element-35b13f3\" data-id=\"35b13f3\" data-element_type=\"column\">\n\t\t\t<div class=\"elementor-widget-wrap elementor-element-populated\">\n\t\t\t\t\t\t\t\t<div class=\"elementor-element elementor-element-5b9722a tb_item elementor-widget elementor-widget-html\" data-id=\"5b9722a\" data-element_type=\"widget\" data-widget_type=\"html.default\">\n\t\t\t\t<div class=\"elementor-widget-container\">\n\t\t\t<table>\n\t<\/tbody>\n\t\t<tr>\n\t\t\t<td class=\"txt_title\">NOMBRE DEL ESTABLECIMIENTO\t<\/td>\n\t\t\t<td class=\"txt_title\">TELEFONO\t<\/td>\n\t\t\t<td class=\"txt_title\">DIRECCION\t<\/td>\n\t\t<\/tr>\n\t\t<tr>\n\t\t\t<td>PARADOR TUR\u00cdSTICO CAFETER\u00cdA EL REENCUENTRO\t<\/td>\n\t\t\t<td>311 2084156\t<\/td>\n\t\t\t<td>AVL N 21 \u2013 51\t<\/td>\n\t\t<\/tr>\n\t\t<tr>\n\t\t\t<td>PARADOR TUR\u00cdSTICO LA ESTACI\u00d3N\t<\/td>\n\t\t\t<td>3107859688\t<\/td>\n\t\t\t<td>AVL N 21 \u2013 27\t<\/td>\n\t\t<\/tr>\n\t\t<tr>\n\t\t\t<td>PARADOR TUR\u00cdSTICO SAN MIGUEL\t<\/td>\n\t\t\t<td>3114815544\t<\/td>\n\t\t\t<td>AVL N 18- 20\t<\/td>\n\t\t<\/tr>\n\t\t<tr>\n\t\t\t<td>PARADOR TUR\u00cdSTICO TRI\u00c1NGULO DORADO\t<\/td>\n\t\t\t<td>314 4936505\t<\/td>\n\t\t\t<td>AVL N 12 - 42\t<\/td>\n\t\t<\/tr>\n\t\t<tr>\n\t\t\t<td>PARADOR TUR\u00cdSTICO ORIENTAL\t<\/td>\n\t\t\t<td>313 3639006\t<\/td>\n\t\t\t<td>AVL N 21 \u2013 64\t<\/td>\n\t\t<\/tr>\n\t\t<tr>\n\t\t\t<td>PARADOR TUR\u00cdSTICO TRADICI\u00d3N Y SABOR\t<\/td>\n\t\t\t<td>3124624352\t<\/td>\n\t\t\t<td>AVL N 21 \u2013 48\t<\/td>\n\t\t<\/tr>\n\t\t<tr>\n\t\t\t<td>PARADOR TUR\u00cdSTICO EMMANUEL\t<\/td>\n\t\t\t<td>3108105004\t<\/td>\n\t\t\t<td>AVL N 20a \u2013 23\t<\/td>\n\t\t<\/tr>\n\t\t<tr>\n\t\t\t<td>PARADOR CAMI\t<\/td>\n\t\t\t<td>310 3010666\t<\/td>\n\t\t\t<td>AVL N 33\u2013 35\t<\/td>\n\t\t<\/tr>\n\t\t<tr>\n\t\t\t<td>PARADOR TUR\u00cdSTICO LA Y\t<\/td>\n\t\t\t<td>317 638224\t<\/td>\n\t\t\t<td>AVL N 33\u2013 49\t<\/td>\n\t\t<\/tr>\n\t\t<tr>\n\t\t\t<td>PARADOR TUR\u00cdSTICO EL ANTOJO\t<\/td>\n\t\t\t<td>038-7850070\t<\/td>\n\t\t\t<td>Cra 19 N 25\u2013 41\t<\/td>\n\t\t<\/tr>\n\t\t<tr>\n\t\t\t<td>PARADOR TUR\u00cdSTICO LA GRAN PARADA\t<\/td>\n\t\t\t<td>3103419538\t<\/td>\n\t\t\t<td>AVL N 33\u2013 64\t<\/td>\n\t\t<\/tr>\n\t\t<tr>\n\t\t\t<td>PARADOR TUR\u00cdSTICO GOLOSINAS LA VI\u00d1A\t<\/td>\n\t\t\t<td>038-7850030\t<\/td>\n\t\t\t<td>Cra 19 N 25\u2013 50\t<\/td>\n\t\t<\/tr>\n\t\t<tr>\n\t\t\t<td>PARADOR TUR\u00cdSTICO TISQUESUSA\t<\/td>\n\t\t\t<td>314 3447083\t<\/td>\n\t\t\t<td>AVL N 33\u2013 55\t<\/td>\n\t\t<\/tr>\n\t\t<tr>\n\t\t\t<td>PARADOR TUR\u00cdSTICO ANA MARIA AVELLANEDA\t<\/td>\n\t\t\t<td>3204156132\t<\/td>\n\t\t\t<td>AVL N 33\u2013 59\t<\/td>\n\t\t<\/tr>\n\t\t<tr>\n\t\t\t<td>PARADOR TUR\u00cdSTICO PANADERIA ALBA\t<\/td>\n\t\t\t<td>038- 7850070\t<\/td>\n\t\t\t<td>CRA 19 N 24 - 44\t<\/td>\n\t\t<\/tr>\n\t\t<tr>\n\t\t\t<td>PARADOR TUR\u00cdSTICO EL BANQUETE DE ORO\t<\/td>\n\t\t\t<td>312 4868130\t<\/td>\n\t\t\t<td>AVL N 25\u2013 43\t<\/td>\n\t\t<\/tr>\n\t\t<tr>\n\t\t\t<td>PARADOR TUR\u00cdSTICO ALMOJABANAS LA AVENIDA\t<\/td>\n\t\t\t<td>322 8985257\t<\/td>\n\t\t\t<td>AVL N 25\u2013 65\t<\/td>\n\t\t<\/tr>\n\t\t<tr>\n\t\t\t<td>PARADOR TUR\u00cdSTICO L\u00c1CTEOS CARTAGENA\t<\/td>\n\t\t\t<td>038- 7850416\t<\/td>\n\t\t\t<td>AVL N 32\u2013 00\t<\/td>\n\t\t<\/tr>\n\t\t<tr>\n\t\t\t<td>PARADOR TUR\u00cdSTICO CASA LOMA\t<\/td>\n\t\t\t<td>316 5425398\t<\/td>\n\t\t\t<td>AVL N 27\u2013 132\t<\/td>\n\t\t<\/tr>\n\t\t<tr>\n\t\t\t<td>PARADOR TUR\u00cdSTICO GOLOSINAS CARMELITTA\t<\/td>\n\t\t\t<td>313 481303\t<\/td>\n\t\t\t<td>AVL N 32\u2013 03\t<\/td>\n\t\t<\/tr>\n\t\t<tr>\n\t\t\t<td>PARADOR TUR\u00cdSTICO LOS ALPES\t<\/td>\n\t\t\t<td>038- 7850221\t<\/td>\n\t\t\t<td>AVL N 25\u2013 50\t<\/td>\n\t\t<\/tr>\n\t\t<tr>\n\t\t\t<td>PARADOR TUR\u00cdSTICO L . P\t<\/td>\n\t\t\t<td>312 5842068\t<\/td>\n\t\t\t<td>AVL N 28\u2013 134\t<\/td>\n\t\t<\/tr>\n\t\t<tr>\n\t\t\t<td>PARADOR TUR\u00cdSTICO PASTELER\u00cdA CAREY\t<\/td>\n\t\t\t<td>038-7850649\t<\/td>\n\t\t\t<td>Cll 25 N 21\u2013 14\t<\/td>\n\t\t<\/tr>\n\t\t<tr>\n\t\t\t<td>PARADOR TUR\u00cdSTICO LA MEJOR\t<\/td>\n\t\t\t<td>312 4487901\t<\/td>\n\t\t\t<td>Cll 25 N 23 \u2013 32\t<\/td>\n\t\t<\/tr>\n\t\t<tr>\n\t\t\t<td>PARADOR TUR\u00cdSTICO PANADER\u00cdA REAL BOYACENSE\t<\/td>\n\t\t\t<td>038-7853491\t<\/td>\n\t\t\t<td>Cll 25 N 23 \u2013 02\t<\/td>\n\t\t<\/tr>\n\t\t<tr>\n\t\t\t<td>PARADOR TUR\u00cdSTICO EL EDEN\t<\/td>\n\t\t\t<td>038-7850445\t<\/td>\n\t\t\t<td>Cll 25 N 23 \u2013 23\t<\/td>\n\t\t<\/tr>\n\t\t<tr>\n\t\t\t<td>PARADOR TUR\u00cdSTICO BOCADOS PAIPANOS\t<\/td>\n\t\t\t<td>312 4967877\t<\/td>\n\t\t\t<td>Nuevo Horizonte\t<\/td>\n\t\t<\/tr>\n\t\t<tr>\n\t\t\t<td>PARADOR TUR\u00cdSTICO DON MIGUEL\t<\/td>\n\t\t\t<td>038- 7850329\t<\/td>\n\t\t\t<td>Cra 18 N 23\u2013 02\t<\/td>\n\t\t<\/tr>\n\t\t<tr>\n\t\t\t<td>PARADOR TUR\u00cdSTICO TRIGOS\t<\/td>\n\t\t\t<td>038- 7850750\t<\/td>\n\t\t\t<td>Cll 25 N 19 \u2013 108\t<\/td>\n\t\t<\/tr>\n\t\t<tr>\n\t\t\t<td>PARADOR TUR\u00cdSTICO FABRICA LA 22\t<\/td>\n\t\t\t<td>312 4544475\t<\/td>\n\t\t\t<td>Cra 22 N 20\u2013 06\t<\/td>\n\t\t<\/tr>\n\t\t<tr>\n\t\t\t<td>PARADOR TUR\u00cdSTICO PANILANDIA\t<\/td>\n\t\t\t<td>312 8719122\t<\/td>\n\t\t\t<td>Cra 2 N 4\u2013 166\t<\/td>\n\t\t<\/tr>\n\t\t<tr>\n\t\t\t<td>PAIPAN\t<\/td>\n\t\t\t<td>038-7850665\t<\/td>\n\t\t\t<td>CRA 21 N 24- 50\t<\/td>\n\t\t<\/tr>\n\t<\/tbody>\n<\/table>\t\t<\/div>\n\t\t\t\t<\/div>\n\t\t\t\t\t<\/div>\n\t\t<\/div>\n\t\t\t\t\t\t\t<\/div>\n\t\t<\/section>\n\t\t\t\t\t\t\t<\/div>\n\t\t","protected":false},"excerpt":{"rendered":"<p>El municipio de Paipa cuenta con una gran cantidad de f\u00e1bricas de amasijos como las almoj\u00e1banas, mantecadas, pan de yucas y colaciones tambi\u00e9n los derivados de l\u00e1cteos como el queso Paipa y el kumis, el masato de arroz acompa\u00f1ado de canela molida. NOMBRE DEL ESTABLECIMIENTO TELEFONO DIRECCION PARADOR TUR\u00cdSTICO CAFETER\u00cdA EL REENCUENTRO 311 2084156 AVL&hellip; <a class=\"more-link\" href=\"https:\/\/datosysoluciones.com\/corpupaipa\/paradores-turisticos\/\">Seguir leyendo <span class=\"screen-reader-text\">Paradores Tur\u00edsticos<\/span><\/a><\/p>\n","protected":false},"author":1,"featured_media":0,"parent":0,"menu_order":0,"comment_status":"closed","ping_status":"closed","template":"elementor_header_footer","meta":{"footnotes":""},"yoast_head":"<!-- This site is optimized with the Yoast SEO plugin v19.12 - https:\/\/yoast.com\/wordpress\/plugins\/seo\/ -->\n<title>Paradores Tur\u00edsticos - Cortupaipa<\/title>\n<meta name=\"robots\" content=\"index, follow, max-snippet:-1, max-image-preview:large, max-video-preview:-1\" \/>\n<link rel=\"canonical\" href=\"https:\/\/datosysoluciones.com\/corpupaipa\/paradores-turisticos\/\" \/>\n<meta property=\"og:locale\" content=\"es_ES\" \/>\n<meta property=\"og:type\" content=\"article\" \/>\n<meta property=\"og:title\" content=\"Paradores Tur\u00edsticos - Cortupaipa\" \/>\n<meta property=\"og:description\" content=\"El municipio de Paipa cuenta con una gran cantidad de f\u00e1bricas de amasijos como las almoj\u00e1banas, mantecadas, pan de yucas y colaciones tambi\u00e9n los derivados de l\u00e1cteos como el queso Paipa y el kumis, el masato de arroz acompa\u00f1ado de canela molida. NOMBRE DEL ESTABLECIMIENTO TELEFONO DIRECCION PARADOR TUR\u00cdSTICO CAFETER\u00cdA EL REENCUENTRO 311 2084156 AVL&hellip; Seguir leyendo Paradores Tur\u00edsticos\" \/>\n<meta property=\"og:url\" content=\"https:\/\/datosysoluciones.com\/corpupaipa\/paradores-turisticos\/\" \/>\n<meta property=\"og:site_name\" content=\"Cortupaipa\" \/>\n<meta property=\"article:modified_time\" content=\"2022-12-26T18:33:15+00:00\" \/>\n<meta name=\"twitter:card\" content=\"summary_large_image\" \/>\n<meta name=\"twitter:label1\" content=\"Tiempo estimado de lectura\" \/>\n\t<meta name=\"twitter:data1\" content=\"2 minutos\" \/>\n<script type=\"application\/ld+json\" class=\"yoast-schema-graph\">{\"@context\":\"https:\/\/schema.org\",\"@graph\":[{\"@type\":\"WebPage\",\"@id\":\"https:\/\/datosysoluciones.com\/corpupaipa\/paradores-turisticos\/\",\"url\":\"https:\/\/datosysoluciones.com\/corpupaipa\/paradores-turisticos\/\",\"name\":\"Paradores Tur\u00edsticos - Cortupaipa\",\"isPartOf\":{\"@id\":\"https:\/\/datosysoluciones.com\/corpupaipa\/#website\"},\"datePublished\":\"2022-12-13T15:20:10+00:00\",\"dateModified\":\"2022-12-26T18:33:15+00:00\",\"breadcrumb\":{\"@id\":\"https:\/\/datosysoluciones.com\/corpupaipa\/paradores-turisticos\/#breadcrumb\"},\"inLanguage\":\"es-CO\",\"potentialAction\":[{\"@type\":\"ReadAction\",\"target\":[\"https:\/\/datosysoluciones.com\/corpupaipa\/paradores-turisticos\/\"]}]},{\"@type\":\"BreadcrumbList\",\"@id\":\"https:\/\/datosysoluciones.com\/corpupaipa\/paradores-turisticos\/#breadcrumb\",\"itemListElement\":[{\"@type\":\"ListItem\",\"position\":1,\"name\":\"Inicio\",\"item\":\"https:\/\/datosysoluciones.com\/corpupaipa\/\"},{\"@type\":\"ListItem\",\"position\":2,\"name\":\"Paradores Tur\u00edsticos\"}]},{\"@type\":\"WebSite\",\"@id\":\"https:\/\/datosysoluciones.com\/corpupaipa\/#website\",\"url\":\"https:\/\/datosysoluciones.com\/corpupaipa\/\",\"name\":\"Cortupaipa\",\"description\":\"Fondo Mixto de Promoci\u00f3n y Desarrollo Tur\u00edstico de Paipa\",\"publisher\":{\"@id\":\"https:\/\/datosysoluciones.com\/corpupaipa\/#organization\"},\"potentialAction\":[{\"@type\":\"SearchAction\",\"target\":{\"@type\":\"EntryPoint\",\"urlTemplate\":\"https:\/\/datosysoluciones.com\/corpupaipa\/?s={search_term_string}\"},\"query-input\":\"required name=search_term_string\"}],\"inLanguage\":\"es-CO\"},{\"@type\":\"Organization\",\"@id\":\"https:\/\/datosysoluciones.com\/corpupaipa\/#organization\",\"name\":\"Cortupaipa\",\"url\":\"https:\/\/datosysoluciones.com\/corpupaipa\/\",\"logo\":{\"@type\":\"ImageObject\",\"inLanguage\":\"es-CO\",\"@id\":\"https:\/\/datosysoluciones.com\/corpupaipa\/#\/schema\/logo\/image\/\",\"url\":\"https:\/\/datosysoluciones.com\/corpupaipa\/wp-content\/uploads\/2022\/10\/logo-cortupaipa-b.png\",\"contentUrl\":\"https:\/\/datosysoluciones.com\/corpupaipa\/wp-content\/uploads\/2022\/10\/logo-cortupaipa-b.png\",\"width\":320,\"height\":87,\"caption\":\"Cortupaipa\"},\"image\":{\"@id\":\"https:\/\/datosysoluciones.com\/corpupaipa\/#\/schema\/logo\/image\/\"}}]}<\/script>\n<!-- \/ Yoast SEO plugin. -->","yoast_head_json":{"title":"Paradores Tur\u00edsticos - Cortupaipa","robots":{"index":"index","follow":"follow","max-snippet":"max-snippet:-1","max-image-preview":"max-image-preview:large","max-video-preview":"max-video-preview:-1"},"canonical":"https:\/\/datosysoluciones.com\/corpupaipa\/paradores-turisticos\/","og_locale":"es_ES","og_type":"article","og_title":"Paradores Tur\u00edsticos - Cortupaipa","og_description":"El municipio de Paipa cuenta con una gran cantidad de f\u00e1bricas de amasijos como las almoj\u00e1banas, mantecadas, pan de yucas y colaciones tambi\u00e9n los derivados de l\u00e1cteos como el queso Paipa y el kumis, el masato de arroz acompa\u00f1ado de canela molida. NOMBRE DEL ESTABLECIMIENTO TELEFONO DIRECCION PARADOR TUR\u00cdSTICO CAFETER\u00cdA EL REENCUENTRO 311 2084156 AVL&hellip; Seguir leyendo Paradores Tur\u00edsticos","og_url":"https:\/\/datosysoluciones.com\/corpupaipa\/paradores-turisticos\/","og_site_name":"Cortupaipa","article_modified_time":"2022-12-26T18:33:15+00:00","twitter_card":"summary_large_image","twitter_misc":{"Tiempo estimado de lectura":"2 minutos"},"schema":{"@context":"https:\/\/schema.org","@graph":[{"@type":"WebPage","@id":"https:\/\/datosysoluciones.com\/corpupaipa\/paradores-turisticos\/","url":"https:\/\/datosysoluciones.com\/corpupaipa\/paradores-turisticos\/","name":"Paradores Tur\u00edsticos - Cortupaipa","isPartOf":{"@id":"https:\/\/datosysoluciones.com\/corpupaipa\/#website"},"datePublished":"2022-12-13T15:20:10+00:00","dateModified":"2022-12-26T18:33:15+00:00","breadcrumb":{"@id":"https:\/\/datosysoluciones.com\/corpupaipa\/paradores-turisticos\/#breadcrumb"},"inLanguage":"es-CO","potentialAction":[{"@type":"ReadAction","target":["https:\/\/datosysoluciones.com\/corpupaipa\/paradores-turisticos\/"]}]},{"@type":"BreadcrumbList","@id":"https:\/\/datosysoluciones.com\/corpupaipa\/paradores-turisticos\/#breadcrumb","itemListElement":[{"@type":"ListItem","position":1,"name":"Inicio","item":"https:\/\/datosysoluciones.com\/corpupaipa\/"},{"@type":"ListItem","position":2,"name":"Paradores Tur\u00edsticos"}]},{"@type":"WebSite","@id":"https:\/\/datosysoluciones.com\/corpupaipa\/#website","url":"https:\/\/datosysoluciones.com\/corpupaipa\/","name":"Cortupaipa","description":"Fondo Mixto de Promoci\u00f3n y Desarrollo Tur\u00edstico de Paipa","publisher":{"@id":"https:\/\/datosysoluciones.com\/corpupaipa\/#organization"},"potentialAction":[{"@type":"SearchAction","target":{"@type":"EntryPoint","urlTemplate":"https:\/\/datosysoluciones.com\/corpupaipa\/?s={search_term_string}"},"query-input":"required name=search_term_string"}],"inLanguage":"es-CO"},{"@type":"Organization","@id":"https:\/\/datosysoluciones.com\/corpupaipa\/#organization","name":"Cortupaipa","url":"https:\/\/datosysoluciones.com\/corpupaipa\/","logo":{"@type":"ImageObject","inLanguage":"es-CO","@id":"https:\/\/datosysoluciones.com\/corpupaipa\/#\/schema\/logo\/image\/","url":"https:\/\/datosysoluciones.com\/corpupaipa\/wp-content\/uploads\/2022\/10\/logo-cortupaipa-b.png","contentUrl":"https:\/\/datosysoluciones.com\/corpupaipa\/wp-content\/uploads\/2022\/10\/logo-cortupaipa-b.png","width":320,"height":87,"caption":"Cortupaipa"},"image":{"@id":"https:\/\/datosysoluciones.com\/corpupaipa\/#\/schema\/logo\/image\/"}}]}},"_links":{"self":[{"href":"https:\/\/datosysoluciones.com\/corpupaipa\/wp-json\/wp\/v2\/pages\/696"}],"collection":[{"href":"https:\/\/datosysoluciones.com\/corpupaipa\/wp-json\/wp\/v2\/pages"}],"about":[{"href":"https:\/\/datosysoluciones.com\/corpupaipa\/wp-json\/wp\/v2\/types\/page"}],"author":[{"embeddable":true,"href":"https:\/\/datosysoluciones.com\/corpupaipa\/wp-json\/wp\/v2\/users\/1"}],"replies":[{"embeddable":true,"href":"https:\/\/datosysoluciones.com\/corpupaipa\/wp-json\/wp\/v2\/comments?post=696"}],"version-history":[{"count":16,"href":"https:\/\/datosysoluciones.com\/corpupaipa\/wp-json\/wp\/v2\/pages\/696\/revisions"}],"predecessor-version":[{"id":1593,"href":"https:\/\/datosysoluciones.com\/corpupaipa\/wp-json\/wp\/v2\/pages\/696\/revisions\/1593"}],"wp:attachment":[{"href":"https:\/\/datosysoluciones.com\/corpupaipa\/wp-json\/wp\/v2\/media?parent=696"}],"curies":[{"name":"wp","href":"https:\/\/api.w.org\/{rel}","templated":true}]}}